{"id":6281,"date":"2022-02-07T21:36:08","date_gmt":"2022-02-07T19:36:08","guid":{"rendered":"https:\/\/www.ccmboutique.ro\/?post_type=product&#038;p=6281"},"modified":"2024-02-20T15:44:41","modified_gmt":"2024-02-20T13:44:41","slug":"jacheta-papagal-negru-aurie","status":"publish","type":"product","link":"https:\/\/www.ccmboutique.ro\/ro\/shop\/jacheta-papagal-negru-aurie\/","title":{"rendered":"Jacheta PARROT Gold"},"content":{"rendered":"","protected":false},"excerpt":{"rendered":"<p class=\"p1\">O jachet\u0103 din piele rafinat\u0103, conceput\u0103 pentru a te face s\u0103 ar\u0103\u021bi fermec\u0103toare \u0219i elegant\u0103 la fiecare pas pe care \u00eel faci. Fabricata din materiale de cea mai bun\u0103 calitate.<span class=\"Apple-converted-space\">  <\/span>din piele, aceast\u0103 jachet\u0103 te va scoate cu siguran\u021b\u0103 \u00een eviden\u021b\u0103 din mul\u021bime.<\/p>\n<p class=\"p1\">Fiecare produs este realizat manual cu piele 100% natural\u0103.<\/p>\n<p class=\"p1\"><span class=\"Apple-converted-space\">Clien\u021bii no\u0219tri, care doresc s\u0103 beneficieze de servicii de comand\u0103 personalizate, ne pot contacta la 0040766914884 \/ 0040766914901\u0219i vor avea produse care vor fi realizate cu meticulozitate pentru ei.<\/span><\/p>\n","protected":false},"featured_media":5523798,"comment_status":"closed","ping_status":"closed","template":"","meta":[],"product_cat":[444,453],"product_tag":[],"class_list":["post-6281","product","type-product","status-publish","has-post-thumbnail","hentry","product_cat-femei-2","product_cat-jachete-din-piele-naturala"],"acf":[],"_links":{"self":[{"href":"https:\/\/www.ccmboutique.ro\/ro\/wp-json\/wp\/v2\/product\/6281","targetHints":{"allow":["GET"]}}],"collection":[{"href":"https:\/\/www.ccmboutique.ro\/ro\/wp-json\/wp\/v2\/product"}],"about":[{"href":"https:\/\/www.ccmboutique.ro\/ro\/wp-json\/wp\/v2\/types\/product"}],"replies":[{"embeddable":true,"href":"https:\/\/www.ccmboutique.ro\/ro\/wp-json\/wp\/v2\/comments?post=6281"}],"version-history":[{"count":1,"href":"https:\/\/www.ccmboutique.ro\/ro\/wp-json\/wp\/v2\/product\/6281\/revisions"}],"predecessor-version":[{"id":5525238,"href":"https:\/\/www.ccmboutique.ro\/ro\/wp-json\/wp\/v2\/product\/6281\/revisions\/5525238"}],"wp:featuredmedia":[{"embeddable":true,"href":"https:\/\/www.ccmboutique.ro\/ro\/wp-json\/wp\/v2\/media\/5523798"}],"wp:attachment":[{"href":"https:\/\/www.ccmboutique.ro\/ro\/wp-json\/wp\/v2\/media?parent=6281"}],"wp:term":[{"taxonomy":"product_cat","embeddable":true,"href":"https:\/\/www.ccmboutique.ro\/ro\/wp-json\/wp\/v2\/product_cat?post=6281"},{"taxonomy":"product_tag","embeddable":true,"href":"https:\/\/www.ccmboutique.ro\/ro\/wp-json\/wp\/v2\/product_tag?post=6281"}],"curies":[{"name":"wp","href":"https:\/\/api.w.org\/{rel}","templated":true}]}}