{"id":6259,"date":"2022-02-07T18:01:54","date_gmt":"2022-02-07T16:01:54","guid":{"rendered":"https:\/\/www.ccmboutique.ro\/?post_type=product&#038;p=6259"},"modified":"2024-02-20T15:44:28","modified_gmt":"2024-02-20T13:44:28","slug":"monet-maro-jumbo-jacheta-de-piele","status":"publish","type":"product","link":"https:\/\/www.ccmboutique.ro\/ro\/shop\/monet-maro-jumbo-jacheta-de-piele\/","title":{"rendered":"Jacheta MONET Jumbo"},"content":{"rendered":"","protected":false},"excerpt":{"rendered":"<p class=\"p1\">Poate fi f\u0103cuta la comand\u0103 pe orice m\u0103sur\u0103, disponibila \u00een mai multe culori.<\/p>\n<p class=\"p1\">Folosim doar materiale \u0219i accesorii de cea mai bun\u0103 calitate, \u00eencerc\u00e2nd mereu s\u0103 cre\u0103m idei interesante pentru a v\u0103 face stilul unic, personalizat, calitate superioar\u0103.<\/p>\n<p class=\"p1\"><span class=\"Apple-converted-space\">Clien\u021bii no\u0219tri, care doresc s\u0103 beneficieze de servicii de comand\u0103 personalizate, ne pot contacta la 0040766914884 \/ 0040766914901\u0219i vor avea produse care vor fi realizate cu meticulozitate pentru ei.<\/span><\/p>\n<p class=\"p1\">\n","protected":false},"featured_media":5523697,"comment_status":"closed","ping_status":"closed","template":"","meta":[],"product_cat":[444,453],"product_tag":[],"class_list":["post-6259","product","type-product","status-publish","has-post-thumbnail","hentry","product_cat-femei-2","product_cat-jachete-din-piele-naturala"],"acf":[],"_links":{"self":[{"href":"https:\/\/www.ccmboutique.ro\/ro\/wp-json\/wp\/v2\/product\/6259","targetHints":{"allow":["GET"]}}],"collection":[{"href":"https:\/\/www.ccmboutique.ro\/ro\/wp-json\/wp\/v2\/product"}],"about":[{"href":"https:\/\/www.ccmboutique.ro\/ro\/wp-json\/wp\/v2\/types\/product"}],"replies":[{"embeddable":true,"href":"https:\/\/www.ccmboutique.ro\/ro\/wp-json\/wp\/v2\/comments?post=6259"}],"version-history":[{"count":1,"href":"https:\/\/www.ccmboutique.ro\/ro\/wp-json\/wp\/v2\/product\/6259\/revisions"}],"predecessor-version":[{"id":5525232,"href":"https:\/\/www.ccmboutique.ro\/ro\/wp-json\/wp\/v2\/product\/6259\/revisions\/5525232"}],"wp:featuredmedia":[{"embeddable":true,"href":"https:\/\/www.ccmboutique.ro\/ro\/wp-json\/wp\/v2\/media\/5523697"}],"wp:attachment":[{"href":"https:\/\/www.ccmboutique.ro\/ro\/wp-json\/wp\/v2\/media?parent=6259"}],"wp:term":[{"taxonomy":"product_cat","embeddable":true,"href":"https:\/\/www.ccmboutique.ro\/ro\/wp-json\/wp\/v2\/product_cat?post=6259"},{"taxonomy":"product_tag","embeddable":true,"href":"https:\/\/www.ccmboutique.ro\/ro\/wp-json\/wp\/v2\/product_tag?post=6259"}],"curies":[{"name":"wp","href":"https:\/\/api.w.org\/{rel}","templated":true}]}}