{"id":6251,"date":"2022-02-07T18:26:55","date_gmt":"2022-02-07T16:26:55","guid":{"rendered":"https:\/\/www.ccmboutique.ro\/?post_type=product&#038;p=6251"},"modified":"2025-12-14T15:43:45","modified_gmt":"2025-12-14T13:43:45","slug":"carola-negru-pieton-casca-pieton","status":"publish","type":"product","link":"https:\/\/www.ccmboutique.ro\/ro\/shop\/carola-negru-pieton-casca-pieton\/","title":{"rendered":"Jacheta CAROLA Python"},"content":{"rendered":"","protected":false},"excerpt":{"rendered":"<p>Jachet\u0103 din piele natural\u0103 de piton exotic\u0103, lucrat\u0103 manual, accesorizat\u0103 cu \u021binte, design personalizat.<br \/>Multe dintre modelele noastre sunt disponibile doar prin precomand\u0103 \u2013 create special pentru tine, nu sunt produse \u00een serie.<br \/>Detalii la alegere: culoare, materiale, nasturi, guler, buzunare.<br \/>Croial\u0103 personalizat\u0103 pentru umeri, bust, talie, \u0219olduri \u0219i lungime.<br \/>Jachetele vor fi confec\u021bionate exclusiv pentru tine.<br \/>Odat\u0103 cu plasarea comenzii, piesa vestimentar\u0103 este rezervat\u0103, croit\u0103 \u0219i livrat\u0103 \u00een termen de 12-15 zile lucr\u0103toare.<br \/>Consulta\u021bie individual\u0103 prin WhatsApp, imediat dup\u0103 plasarea comenzii.<\/p>\n","protected":false},"featured_media":5523707,"comment_status":"closed","ping_status":"closed","template":"","meta":[],"product_cat":[443,444,451],"product_tag":[],"class_list":["post-6251","product","type-product","status-publish","has-post-thumbnail","hentry","product_cat-editii-de-lux-2","product_cat-femei-2","product_cat-jachete-din-piele-de-piton"],"acf":[],"_links":{"self":[{"href":"https:\/\/www.ccmboutique.ro\/ro\/wp-json\/wp\/v2\/product\/6251","targetHints":{"allow":["GET"]}}],"collection":[{"href":"https:\/\/www.ccmboutique.ro\/ro\/wp-json\/wp\/v2\/product"}],"about":[{"href":"https:\/\/www.ccmboutique.ro\/ro\/wp-json\/wp\/v2\/types\/product"}],"replies":[{"embeddable":true,"href":"https:\/\/www.ccmboutique.ro\/ro\/wp-json\/wp\/v2\/comments?post=6251"}],"version-history":[{"count":2,"href":"https:\/\/www.ccmboutique.ro\/ro\/wp-json\/wp\/v2\/product\/6251\/revisions"}],"predecessor-version":[{"id":5542820,"href":"https:\/\/www.ccmboutique.ro\/ro\/wp-json\/wp\/v2\/product\/6251\/revisions\/5542820"}],"wp:featuredmedia":[{"embeddable":true,"href":"https:\/\/www.ccmboutique.ro\/ro\/wp-json\/wp\/v2\/media\/5523707"}],"wp:attachment":[{"href":"https:\/\/www.ccmboutique.ro\/ro\/wp-json\/wp\/v2\/media?parent=6251"}],"wp:term":[{"taxonomy":"product_cat","embeddable":true,"href":"https:\/\/www.ccmboutique.ro\/ro\/wp-json\/wp\/v2\/product_cat?post=6251"},{"taxonomy":"product_tag","embeddable":true,"href":"https:\/\/www.ccmboutique.ro\/ro\/wp-json\/wp\/v2\/product_tag?post=6251"}],"curies":[{"name":"wp","href":"https:\/\/api.w.org\/{rel}","templated":true}]}}