{"id":6247,"date":"2022-02-07T21:48:21","date_gmt":"2022-02-07T19:48:21","guid":{"rendered":"https:\/\/www.ccmboutique.ro\/?post_type=product&#038;p=6247"},"modified":"2024-02-20T15:44:19","modified_gmt":"2024-02-20T13:44:19","slug":"tiziana-jacheta-de-piele-neagra-cu-pietre-argintii","status":"publish","type":"product","link":"https:\/\/www.ccmboutique.ro\/ro\/shop\/tiziana-jacheta-de-piele-neagra-cu-pietre-argintii\/","title":{"rendered":"Jacheta TIZIANA"},"content":{"rendered":"","protected":false},"excerpt":{"rendered":"<p class=\"p1\">Poate fi f\u0103cuta la comand\u0103 pe orice m\u0103sur\u0103, disponibila \u00een mai multe culori.<\/p>\n<p class=\"p1\">Fabricata din piele de calitate superioar\u0103.<\/p>\n<p class=\"p2\"><span class=\"Apple-converted-space\">Clien\u021bii no\u0219tri, care doresc s\u0103 beneficieze de servicii de comand\u0103 personalizate, ne pot contacta la 0040766914884 \/ 0040766914901\u0219i vor avea produse care vor fi realizate cu meticulozitate pentru ei.<\/span><\/p>\n","protected":false},"featured_media":5528429,"comment_status":"closed","ping_status":"closed","template":"","meta":[],"product_cat":[444,453],"product_tag":[],"class_list":["post-6247","product","type-product","status-publish","has-post-thumbnail","hentry","product_cat-femei-2","product_cat-jachete-din-piele-naturala"],"acf":[],"_links":{"self":[{"href":"https:\/\/www.ccmboutique.ro\/ro\/wp-json\/wp\/v2\/product\/6247","targetHints":{"allow":["GET"]}}],"collection":[{"href":"https:\/\/www.ccmboutique.ro\/ro\/wp-json\/wp\/v2\/product"}],"about":[{"href":"https:\/\/www.ccmboutique.ro\/ro\/wp-json\/wp\/v2\/types\/product"}],"replies":[{"embeddable":true,"href":"https:\/\/www.ccmboutique.ro\/ro\/wp-json\/wp\/v2\/comments?post=6247"}],"version-history":[{"count":1,"href":"https:\/\/www.ccmboutique.ro\/ro\/wp-json\/wp\/v2\/product\/6247\/revisions"}],"predecessor-version":[{"id":5525223,"href":"https:\/\/www.ccmboutique.ro\/ro\/wp-json\/wp\/v2\/product\/6247\/revisions\/5525223"}],"wp:featuredmedia":[{"embeddable":true,"href":"https:\/\/www.ccmboutique.ro\/ro\/wp-json\/wp\/v2\/media\/5528429"}],"wp:attachment":[{"href":"https:\/\/www.ccmboutique.ro\/ro\/wp-json\/wp\/v2\/media?parent=6247"}],"wp:term":[{"taxonomy":"product_cat","embeddable":true,"href":"https:\/\/www.ccmboutique.ro\/ro\/wp-json\/wp\/v2\/product_cat?post=6247"},{"taxonomy":"product_tag","embeddable":true,"href":"https:\/\/www.ccmboutique.ro\/ro\/wp-json\/wp\/v2\/product_tag?post=6247"}],"curies":[{"name":"wp","href":"https:\/\/api.w.org\/{rel}","templated":true}]}}