{"id":6245,"date":"2022-02-03T22:34:09","date_gmt":"2022-02-03T20:34:09","guid":{"rendered":"https:\/\/www.ccmboutique.ro\/?post_type=product&#038;p=6245"},"modified":"2024-02-20T15:44:17","modified_gmt":"2024-02-20T13:44:17","slug":"jakov-crocodil-jacheta","status":"publish","type":"product","link":"https:\/\/www.ccmboutique.ro\/ro\/shop\/jakov-crocodil-jacheta\/","title":{"rendered":"Jacheta din piele de crocodil YAKOV"},"content":{"rendered":"","protected":false},"excerpt":{"rendered":"<p class=\"p1\">Clasic de lux , autentic 100% , piele de crocodil exotic.<\/p>\n<p>Cele mai bune lucruri \u00een via\u021b\u0103 sunt gratis. Urmatoarele sunt foarte scumpe.<\/p>\n<p>Pielea de crocodil este considerat\u0103 un articol de lux folosit de m\u0103rcile de mod\u0103 \u00eenalt\u0103.<\/p>\n<p>Ca material, pielea de crocodil este rar\u0103 \u0219i scump\u0103 din cauza num\u0103rului limitat de crocodili.<\/p>\n<p class=\"p1\">Articolele de \u00eembr\u0103c\u0103minte din piele de crocodil sunt purtabile mai mult de 30 de ani \u0219i \u00eenc\u0103 arat\u0103 ca noi, investi\u021bi \u00een bunuri atemporale cu CCM.<\/p>\n<p class=\"p1\">V\u0103 pute\u021bi bucura de un serviciu privilegiat de croitorie individual\u0103.<\/p>\n<p class=\"p1\">Jachetele vor fi fabricate exclusiv pentru dumneavoastr\u0103: de la modelul potrivit pentru silueta dumneavoastr\u0103 p\u00e2n\u0103 la tonul \u0219i textura.<\/p>\n<p class=\"p1\">Un produs exclusivist va flata silueta \u0219i va reflecta stilul t\u0103u.<\/p>\n<p class=\"p1\">Pentru cur\u0103\u021bare, trimite\u021bi jacheta la un centru de cur\u0103\u021bare specializat \u00een cur\u0103\u021barea pielii.<\/p>\n<p class=\"p1\">Pentru un serviciu de comand\u0103 personalizat \u0219i mai multe detalii ne pute\u021bi contacta la numerele de telefon 0040766914884 \/ 0040766914901 \u0219i ve\u021bi avea produse care vor fi realizate cu minu\u021biozitate pentru dvs.<\/p>\n","protected":false},"featured_media":5528633,"comment_status":"closed","ping_status":"closed","template":"","meta":[],"product_cat":[436,443,438],"product_tag":[],"class_list":["post-6245","product","type-product","status-publish","has-post-thumbnail","hentry","product_cat-barbati-2","product_cat-editii-de-lux-2","product_cat-jachete-din-piele-de-crocodil-2"],"acf":[],"_links":{"self":[{"href":"https:\/\/www.ccmboutique.ro\/ro\/wp-json\/wp\/v2\/product\/6245","targetHints":{"allow":["GET"]}}],"collection":[{"href":"https:\/\/www.ccmboutique.ro\/ro\/wp-json\/wp\/v2\/product"}],"about":[{"href":"https:\/\/www.ccmboutique.ro\/ro\/wp-json\/wp\/v2\/types\/product"}],"replies":[{"embeddable":true,"href":"https:\/\/www.ccmboutique.ro\/ro\/wp-json\/wp\/v2\/comments?post=6245"}],"version-history":[{"count":1,"href":"https:\/\/www.ccmboutique.ro\/ro\/wp-json\/wp\/v2\/product\/6245\/revisions"}],"predecessor-version":[{"id":5525222,"href":"https:\/\/www.ccmboutique.ro\/ro\/wp-json\/wp\/v2\/product\/6245\/revisions\/5525222"}],"wp:featuredmedia":[{"embeddable":true,"href":"https:\/\/www.ccmboutique.ro\/ro\/wp-json\/wp\/v2\/media\/5528633"}],"wp:attachment":[{"href":"https:\/\/www.ccmboutique.ro\/ro\/wp-json\/wp\/v2\/media?parent=6245"}],"wp:term":[{"taxonomy":"product_cat","embeddable":true,"href":"https:\/\/www.ccmboutique.ro\/ro\/wp-json\/wp\/v2\/product_cat?post=6245"},{"taxonomy":"product_tag","embeddable":true,"href":"https:\/\/www.ccmboutique.ro\/ro\/wp-json\/wp\/v2\/product_tag?post=6245"}],"curies":[{"name":"wp","href":"https:\/\/api.w.org\/{rel}","templated":true}]}}