{"id":6242,"date":"2022-02-03T23:54:14","date_gmt":"2022-02-03T21:54:14","guid":{"rendered":"https:\/\/www.ccmboutique.ro\/?post_type=product&#038;p=6242"},"modified":"2024-02-23T11:57:45","modified_gmt":"2024-02-23T09:57:45","slug":"aronne-giaca-parka-piele","status":"publish","type":"product","link":"https:\/\/www.ccmboutique.ro\/ro\/shop\/aronne-giaca-parka-piele\/","title":{"rendered":"Jachet\u0103 parka imblanita ARONNE"},"content":{"rendered":"","protected":false},"excerpt":{"rendered":"<p>\u00cenvioreaz\u0103-\u021bi look-ul cu jacheta noastr\u0103 de parka din piele.<\/p>\n<p>Pentru a \u00eenvinge frigul cu stil, aceasta este \u00eembr\u0103c\u0103mintea de iarn\u0103 perfect\u0103, jacheta perfect\u0103 pentru zilele prea friguroase de iarn\u0103 cu z\u0103pad\u0103.<\/p>\n<p>Cald \u0219i confortabil, ideal pentru climatele reci \u0219i aspre.<\/p>\n<p class=\"p1\"><span class=\"Apple-converted-space\">Clien\u021bii no\u0219tri, care doresc s\u0103 beneficieze de un serviciu de comand\u0103 personalizat, pot contacta magazinele noastre la numerele de telefon 0040766914884 \/ 0040766914901\u0219i vor primi produse care vor fi realizate cu meticulozitate pentru ei.<\/span><\/p>\n","protected":false},"featured_media":5528652,"comment_status":"closed","ping_status":"closed","template":"","meta":[],"product_cat":[436,442],"product_tag":[],"class_list":["post-6242","product","type-product","status-publish","has-post-thumbnail","hentry","product_cat-barbati-2","product_cat-jachete-parka-2"],"acf":[],"_links":{"self":[{"href":"https:\/\/www.ccmboutique.ro\/ro\/wp-json\/wp\/v2\/product\/6242","targetHints":{"allow":["GET"]}}],"collection":[{"href":"https:\/\/www.ccmboutique.ro\/ro\/wp-json\/wp\/v2\/product"}],"about":[{"href":"https:\/\/www.ccmboutique.ro\/ro\/wp-json\/wp\/v2\/types\/product"}],"replies":[{"embeddable":true,"href":"https:\/\/www.ccmboutique.ro\/ro\/wp-json\/wp\/v2\/comments?post=6242"}],"version-history":[{"count":1,"href":"https:\/\/www.ccmboutique.ro\/ro\/wp-json\/wp\/v2\/product\/6242\/revisions"}],"predecessor-version":[{"id":5525221,"href":"https:\/\/www.ccmboutique.ro\/ro\/wp-json\/wp\/v2\/product\/6242\/revisions\/5525221"}],"wp:featuredmedia":[{"embeddable":true,"href":"https:\/\/www.ccmboutique.ro\/ro\/wp-json\/wp\/v2\/media\/5528652"}],"wp:attachment":[{"href":"https:\/\/www.ccmboutique.ro\/ro\/wp-json\/wp\/v2\/media?parent=6242"}],"wp:term":[{"taxonomy":"product_cat","embeddable":true,"href":"https:\/\/www.ccmboutique.ro\/ro\/wp-json\/wp\/v2\/product_cat?post=6242"},{"taxonomy":"product_tag","embeddable":true,"href":"https:\/\/www.ccmboutique.ro\/ro\/wp-json\/wp\/v2\/product_tag?post=6242"}],"curies":[{"name":"wp","href":"https:\/\/api.w.org\/{rel}","templated":true}]}}