{"id":6230,"date":"2022-02-02T21:28:25","date_gmt":"2022-02-02T19:28:25","guid":{"rendered":"https:\/\/www.ccmboutique.ro\/?post_type=product&#038;p=6230"},"modified":"2025-12-15T21:16:50","modified_gmt":"2025-12-15T19:16:50","slug":"malina-fur-coat","status":"publish","type":"product","link":"https:\/\/www.ccmboutique.ro\/ro\/shop\/malina-fur-coat\/","title":{"rendered":"Haina MALINA"},"content":{"rendered":"","protected":false},"excerpt":{"rendered":"<p id=\"tw-target-text\" class=\"tw-data-text tw-text-large tw-ta\" dir=\"ltr\" tabindex=\"-1\" role=\"text\" data-placeholder=\"Traducere\" data-ved=\"2ahUKEwjojPKcyr2RAxWfRv4FHTp0Hs8Q3ewLegQIDBAW\" aria-label=\"Text tradus: This coat is made of alcantara, accessorized with fox fur. Alcantara has a soft and pleasant texture to the touch, providing comfort and warmth. It is an oversized model, very trendy, offering increased comfort and freedom of movement. This style is ideal for creating relaxed and modern outfits. It is equipped with a drawstring at the waist for an elegant fit, and the closure system is made with the help of snaps. It is lined with satin and has 2 side pockets. Alcantara may require specialized cleaning, and natural fur should be cared for to preserve its appearance and texture.\"><span class=\"Y2IQFc\" lang=\"en\">Aceasta haina este confectionata din alcantara, accesorizata cu blana de vulpe.<\/span><\/p>\n<p class=\"tw-data-text tw-text-large tw-ta\" dir=\"ltr\" tabindex=\"-1\" role=\"text\" data-placeholder=\"Traducere\" data-ved=\"2ahUKEwjojPKcyr2RAxWfRv4FHTp0Hs8Q3ewLegQIDBAW\" aria-label=\"Text tradus: This coat is made of alcantara, accessorized with fox fur. Alcantara has a soft and pleasant texture to the touch, providing comfort and warmth. It is an oversized model, very trendy, offering increased comfort and freedom of movement. This style is ideal for creating relaxed and modern outfits. It is equipped with a drawstring at the waist for an elegant fit, and the closure system is made with the help of snaps. It is lined with satin and has 2 side pockets. Alcantara may require specialized cleaning, and natural fur should be cared for to preserve its appearance and texture.\"><span class=\"Y2IQFc\" lang=\"en\">Alcantara are o textur\u0103 moale \u0219i pl\u0103cut\u0103 la atingere, oferind confort \u0219i c\u0103ldur\u0103.<\/span><\/p>\n<p class=\"tw-data-text tw-text-large tw-ta\" dir=\"ltr\" tabindex=\"-1\" role=\"text\" data-placeholder=\"Traducere\" data-ved=\"2ahUKEwjojPKcyr2RAxWfRv4FHTp0Hs8Q3ewLegQIDBAW\" aria-label=\"Text tradus: This coat is made of alcantara, accessorized with fox fur. Alcantara has a soft and pleasant texture to the touch, providing comfort and warmth. It is an oversized model, very trendy, offering increased comfort and freedom of movement. This style is ideal for creating relaxed and modern outfits. It is equipped with a drawstring at the waist for an elegant fit, and the closure system is made with the help of snaps. It is lined with satin and has 2 side pockets. Alcantara may require specialized cleaning, and natural fur should be cared for to preserve its appearance and texture.\"><span class=\"Y2IQFc\" lang=\"en\">Este un model oversize, foarte \u00een trend, oferind un confort sporit \u0219i libertate de mi\u0219care.<\/span><\/p>\n<p class=\"tw-data-text tw-text-large tw-ta\" dir=\"ltr\" tabindex=\"-1\" role=\"text\" data-placeholder=\"Traducere\" data-ved=\"2ahUKEwjojPKcyr2RAxWfRv4FHTp0Hs8Q3ewLegQIDBAW\" aria-label=\"Text tradus: This coat is made of alcantara, accessorized with fox fur. Alcantara has a soft and pleasant texture to the touch, providing comfort and warmth. It is an oversized model, very trendy, offering increased comfort and freedom of movement. This style is ideal for creating relaxed and modern outfits. It is equipped with a drawstring at the waist for an elegant fit, and the closure system is made with the help of snaps. It is lined with satin and has 2 side pockets. Alcantara may require specialized cleaning, and natural fur should be cared for to preserve its appearance and texture.\"><span class=\"Y2IQFc\" lang=\"en\">Acest stil este ideal pentru a crea \u021binute relaxate \u0219i moderne.<\/span><\/p>\n<p class=\"tw-data-text tw-text-large tw-ta\" dir=\"ltr\" tabindex=\"-1\" role=\"text\" data-placeholder=\"Traducere\" data-ved=\"2ahUKEwjojPKcyr2RAxWfRv4FHTp0Hs8Q3ewLegQIDBAW\" aria-label=\"Text tradus: This coat is made of alcantara, accessorized with fox fur. Alcantara has a soft and pleasant texture to the touch, providing comfort and warmth. It is an oversized model, very trendy, offering increased comfort and freedom of movement. This style is ideal for creating relaxed and modern outfits. It is equipped with a drawstring at the waist for an elegant fit, and the closure system is made with the help of snaps. It is lined with satin and has 2 side pockets. Alcantara may require specialized cleaning, and natural fur should be cared for to preserve its appearance and texture.\"><span class=\"Y2IQFc\" lang=\"en\">Este prevazuta cu un cordon in talie pentru o cambrare eleganta, iar sistemul de inchidere se face <br \/>cu ajutorul capselor.<\/span><\/p>\n<p class=\"tw-data-text tw-text-large tw-ta\" dir=\"ltr\" tabindex=\"-1\" role=\"text\" data-placeholder=\"Traducere\" data-ved=\"2ahUKEwjojPKcyr2RAxWfRv4FHTp0Hs8Q3ewLegQIDBAW\" aria-label=\"Text tradus: This coat is made of alcantara, accessorized with fox fur. Alcantara has a soft and pleasant texture to the touch, providing comfort and warmth. It is an oversized model, very trendy, offering increased comfort and freedom of movement. This style is ideal for creating relaxed and modern outfits. It is equipped with a drawstring at the waist for an elegant fit, and the closure system is made with the help of snaps. It is lined with satin and has 2 side pockets. Alcantara may require specialized cleaning, and natural fur should be cared for to preserve its appearance and texture.\"><span class=\"Y2IQFc\" lang=\"en\">Este captusita cu saten si dispune de 2 buzunare laterale.<\/span><\/p>\n<p class=\"tw-data-text tw-text-large tw-ta\" dir=\"ltr\" tabindex=\"-1\" role=\"text\" data-placeholder=\"Traducere\" data-ved=\"2ahUKEwjojPKcyr2RAxWfRv4FHTp0Hs8Q3ewLegQIDBAW\" aria-label=\"Text tradus: This coat is made of alcantara, accessorized with fox fur. Alcantara has a soft and pleasant texture to the touch, providing comfort and warmth. It is an oversized model, very trendy, offering increased comfort and freedom of movement. This style is ideal for creating relaxed and modern outfits. It is equipped with a drawstring at the waist for an elegant fit, and the closure system is made with the help of snaps. It is lined with satin and has 2 side pockets. Alcantara may require specialized cleaning, and natural fur should be cared for to preserve its appearance and texture.\"><span class=\"Y2IQFc\" lang=\"en\">Alcantara poate necesita o cur\u0103\u021bare specializat\u0103, iar blana natural\u0103 ar trebui \u00eengrijit\u0103 pentru a-\u0219i p\u0103stra aspectul \u0219i textura.<\/span><\/p>\n<p class=\"p1\">Poate fi u\u0219or de asortat cu aproape orice tip de \u021binut\u0103, fie c\u0103 este vorba de o \u021binut\u0103 sport sau una elegant\u0103.<\/p>\n<p class=\"p1\">Design personalizabil &#8211; culoare, dimensiune, lungime, detalii.<\/p>\n<p class=\"tw-data-text tw-text-large tw-ta\" dir=\"ltr\" data-placeholder=\"Traducere\" data-ved=\"2ahUKEwjszYKSn-uKAxU0KBAIHbScEGMQ3ewLegQIDRAU\" aria-label=\"Text tradus: Simplicity, elegance, perfection. Discover the premium natural leather coat, a statement piece that never goes out of style. The impeccable cut, made to order to perfectly fit your figure, combines luxury with timelessness. Materials of the highest quality. Customizable design \u2013 color, size, details. Created especially for you, with attention to every stitch. Contact us for a unique order and let's define your style! Delivery anywhere!\"><span class=\"Y2IQFc\" lang=\"en\">Contacta\u021bi-ne pentru o comand\u0103 unic\u0103 \u0219i haide\u021bi s\u0103 v\u0103 defini\u021bi stilul!<\/span><\/p>\n<p class=\"tw-data-text tw-text-large tw-ta\" dir=\"ltr\" data-placeholder=\"Traducere\" data-ved=\"2ahUKEwjszYKSn-uKAxU0KBAIHbScEGMQ3ewLegQIDRAU\" aria-label=\"Text tradus: Simplicity, elegance, perfection. Discover the premium natural leather coat, a statement piece that never goes out of style. The impeccable cut, made to order to perfectly fit your figure, combines luxury with timelessness. Materials of the highest quality. Customizable design \u2013 color, size, details. Created especially for you, with attention to every stitch. Contact us for a unique order and let's define your style! Delivery anywhere!\"><span class=\"Y2IQFc\" lang=\"en\">Livrare oriunde!<\/span><\/p>\n","protected":false},"featured_media":5541563,"comment_status":"closed","ping_status":"closed","template":"","meta":[],"product_cat":[444,450],"product_tag":[],"class_list":["post-6230","product","type-product","status-publish","has-post-thumbnail","hentry","product_cat-femei-2","product_cat-haine-din-alcantara-2"],"acf":[],"_links":{"self":[{"href":"https:\/\/www.ccmboutique.ro\/ro\/wp-json\/wp\/v2\/product\/6230","targetHints":{"allow":["GET"]}}],"collection":[{"href":"https:\/\/www.ccmboutique.ro\/ro\/wp-json\/wp\/v2\/product"}],"about":[{"href":"https:\/\/www.ccmboutique.ro\/ro\/wp-json\/wp\/v2\/types\/product"}],"replies":[{"embeddable":true,"href":"https:\/\/www.ccmboutique.ro\/ro\/wp-json\/wp\/v2\/comments?post=6230"}],"version-history":[{"count":3,"href":"https:\/\/www.ccmboutique.ro\/ro\/wp-json\/wp\/v2\/product\/6230\/revisions"}],"predecessor-version":[{"id":5542842,"href":"https:\/\/www.ccmboutique.ro\/ro\/wp-json\/wp\/v2\/product\/6230\/revisions\/5542842"}],"wp:featuredmedia":[{"embeddable":true,"href":"https:\/\/www.ccmboutique.ro\/ro\/wp-json\/wp\/v2\/media\/5541563"}],"wp:attachment":[{"href":"https:\/\/www.ccmboutique.ro\/ro\/wp-json\/wp\/v2\/media?parent=6230"}],"wp:term":[{"taxonomy":"product_cat","embeddable":true,"href":"https:\/\/www.ccmboutique.ro\/ro\/wp-json\/wp\/v2\/product_cat?post=6230"},{"taxonomy":"product_tag","embeddable":true,"href":"https:\/\/www.ccmboutique.ro\/ro\/wp-json\/wp\/v2\/product_tag?post=6230"}],"curies":[{"name":"wp","href":"https:\/\/api.w.org\/{rel}","templated":true}]}}