{"id":6229,"date":"2022-02-03T19:53:39","date_gmt":"2022-02-03T17:53:39","guid":{"rendered":"https:\/\/www.ccmboutique.ro\/?post_type=product&#038;p=6229"},"modified":"2024-02-20T15:44:12","modified_gmt":"2024-02-20T13:44:12","slug":"yegor-argentinian-parka-jacheta","status":"publish","type":"product","link":"https:\/\/www.ccmboutique.ro\/ro\/shop\/yegor-argentinian-parka-jacheta\/","title":{"rendered":"Jacheta Parka Imblanita YEGOR"},"content":{"rendered":"","protected":false},"excerpt":{"rendered":"<p>Colec\u021bia de blanuri pentru barbati CCM va introduce un stil atemporal \u00een garderoba ta.<\/p>\n<p>Face\u021bi impresie cu aceast\u0103 jachet\u0103 parka de \u00eenalt\u0103 calitate , imblanita cu blana de iepure rex la interior.<\/p>\n<p>Ave\u021bi dreptul s\u0103 ne cere\u021bi excelen\u021b\u0103, deoarece calitatea este un limbaj global.<\/p>\n<p class=\"p1\">Croitorii no\u0219tri experimenta\u021bi sunt preg\u0103ti\u021bi s\u0103 \u00eendeplineasc\u0103 cerin\u021bele personalizate ale clien\u021bilor no\u0219tri.<\/p>\n<p class=\"p1\">Calitatea este \u00eens\u0103\u0219i esen\u021ba unei jachete CCM Boutique<span class=\"Apple-converted-space\">  <\/span>, realizat\u0103 din materiale selecte pentru a crea jachete care sunt opere de art\u0103 de neegalat \u00een sine.<\/p>\n<p class=\"p1\">V\u0103 pute\u021bi bucura de un serviciu privilegiat de croitorie individual\u0103.<\/p>\n<p class=\"p1\">Jachetele vor fi fabricate exclusiv pentru dumneavoastr\u0103: de la modelul potrivit pentru silueta dumneavoastr\u0103 p\u00e2n\u0103 la tonul \u0219i textura.<\/p>\n<p class=\"p1\">Pentru un serviciu de comand\u0103 personalizat \u0219i mai multe detalii ne pute\u021bi contacta la numerele de telefon 0040766914884 \/ 0040766914901 \u0219i ve\u021bi avea produse care vor fi realizate cu meticulozitate pentru dumneavoastr\u0103.<\/p>\n","protected":false},"featured_media":5523518,"comment_status":"closed","ping_status":"closed","template":"","meta":[],"product_cat":[436,442],"product_tag":[],"class_list":["post-6229","product","type-product","status-publish","has-post-thumbnail","hentry","product_cat-barbati-2","product_cat-jachete-parka-2"],"acf":[],"_links":{"self":[{"href":"https:\/\/www.ccmboutique.ro\/ro\/wp-json\/wp\/v2\/product\/6229","targetHints":{"allow":["GET"]}}],"collection":[{"href":"https:\/\/www.ccmboutique.ro\/ro\/wp-json\/wp\/v2\/product"}],"about":[{"href":"https:\/\/www.ccmboutique.ro\/ro\/wp-json\/wp\/v2\/types\/product"}],"replies":[{"embeddable":true,"href":"https:\/\/www.ccmboutique.ro\/ro\/wp-json\/wp\/v2\/comments?post=6229"}],"version-history":[{"count":1,"href":"https:\/\/www.ccmboutique.ro\/ro\/wp-json\/wp\/v2\/product\/6229\/revisions"}],"predecessor-version":[{"id":5525217,"href":"https:\/\/www.ccmboutique.ro\/ro\/wp-json\/wp\/v2\/product\/6229\/revisions\/5525217"}],"wp:featuredmedia":[{"embeddable":true,"href":"https:\/\/www.ccmboutique.ro\/ro\/wp-json\/wp\/v2\/media\/5523518"}],"wp:attachment":[{"href":"https:\/\/www.ccmboutique.ro\/ro\/wp-json\/wp\/v2\/media?parent=6229"}],"wp:term":[{"taxonomy":"product_cat","embeddable":true,"href":"https:\/\/www.ccmboutique.ro\/ro\/wp-json\/wp\/v2\/product_cat?post=6229"},{"taxonomy":"product_tag","embeddable":true,"href":"https:\/\/www.ccmboutique.ro\/ro\/wp-json\/wp\/v2\/product_tag?post=6229"}],"curies":[{"name":"wp","href":"https:\/\/api.w.org\/{rel}","templated":true}]}}