{"id":6225,"date":"2022-02-02T21:09:45","date_gmt":"2022-02-02T19:09:45","guid":{"rendered":"https:\/\/www.ccmboutique.ro\/?post_type=product&#038;p=6225"},"modified":"2025-12-15T21:16:04","modified_gmt":"2025-12-15T19:16:04","slug":"katarina-fur-coat","status":"publish","type":"product","link":"https:\/\/www.ccmboutique.ro\/ro\/shop\/katarina-fur-coat\/","title":{"rendered":"Haina KATARINA"},"content":{"rendered":"","protected":false},"excerpt":{"rendered":"<p>R\u0103m\u00e2i mereu fabuloasa cu CCM Boutique.<\/p>\n<p id=\"tw-target-text\" class=\"tw-data-text tw-text-large tw-ta\" dir=\"ltr\" tabindex=\"-1\" role=\"text\" data-placeholder=\"Traducere\" data-ved=\"2ahUKEwjojPKcyr2RAxWfRv4FHTp0Hs8Q3ewLegQIDBAW\" aria-label=\"Text tradus: This coat is made of alcantara, accessorized with fox fur. Alcantara has a soft and pleasant texture to the touch, providing comfort and warmth. It is an oversized model, very trendy, offering increased comfort and freedom of movement. This style is ideal for creating relaxed and modern outfits. It is equipped with a drawstring at the waist for an elegant fit, and the closure system is made with the help of snaps. It is lined with satin and has 2 side pockets. Alcantara may require specialized cleaning, and natural fur should be cared for to preserve its appearance and texture.\"><span class=\"Y2IQFc\" lang=\"en\">Aceasta haina este confectionata din alcantara, accesorizata cu blana de vulpe.<\/span><\/p>\n<p class=\"tw-data-text tw-text-large tw-ta\" dir=\"ltr\" tabindex=\"-1\" role=\"text\" data-placeholder=\"Traducere\" data-ved=\"2ahUKEwjojPKcyr2RAxWfRv4FHTp0Hs8Q3ewLegQIDBAW\" aria-label=\"Text tradus: This coat is made of alcantara, accessorized with fox fur. Alcantara has a soft and pleasant texture to the touch, providing comfort and warmth. It is an oversized model, very trendy, offering increased comfort and freedom of movement. This style is ideal for creating relaxed and modern outfits. It is equipped with a drawstring at the waist for an elegant fit, and the closure system is made with the help of snaps. It is lined with satin and has 2 side pockets. Alcantara may require specialized cleaning, and natural fur should be cared for to preserve its appearance and texture.\"><span class=\"Y2IQFc\" lang=\"en\">Alcantara are o textur\u0103 moale \u0219i pl\u0103cut\u0103 la atingere, oferind confort \u0219i c\u0103ldur\u0103.<\/span><\/p>\n<p class=\"tw-data-text tw-text-large tw-ta\" dir=\"ltr\" tabindex=\"-1\" role=\"text\" data-placeholder=\"Traducere\" data-ved=\"2ahUKEwjojPKcyr2RAxWfRv4FHTp0Hs8Q3ewLegQIDBAW\" aria-label=\"Text tradus: This coat is made of alcantara, accessorized with fox fur. Alcantara has a soft and pleasant texture to the touch, providing comfort and warmth. It is an oversized model, very trendy, offering increased comfort and freedom of movement. This style is ideal for creating relaxed and modern outfits. It is equipped with a drawstring at the waist for an elegant fit, and the closure system is made with the help of snaps. It is lined with satin and has 2 side pockets. Alcantara may require specialized cleaning, and natural fur should be cared for to preserve its appearance and texture.\"><span class=\"Y2IQFc\" lang=\"en\">Este un model oversize, foarte \u00een trend, oferind un confort sporit \u0219i libertate de mi\u0219care.<\/span><\/p>\n<p class=\"tw-data-text tw-text-large tw-ta\" dir=\"ltr\" tabindex=\"-1\" role=\"text\" data-placeholder=\"Traducere\" data-ved=\"2ahUKEwjojPKcyr2RAxWfRv4FHTp0Hs8Q3ewLegQIDBAW\" aria-label=\"Text tradus: This coat is made of alcantara, accessorized with fox fur. Alcantara has a soft and pleasant texture to the touch, providing comfort and warmth. It is an oversized model, very trendy, offering increased comfort and freedom of movement. This style is ideal for creating relaxed and modern outfits. It is equipped with a drawstring at the waist for an elegant fit, and the closure system is made with the help of snaps. It is lined with satin and has 2 side pockets. Alcantara may require specialized cleaning, and natural fur should be cared for to preserve its appearance and texture.\"><span class=\"Y2IQFc\" lang=\"en\">Acest stil este ideal pentru a crea \u021binute relaxate \u0219i moderne.<\/span><\/p>\n<p class=\"tw-data-text tw-text-large tw-ta\" dir=\"ltr\" tabindex=\"-1\" role=\"text\" data-placeholder=\"Traducere\" data-ved=\"2ahUKEwjojPKcyr2RAxWfRv4FHTp0Hs8Q3ewLegQIDBAW\" aria-label=\"Text tradus: This coat is made of alcantara, accessorized with fox fur. Alcantara has a soft and pleasant texture to the touch, providing comfort and warmth. It is an oversized model, very trendy, offering increased comfort and freedom of movement. This style is ideal for creating relaxed and modern outfits. It is equipped with a drawstring at the waist for an elegant fit, and the closure system is made with the help of snaps. It is lined with satin and has 2 side pockets. Alcantara may require specialized cleaning, and natural fur should be cared for to preserve its appearance and texture.\"><span class=\"Y2IQFc\" lang=\"en\">Este prevazuta cu un cordon in talie pentru o cambrare eleganta, iar sistemul de inchidere se face <br \/>cu ajutorul capselor.<\/span><\/p>\n<p class=\"tw-data-text tw-text-large tw-ta\" dir=\"ltr\" tabindex=\"-1\" role=\"text\" data-placeholder=\"Traducere\" data-ved=\"2ahUKEwjojPKcyr2RAxWfRv4FHTp0Hs8Q3ewLegQIDBAW\" aria-label=\"Text tradus: This coat is made of alcantara, accessorized with fox fur. Alcantara has a soft and pleasant texture to the touch, providing comfort and warmth. It is an oversized model, very trendy, offering increased comfort and freedom of movement. This style is ideal for creating relaxed and modern outfits. It is equipped with a drawstring at the waist for an elegant fit, and the closure system is made with the help of snaps. It is lined with satin and has 2 side pockets. Alcantara may require specialized cleaning, and natural fur should be cared for to preserve its appearance and texture.\"><span class=\"Y2IQFc\" lang=\"en\">Este captusita cu saten si dispune de 2 buzunare laterale.<\/span><\/p>\n<p class=\"tw-data-text tw-text-large tw-ta\" dir=\"ltr\" tabindex=\"-1\" role=\"text\" data-placeholder=\"Traducere\" data-ved=\"2ahUKEwjojPKcyr2RAxWfRv4FHTp0Hs8Q3ewLegQIDBAW\" aria-label=\"Text tradus: This coat is made of alcantara, accessorized with fox fur. Alcantara has a soft and pleasant texture to the touch, providing comfort and warmth. It is an oversized model, very trendy, offering increased comfort and freedom of movement. This style is ideal for creating relaxed and modern outfits. It is equipped with a drawstring at the waist for an elegant fit, and the closure system is made with the help of snaps. It is lined with satin and has 2 side pockets. Alcantara may require specialized cleaning, and natural fur should be cared for to preserve its appearance and texture.\"><span class=\"Y2IQFc\" lang=\"en\">Alcantara poate necesita o cur\u0103\u021bare specializat\u0103, iar blana natural\u0103 ar trebui \u00eengrijit\u0103 pentru a-\u0219i p\u0103stra aspectul \u0219i textura.<\/span><\/p>\n<p>Poate fi f\u0103cuta la comand\u0103 pe orice dimensiune, disponibila \u00een mai multe culori.<\/p>\n<p>Folosim numai materiale de cea mai bun\u0103 calitate, \u00eencerc\u00e2nd mereu s\u0103 cre\u0103m idei interesante pentru a v\u0103 face stilul unic.<\/p>\n<p class=\"p1\">Pentru masuri personalizate, putem lucra pe baza de comand\u0103.<\/p>\n","protected":false},"featured_media":5528286,"comment_status":"closed","ping_status":"closed","template":"","meta":[],"product_cat":[444,450],"product_tag":[],"class_list":["post-6225","product","type-product","status-publish","has-post-thumbnail","hentry","product_cat-femei-2","product_cat-haine-din-alcantara-2"],"acf":[],"_links":{"self":[{"href":"https:\/\/www.ccmboutique.ro\/ro\/wp-json\/wp\/v2\/product\/6225","targetHints":{"allow":["GET"]}}],"collection":[{"href":"https:\/\/www.ccmboutique.ro\/ro\/wp-json\/wp\/v2\/product"}],"about":[{"href":"https:\/\/www.ccmboutique.ro\/ro\/wp-json\/wp\/v2\/types\/product"}],"replies":[{"embeddable":true,"href":"https:\/\/www.ccmboutique.ro\/ro\/wp-json\/wp\/v2\/comments?post=6225"}],"version-history":[{"count":2,"href":"https:\/\/www.ccmboutique.ro\/ro\/wp-json\/wp\/v2\/product\/6225\/revisions"}],"predecessor-version":[{"id":5542849,"href":"https:\/\/www.ccmboutique.ro\/ro\/wp-json\/wp\/v2\/product\/6225\/revisions\/5542849"}],"wp:featuredmedia":[{"embeddable":true,"href":"https:\/\/www.ccmboutique.ro\/ro\/wp-json\/wp\/v2\/media\/5528286"}],"wp:attachment":[{"href":"https:\/\/www.ccmboutique.ro\/ro\/wp-json\/wp\/v2\/media?parent=6225"}],"wp:term":[{"taxonomy":"product_cat","embeddable":true,"href":"https:\/\/www.ccmboutique.ro\/ro\/wp-json\/wp\/v2\/product_cat?post=6225"},{"taxonomy":"product_tag","embeddable":true,"href":"https:\/\/www.ccmboutique.ro\/ro\/wp-json\/wp\/v2\/product_tag?post=6225"}],"curies":[{"name":"wp","href":"https:\/\/api.w.org\/{rel}","templated":true}]}}