{"id":6220,"date":"2022-02-02T23:33:30","date_gmt":"2022-02-02T21:33:30","guid":{"rendered":"https:\/\/www.ccmboutique.ro\/?post_type=product&#038;p=6220"},"modified":"2024-09-04T20:40:20","modified_gmt":"2024-09-04T17:40:20","slug":"cesare-white-exotic-leather-jacket","status":"publish","type":"product","link":"https:\/\/www.ccmboutique.ro\/ro\/shop\/cesare-white-exotic-leather-jacket\/","title":{"rendered":"Jacheta din piele de piton CESARE"},"content":{"rendered":"","protected":false},"excerpt":{"rendered":"<p id=\"tw-target-text\" class=\"tw-data-text tw-text-large tw-ta\" dir=\"ltr\" data-placeholder=\"Traducere\" aria-label=\"Text tradus\" data-ved=\"2ahUKEwiEnPTXu6mIAxVA_7sIHf4GHaEQ3ewLegQIExAU\"><span class=\"Y2IQFc\" lang=\"en\">Cauti o geaca din piele naturala de piton care sa iti vina perfect pe masura ta ?<\/span><\/p>\n<p class=\"tw-data-text tw-text-large tw-ta\" dir=\"ltr\" data-placeholder=\"Traducere\" aria-label=\"Text tradus\" data-ved=\"2ahUKEwiEnPTXu6mIAxVA_7sIHf4GHaEQ3ewLegQIExAU\"><span class=\"Y2IQFc\" lang=\"en\">Gecile noastre din piele naturala sunt personalizate exact pe dimensiunile tale.<\/span><\/p>\n<p class=\"p1\">Ne alegem pielea cu mare aten\u021bie \u0219i o prelucr\u0103m cu profesionalism.<\/p>\n<p class=\"p1\">Avem o selec\u021bie mare de modele proprii, precum \u0219i putem face orice model ales de dumneavoastr\u0103.<\/p>\n<p class=\"p1\">Clien\u021bii no\u0219tri, care doresc s\u0103 primeasc\u0103 servicii de comand\u0103 personalizate, pot contacta magazinele noastre la numerele de telefon 0040766914884 \/ 0040766914901.<\/p>\n","protected":false},"featured_media":5523400,"comment_status":"closed","ping_status":"closed","template":"","meta":[],"product_cat":[436,439],"product_tag":[],"class_list":["post-6220","product","type-product","status-publish","has-post-thumbnail","hentry","product_cat-barbati-2","product_cat-jachete-din-piele-de-piton-2"],"acf":[],"_links":{"self":[{"href":"https:\/\/www.ccmboutique.ro\/ro\/wp-json\/wp\/v2\/product\/6220","targetHints":{"allow":["GET"]}}],"collection":[{"href":"https:\/\/www.ccmboutique.ro\/ro\/wp-json\/wp\/v2\/product"}],"about":[{"href":"https:\/\/www.ccmboutique.ro\/ro\/wp-json\/wp\/v2\/types\/product"}],"replies":[{"embeddable":true,"href":"https:\/\/www.ccmboutique.ro\/ro\/wp-json\/wp\/v2\/comments?post=6220"}],"version-history":[{"count":2,"href":"https:\/\/www.ccmboutique.ro\/ro\/wp-json\/wp\/v2\/product\/6220\/revisions"}],"predecessor-version":[{"id":5537781,"href":"https:\/\/www.ccmboutique.ro\/ro\/wp-json\/wp\/v2\/product\/6220\/revisions\/5537781"}],"wp:featuredmedia":[{"embeddable":true,"href":"https:\/\/www.ccmboutique.ro\/ro\/wp-json\/wp\/v2\/media\/5523400"}],"wp:attachment":[{"href":"https:\/\/www.ccmboutique.ro\/ro\/wp-json\/wp\/v2\/media?parent=6220"}],"wp:term":[{"taxonomy":"product_cat","embeddable":true,"href":"https:\/\/www.ccmboutique.ro\/ro\/wp-json\/wp\/v2\/product_cat?post=6220"},{"taxonomy":"product_tag","embeddable":true,"href":"https:\/\/www.ccmboutique.ro\/ro\/wp-json\/wp\/v2\/product_tag?post=6220"}],"curies":[{"name":"wp","href":"https:\/\/api.w.org\/{rel}","templated":true}]}}