{"id":6212,"date":"2022-02-03T13:58:21","date_gmt":"2022-02-03T11:58:21","guid":{"rendered":"https:\/\/www.ccmboutique.ro\/?post_type=product&#038;p=6212"},"modified":"2024-02-20T15:43:57","modified_gmt":"2024-02-20T13:43:57","slug":"jacheta-de-piele-cu-baldassare","status":"publish","type":"product","link":"https:\/\/www.ccmboutique.ro\/ro\/shop\/jacheta-de-piele-cu-baldassare\/","title":{"rendered":"Jachet\u0103 din piele naturala cu tinte BALDASSARE"},"content":{"rendered":"","protected":false},"excerpt":{"rendered":"<p>Confec\u021bionat\u0103 din piele de calitate superioar\u0103, aceast\u0103 jachet\u0103 este o pies\u0103 versatil\u0103 care poate completa orice look.<\/p>\n<p>Aceasta este creata cu un nivel ridicat de aten\u021bie la detalii.<\/p>\n<div id=\"WashingInstructions\">Cur\u0103\u021bare uscat\u0103 de c\u0103tre un specialist, 100% piele natural\u0103.<\/p>\n<p class=\"p1\"><span class=\"Apple-converted-space\">Clien\u021bii no\u0219tri, care doresc s\u0103 beneficieze de un serviciu de comand\u0103 personalizat, pot contacta magazinele noastre la numerele de telefon 0040766914884 \/ 0040766914901\u0219i vor primi produse care vor fi realizate cu meticulozitate pentru ei.<\/span><\/p>\n<\/div>\n","protected":false},"featured_media":5523490,"comment_status":"closed","ping_status":"closed","template":"","meta":[],"product_cat":[436,441],"product_tag":[],"class_list":["post-6212","product","type-product","status-publish","has-post-thumbnail","hentry","product_cat-barbati-2","product_cat-jachete-din-piele-naturala-2"],"acf":[],"_links":{"self":[{"href":"https:\/\/www.ccmboutique.ro\/ro\/wp-json\/wp\/v2\/product\/6212","targetHints":{"allow":["GET"]}}],"collection":[{"href":"https:\/\/www.ccmboutique.ro\/ro\/wp-json\/wp\/v2\/product"}],"about":[{"href":"https:\/\/www.ccmboutique.ro\/ro\/wp-json\/wp\/v2\/types\/product"}],"replies":[{"embeddable":true,"href":"https:\/\/www.ccmboutique.ro\/ro\/wp-json\/wp\/v2\/comments?post=6212"}],"version-history":[{"count":1,"href":"https:\/\/www.ccmboutique.ro\/ro\/wp-json\/wp\/v2\/product\/6212\/revisions"}],"predecessor-version":[{"id":5525211,"href":"https:\/\/www.ccmboutique.ro\/ro\/wp-json\/wp\/v2\/product\/6212\/revisions\/5525211"}],"wp:featuredmedia":[{"embeddable":true,"href":"https:\/\/www.ccmboutique.ro\/ro\/wp-json\/wp\/v2\/media\/5523490"}],"wp:attachment":[{"href":"https:\/\/www.ccmboutique.ro\/ro\/wp-json\/wp\/v2\/media?parent=6212"}],"wp:term":[{"taxonomy":"product_cat","embeddable":true,"href":"https:\/\/www.ccmboutique.ro\/ro\/wp-json\/wp\/v2\/product_cat?post=6212"},{"taxonomy":"product_tag","embeddable":true,"href":"https:\/\/www.ccmboutique.ro\/ro\/wp-json\/wp\/v2\/product_tag?post=6212"}],"curies":[{"name":"wp","href":"https:\/\/api.w.org\/{rel}","templated":true}]}}