{"id":6207,"date":"2022-02-02T22:02:00","date_gmt":"2022-02-02T20:02:00","guid":{"rendered":"https:\/\/www.ccmboutique.ro\/?post_type=product&#038;p=6207"},"modified":"2024-02-20T15:43:55","modified_gmt":"2024-02-20T13:43:55","slug":"thoko-exotic-leather-jacket-2","status":"publish","type":"product","link":"https:\/\/www.ccmboutique.ro\/ro\/shop\/thoko-exotic-leather-jacket-2\/","title":{"rendered":"Jachet\u0103 din piele exotic\u0103 de piton THOKO"},"content":{"rendered":"","protected":false},"excerpt":{"rendered":"<p class=\"p1\">Explora\u021bi num\u0103rul nostru vast de produse \u0219i colec\u021bii, g\u0103si\u021bi hainele de lux cele mai bune pentru dumneavoastr\u0103, pentru a fi mereu la mod\u0103.<\/p>\n<p class=\"p1\">\u00cembr\u0103c\u0103minte din piele \u0219i accesorii confec\u021bionate \u00een atelierul nostru.<\/p>\n<p class=\"p1\">Fiecare produs este realizat manual cu piele 100% natural\u0103.<\/p>\n<p class=\"p2\"><span class=\"Apple-converted-space\">Clien\u021bii no\u0219tri, care doresc s\u0103 beneficieze de un serviciu de comand\u0103 personalizat, pot contacta magazinele noastre la numerele de telefon 0040766914884 \/ 0040766914901\u0219i vor primi produse care vor fi realizate cu meticulozitate pentru ei.<\/span><\/p>\n","protected":false},"featured_media":5523345,"comment_status":"closed","ping_status":"closed","template":"","meta":[],"product_cat":[436,439],"product_tag":[],"class_list":["post-6207","product","type-product","status-publish","has-post-thumbnail","hentry","product_cat-barbati-2","product_cat-jachete-din-piele-de-piton-2"],"acf":[],"_links":{"self":[{"href":"https:\/\/www.ccmboutique.ro\/ro\/wp-json\/wp\/v2\/product\/6207","targetHints":{"allow":["GET"]}}],"collection":[{"href":"https:\/\/www.ccmboutique.ro\/ro\/wp-json\/wp\/v2\/product"}],"about":[{"href":"https:\/\/www.ccmboutique.ro\/ro\/wp-json\/wp\/v2\/types\/product"}],"replies":[{"embeddable":true,"href":"https:\/\/www.ccmboutique.ro\/ro\/wp-json\/wp\/v2\/comments?post=6207"}],"version-history":[{"count":1,"href":"https:\/\/www.ccmboutique.ro\/ro\/wp-json\/wp\/v2\/product\/6207\/revisions"}],"predecessor-version":[{"id":5525209,"href":"https:\/\/www.ccmboutique.ro\/ro\/wp-json\/wp\/v2\/product\/6207\/revisions\/5525209"}],"wp:featuredmedia":[{"embeddable":true,"href":"https:\/\/www.ccmboutique.ro\/ro\/wp-json\/wp\/v2\/media\/5523345"}],"wp:attachment":[{"href":"https:\/\/www.ccmboutique.ro\/ro\/wp-json\/wp\/v2\/media?parent=6207"}],"wp:term":[{"taxonomy":"product_cat","embeddable":true,"href":"https:\/\/www.ccmboutique.ro\/ro\/wp-json\/wp\/v2\/product_cat?post=6207"},{"taxonomy":"product_tag","embeddable":true,"href":"https:\/\/www.ccmboutique.ro\/ro\/wp-json\/wp\/v2\/product_tag?post=6207"}],"curies":[{"name":"wp","href":"https:\/\/api.w.org\/{rel}","templated":true}]}}