{"id":5543734,"date":"2026-02-18T16:36:04","date_gmt":"2026-02-18T14:36:04","guid":{"rendered":"https:\/\/www.ccmboutique.ro\/shop\/trench-daryusha\/"},"modified":"2026-02-18T16:36:04","modified_gmt":"2026-02-18T14:36:04","slug":"daryusha-trench-coat","status":"publish","type":"product","link":"https:\/\/www.ccmboutique.ro\/ro\/shop\/daryusha-trench-coat\/","title":{"rendered":"Trench DARYUSHA"},"content":{"rendered":"","protected":false},"excerpt":{"rendered":"<p class=\"tw-data-text tw-text-large tw-ta\" dir=\"ltr\" data-placeholder=\"Traducere\" data-ved=\"2ahUKEwjszYKSn-uKAxU0KBAIHbScEGMQ3ewLegQIDRAU\" aria-label=\"Text tradus: Simplicity, elegance, perfection. Discover the premium natural leather coat, a statement piece that never goes out of style. The impeccable cut, made to order to perfectly fit your figure, combines luxury with timelessness. Materials of the highest quality. Customizable design \u2013 color, size, details. Created especially for you, with attention to every stitch. Contact us for a unique order and let's define your style! Delivery anywhere!\">Descoper\u0103 acest palton premium din piele natural\u0103, accesorizat cu un superb guler din blan\u0103 natural\u0103 de vizon \u0219i inser\u021bii din piele de piton, o pies\u0103 vestimentar\u0103 statement care nu se demodeaz\u0103 niciodat\u0103.<\/p>\n<p class=\"tw-data-text tw-text-large tw-ta\" dir=\"ltr\" data-placeholder=\"Traducere\" data-ved=\"2ahUKEwjszYKSn-uKAxU0KBAIHbScEGMQ3ewLegQIDRAU\" aria-label=\"Text tradus: Simplicity, elegance, perfection. Discover the premium natural leather coat, a statement piece that never goes out of style. The impeccable cut, made to order to perfectly fit your figure, combines luxury with timelessness. Materials of the highest quality. Customizable design \u2013 color, size, details. Created especially for you, with attention to every stitch. Contact us for a unique order and let's define your style! Delivery anywhere!\"><span class=\"Y2IQFc\" lang=\"en\">Purta\u021bi-l peste orice \u021binut\u0103, fie c\u0103 ie\u0219i\u021bi la cin\u0103 sau merge\u021bi la birou.<\/span><\/p>\n<p class=\"tw-data-text tw-text-large tw-ta\" dir=\"ltr\" data-placeholder=\"Traducere\" data-ved=\"2ahUKEwjszYKSn-uKAxU0KBAIHbScEGMQ3ewLegQIDRAU\" aria-label=\"Text tradus: Simplicity, elegance, perfection. Discover the premium natural leather coat, a statement piece that never goes out of style. The impeccable cut, made to order to perfectly fit your figure, combines luxury with timelessness. Materials of the highest quality. Customizable design \u2013 color, size, details. Created especially for you, with attention to every stitch. Contact us for a unique order and let's define your style! Delivery anywhere!\"><span class=\"Y2IQFc\" lang=\"en\">Croiala impecabil\u0103, realizat la comand\u0103 pentru a se potrivi perfect siluetei dumneavoastr\u0103, combin\u0103 luxul cu atemporalitatea.<\/span><\/p>\n<p class=\"tw-data-text tw-text-large tw-ta\" dir=\"ltr\" data-placeholder=\"Traducere\" data-ved=\"2ahUKEwjszYKSn-uKAxU0KBAIHbScEGMQ3ewLegQIDRAU\" aria-label=\"Text tradus: Simplicity, elegance, perfection. Discover the premium natural leather coat, a statement piece that never goes out of style. The impeccable cut, made to order to perfectly fit your figure, combines luxury with timelessness. Materials of the highest quality. Customizable design \u2013 color, size, details. Created especially for you, with attention to every stitch. Contact us for a unique order and let's define your style! Delivery anywhere!\"><span class=\"Y2IQFc\" lang=\"en\">Materiale de cea mai \u00eenalt\u0103 calitate, piele natural\u0103 100%.<\/span><\/p>\n<p class=\"tw-data-text tw-text-large tw-ta\" dir=\"ltr\" data-placeholder=\"Traducere\" data-ved=\"2ahUKEwjszYKSn-uKAxU0KBAIHbScEGMQ3ewLegQIDRAU\" aria-label=\"Text tradus: Simplicity, elegance, perfection. Discover the premium natural leather coat, a statement piece that never goes out of style. The impeccable cut, made to order to perfectly fit your figure, combines luxury with timelessness. Materials of the highest quality. Customizable design \u2013 color, size, details. Created especially for you, with attention to every stitch. Contact us for a unique order and let's define your style! Delivery anywhere!\"><span class=\"Y2IQFc\" lang=\"en\">Design personalizabil &#8211; culoare, dimensiune, lungime, detalii.<\/span><\/p>\n<p class=\"tw-data-text tw-text-large tw-ta\" dir=\"ltr\" tabindex=\"-1\" role=\"text\" data-placeholder=\"Traducere\" data-ved=\"2ahUKEwjA-f2F956QAxVelP0HHWNFJSQQ3ewLegQICxAV\" aria-label=\"Text tradus: Handcrafted, every detail is carefully finished to provide a feminine, sophisticated and perfectly proportioned silhouette. Perfect for the woman who appreciates exclusivity and quality, this fur coat becomes the center of any appearance. Handmade to order. Production time: 7\u201314 working days. The product is made individually, according to your measurements. After placing the order, a CCM Boutique consultant will contact you to confirm the desired dimensions and details. Exclusive design and handmade execution. Natural materials of the highest quality. Each piece is unique, made especially for you.\"><span class=\"Y2IQFc\" lang=\"en\">Timp de produc\u021bie: 7\u201314 zile lucr\u0103toare.<\/span><\/p>\n<p class=\"tw-data-text tw-text-large tw-ta\" dir=\"ltr\" tabindex=\"-1\" role=\"text\" data-placeholder=\"Traducere\" data-ved=\"2ahUKEwjA-f2F956QAxVelP0HHWNFJSQQ3ewLegQICxAV\" aria-label=\"Text tradus: Handcrafted, every detail is carefully finished to provide a feminine, sophisticated and perfectly proportioned silhouette. Perfect for the woman who appreciates exclusivity and quality, this fur coat becomes the center of any appearance. Handmade to order. Production time: 7\u201314 working days. The product is made individually, according to your measurements. After placing the order, a CCM Boutique consultant will contact you to confirm the desired dimensions and details. Exclusive design and handmade execution. Natural materials of the highest quality. Each piece is unique, made especially for you.\"><span class=\"Y2IQFc\" lang=\"en\">Produsul este realizat individual, conform m\u0103sur\u0103torilor dumneavoastr\u0103.<\/span><\/p>\n<p class=\"tw-data-text tw-text-large tw-ta\" dir=\"ltr\" tabindex=\"-1\" role=\"text\" data-placeholder=\"Traducere\" data-ved=\"2ahUKEwjA-f2F956QAxVelP0HHWNFJSQQ3ewLegQICxAV\" aria-label=\"Text tradus: Handcrafted, every detail is carefully finished to provide a feminine, sophisticated and perfectly proportioned silhouette. Perfect for the woman who appreciates exclusivity and quality, this fur coat becomes the center of any appearance. Handmade to order. Production time: 7\u201314 working days. The product is made individually, according to your measurements. After placing the order, a CCM Boutique consultant will contact you to confirm the desired dimensions and details. Exclusive design and handmade execution. Natural materials of the highest quality. Each piece is unique, made especially for you.\"><span class=\"Y2IQFc\" lang=\"en\">Dup\u0103 plasarea comenzii, un consultant CCM Boutique v\u0103 va contacta pentru a confirma dimensiunile \u0219i detaliile dorite.<\/span><\/p>\n<p class=\"tw-data-text tw-text-large tw-ta\" dir=\"ltr\" data-placeholder=\"Traducere\" data-ved=\"2ahUKEwjszYKSn-uKAxU0KBAIHbScEGMQ3ewLegQIDRAU\" aria-label=\"Text tradus: Simplicity, elegance, perfection. Discover the premium natural leather coat, a statement piece that never goes out of style. The impeccable cut, made to order to perfectly fit your figure, combines luxury with timelessness. Materials of the highest quality. Customizable design \u2013 color, size, details. Created especially for you, with attention to every stitch. Contact us for a unique order and let's define your style! Delivery anywhere!\"><span class=\"Y2IQFc\" lang=\"en\">Creat special pentru tine, cu aten\u021bie la fiecare cus\u0103tur\u0103.<\/span><\/p>\n","protected":false},"featured_media":5543721,"comment_status":"closed","ping_status":"closed","template":"","meta":[],"product_cat":[444,455],"product_tag":[],"class_list":["post-5543734","product","type-product","status-publish","has-post-thumbnail","hentry","product_cat-femei-2","product_cat-trenciuri-2"],"acf":[],"_links":{"self":[{"href":"https:\/\/www.ccmboutique.ro\/ro\/wp-json\/wp\/v2\/product\/5543734","targetHints":{"allow":["GET"]}}],"collection":[{"href":"https:\/\/www.ccmboutique.ro\/ro\/wp-json\/wp\/v2\/product"}],"about":[{"href":"https:\/\/www.ccmboutique.ro\/ro\/wp-json\/wp\/v2\/types\/product"}],"replies":[{"embeddable":true,"href":"https:\/\/www.ccmboutique.ro\/ro\/wp-json\/wp\/v2\/comments?post=5543734"}],"version-history":[{"count":0,"href":"https:\/\/www.ccmboutique.ro\/ro\/wp-json\/wp\/v2\/product\/5543734\/revisions"}],"wp:featuredmedia":[{"embeddable":true,"href":"https:\/\/www.ccmboutique.ro\/ro\/wp-json\/wp\/v2\/media\/5543721"}],"wp:attachment":[{"href":"https:\/\/www.ccmboutique.ro\/ro\/wp-json\/wp\/v2\/media?parent=5543734"}],"wp:term":[{"taxonomy":"product_cat","embeddable":true,"href":"https:\/\/www.ccmboutique.ro\/ro\/wp-json\/wp\/v2\/product_cat?post=5543734"},{"taxonomy":"product_tag","embeddable":true,"href":"https:\/\/www.ccmboutique.ro\/ro\/wp-json\/wp\/v2\/product_tag?post=5543734"}],"curies":[{"name":"wp","href":"https:\/\/api.w.org\/{rel}","templated":true}]}}