{"id":5543539,"date":"2026-01-29T18:20:46","date_gmt":"2026-01-29T16:20:46","guid":{"rendered":"https:\/\/www.ccmboutique.ro\/shop\/haina-de-blana-aurora-ice\/"},"modified":"2026-01-29T18:20:46","modified_gmt":"2026-01-29T16:20:46","slug":"aurora-ice-fur-coat","status":"publish","type":"product","link":"https:\/\/www.ccmboutique.ro\/ro\/shop\/aurora-ice-fur-coat\/","title":{"rendered":"Haina De Blana AURORA Ice"},"content":{"rendered":"","protected":false},"excerpt":{"rendered":"<p id=\"tw-target-text\" class=\"tw-data-text tw-text-large tw-ta\" dir=\"ltr\" tabindex=\"-1\" role=\"text\" data-placeholder=\"Traducere\" data-ved=\"2ahUKEwjV_oyD0rCSAxVs9rsIHQF9BJkQ3ewLegQIDBAW\" aria-label=\"Text tradus: Aurora Ice fur coat is a statement piece, created for women who seek authentic elegance and refinement. Made from carefully selected natural fox fur, the coat is hand-dyed with a lynx effect, achieving a sophisticated, cool look, with subtle plays of shades. The cut highlights the silhouette, and the rich texture of the fur provides volume, warmth and an undeniable luxury look. Each piece is made to order, according to the client's measurements, which guarantees an impeccable fit and uniqueness. Aurora Ice is not a mass-produced product, but an exclusive creation, intended for those who appreciate quality, detail and impeccable finishes. Each coat is unique, the colors and pattern may vary slightly, preserving the exclusive character of the product. Production time: 7\u201314 working days. The product is made individually, according to your measurements. After placing your order, a CCM Boutique consultant will contact you to confirm the desired dimensions and details.\"><span class=\"Y2IQFc\" lang=\"en\">Hain\u0103 de blan\u0103 Aurora Ice este o pies\u0103 statement, creat\u0103 pentru femeile care caut\u0103 elegan\u021b\u0103 autentic\u0103 \u0219i rafinament.<\/span><\/p>\n<p class=\"tw-data-text tw-text-large tw-ta\" dir=\"ltr\" tabindex=\"-1\" role=\"text\" data-placeholder=\"Traducere\" data-ved=\"2ahUKEwjV_oyD0rCSAxVs9rsIHQF9BJkQ3ewLegQIDBAW\" aria-label=\"Text tradus: Aurora Ice fur coat is a statement piece, created for women who seek authentic elegance and refinement. Made from carefully selected natural fox fur, the coat is hand-dyed with a lynx effect, achieving a sophisticated, cool look, with subtle plays of shades. The cut highlights the silhouette, and the rich texture of the fur provides volume, warmth and an undeniable luxury look. Each piece is made to order, according to the client's measurements, which guarantees an impeccable fit and uniqueness. Aurora Ice is not a mass-produced product, but an exclusive creation, intended for those who appreciate quality, detail and impeccable finishes. Each coat is unique, the colors and pattern may vary slightly, preserving the exclusive character of the product. Production time: 7\u201314 working days. The product is made individually, according to your measurements. After placing your order, a CCM Boutique consultant will contact you to confirm the desired dimensions and details.\"><span class=\"Y2IQFc\" lang=\"en\"> Realizat\u0103 din blan\u0103 natural\u0103 de vulpe, atent selec\u021bionat\u0103, haina este vopsit\u0103 manual cu efect lynx, ob\u021bin\u00e2nd un aspect sofisticat, rece, cu jocuri subtile de nuan\u021be. <\/span><\/p>\n<p class=\"tw-data-text tw-text-large tw-ta\" dir=\"ltr\" tabindex=\"-1\" role=\"text\" data-placeholder=\"Traducere\" data-ved=\"2ahUKEwjV_oyD0rCSAxVs9rsIHQF9BJkQ3ewLegQIDBAW\" aria-label=\"Text tradus: Aurora Ice fur coat is a statement piece, created for women who seek authentic elegance and refinement. Made from carefully selected natural fox fur, the coat is hand-dyed with a lynx effect, achieving a sophisticated, cool look, with subtle plays of shades. The cut highlights the silhouette, and the rich texture of the fur provides volume, warmth and an undeniable luxury look. Each piece is made to order, according to the client's measurements, which guarantees an impeccable fit and uniqueness. Aurora Ice is not a mass-produced product, but an exclusive creation, intended for those who appreciate quality, detail and impeccable finishes. Each coat is unique, the colors and pattern may vary slightly, preserving the exclusive character of the product. Production time: 7\u201314 working days. The product is made individually, according to your measurements. After placing your order, a CCM Boutique consultant will contact you to confirm the desired dimensions and details.\"><span class=\"Y2IQFc\" lang=\"en\">Croiala pune \u00een valoare silueta, iar textura bogat\u0103 a bl\u0103nii ofer\u0103 volum, c\u0103ldur\u0103 \u0219i un look luxury incontestabil.<\/span><\/p>\n<p class=\"tw-data-text tw-text-large tw-ta\" dir=\"ltr\" tabindex=\"-1\" role=\"text\" data-placeholder=\"Traducere\" data-ved=\"2ahUKEwjV_oyD0rCSAxVs9rsIHQF9BJkQ3ewLegQIDBAW\" aria-label=\"Text tradus: Aurora Ice fur coat is a statement piece, created for women who seek authentic elegance and refinement. Made from carefully selected natural fox fur, the coat is hand-dyed with a lynx effect, achieving a sophisticated, cool look, with subtle plays of shades. The cut highlights the silhouette, and the rich texture of the fur provides volume, warmth and an undeniable luxury look. Each piece is made to order, according to the client's measurements, which guarantees an impeccable fit and uniqueness. Aurora Ice is not a mass-produced product, but an exclusive creation, intended for those who appreciate quality, detail and impeccable finishes. Each coat is unique, the colors and pattern may vary slightly, preserving the exclusive character of the product. Production time: 7\u201314 working days. The product is made individually, according to your measurements. After placing your order, a CCM Boutique consultant will contact you to confirm the desired dimensions and details.\"><span class=\"Y2IQFc\" lang=\"en\">Fiecare pies\u0103 este realizat\u0103 la comand\u0103, \u00een func\u021bie de m\u0103surile clientei, ceea ce garanteaz\u0103 o potrivire impecabil\u0103 \u0219i unicitate. <\/span><\/p>\n<p class=\"tw-data-text tw-text-large tw-ta\" dir=\"ltr\" tabindex=\"-1\" role=\"text\" data-placeholder=\"Traducere\" data-ved=\"2ahUKEwjV_oyD0rCSAxVs9rsIHQF9BJkQ3ewLegQIDBAW\" aria-label=\"Text tradus: Aurora Ice fur coat is a statement piece, created for women who seek authentic elegance and refinement. Made from carefully selected natural fox fur, the coat is hand-dyed with a lynx effect, achieving a sophisticated, cool look, with subtle plays of shades. The cut highlights the silhouette, and the rich texture of the fur provides volume, warmth and an undeniable luxury look. Each piece is made to order, according to the client's measurements, which guarantees an impeccable fit and uniqueness. Aurora Ice is not a mass-produced product, but an exclusive creation, intended for those who appreciate quality, detail and impeccable finishes. Each coat is unique, the colors and pattern may vary slightly, preserving the exclusive character of the product. Production time: 7\u201314 working days. The product is made individually, according to your measurements. After placing your order, a CCM Boutique consultant will contact you to confirm the desired dimensions and details.\"><span class=\"Y2IQFc\" lang=\"en\">Aurora Ice nu este un produs de serie, ci o crea\u021bie exclusiv\u0103, destinat\u0103 celor care apreciaz\u0103 calitatea, detaliul \u0219i finisajele impecabile.<\/span><\/p>\n<p class=\"tw-data-text tw-text-large tw-ta\" dir=\"ltr\" tabindex=\"-1\" role=\"text\" data-placeholder=\"Traducere\" data-ved=\"2ahUKEwjV_oyD0rCSAxVs9rsIHQF9BJkQ3ewLegQIDBAW\" aria-label=\"Text tradus: Aurora Ice fur coat is a statement piece, created for women who seek authentic elegance and refinement. Made from carefully selected natural fox fur, the coat is hand-dyed with a lynx effect, achieving a sophisticated, cool look, with subtle plays of shades. The cut highlights the silhouette, and the rich texture of the fur provides volume, warmth and an undeniable luxury look. Each piece is made to order, according to the client's measurements, which guarantees an impeccable fit and uniqueness. Aurora Ice is not a mass-produced product, but an exclusive creation, intended for those who appreciate quality, detail and impeccable finishes. Each coat is unique, the colors and pattern may vary slightly, preserving the exclusive character of the product. Production time: 7\u201314 working days. The product is made individually, according to your measurements. After placing your order, a CCM Boutique consultant will contact you to confirm the desired dimensions and details.\"><span class=\"Y2IQFc\" lang=\"en\">Fiecare hain\u0103 este unic\u0103, culorile \u0219i patternul pot varia u\u0219or, p\u0103str\u00e2nd caracterul exclusiv al produsului.<\/span><\/p>\n<p class=\"tw-data-text tw-text-large tw-ta\" dir=\"ltr\" tabindex=\"-1\" role=\"text\" data-placeholder=\"Traducere\" data-ved=\"2ahUKEwjV_oyD0rCSAxVs9rsIHQF9BJkQ3ewLegQIDBAW\" aria-label=\"Text tradus: Aurora Ice fur coat is a statement piece, created for women who seek authentic elegance and refinement. Made from carefully selected natural fox fur, the coat is hand-dyed with a lynx effect, achieving a sophisticated, cool look, with subtle plays of shades. The cut highlights the silhouette, and the rich texture of the fur provides volume, warmth and an undeniable luxury look. Each piece is made to order, according to the client's measurements, which guarantees an impeccable fit and uniqueness. Aurora Ice is not a mass-produced product, but an exclusive creation, intended for those who appreciate quality, detail and impeccable finishes. Each coat is unique, the colors and pattern may vary slightly, preserving the exclusive character of the product. Production time: 7\u201314 working days. The product is made individually, according to your measurements. After placing your order, a CCM Boutique consultant will contact you to confirm the desired dimensions and details.\"><span class=\"Y2IQFc\" lang=\"en\">Timp de produc\u021bie: 7\u201314 zile lucr\u0103toare.<\/span><\/p>\n<p class=\"tw-data-text tw-text-large tw-ta\" dir=\"ltr\" tabindex=\"-1\" role=\"text\" data-placeholder=\"Traducere\" data-ved=\"2ahUKEwjV_oyD0rCSAxVs9rsIHQF9BJkQ3ewLegQIDBAW\" aria-label=\"Text tradus: Aurora Ice fur coat is a statement piece, created for women who seek authentic elegance and refinement. Made from carefully selected natural fox fur, the coat is hand-dyed with a lynx effect, achieving a sophisticated, cool look, with subtle plays of shades. The cut highlights the silhouette, and the rich texture of the fur provides volume, warmth and an undeniable luxury look. Each piece is made to order, according to the client's measurements, which guarantees an impeccable fit and uniqueness. Aurora Ice is not a mass-produced product, but an exclusive creation, intended for those who appreciate quality, detail and impeccable finishes. Each coat is unique, the colors and pattern may vary slightly, preserving the exclusive character of the product. Production time: 7\u201314 working days. The product is made individually, according to your measurements. After placing your order, a CCM Boutique consultant will contact you to confirm the desired dimensions and details.\"><span class=\"Y2IQFc\" lang=\"en\">Produsul este realizat individual, conform m\u0103sur\u0103torilor dumneavoastr\u0103.<\/span><\/p>\n<p class=\"tw-data-text tw-text-large tw-ta\" dir=\"ltr\" tabindex=\"-1\" role=\"text\" data-placeholder=\"Traducere\" data-ved=\"2ahUKEwjV_oyD0rCSAxVs9rsIHQF9BJkQ3ewLegQIDBAW\" aria-label=\"Text tradus: Aurora Ice fur coat is a statement piece, created for women who seek authentic elegance and refinement. Made from carefully selected natural fox fur, the coat is hand-dyed with a lynx effect, achieving a sophisticated, cool look, with subtle plays of shades. The cut highlights the silhouette, and the rich texture of the fur provides volume, warmth and an undeniable luxury look. Each piece is made to order, according to the client's measurements, which guarantees an impeccable fit and uniqueness. Aurora Ice is not a mass-produced product, but an exclusive creation, intended for those who appreciate quality, detail and impeccable finishes. Each coat is unique, the colors and pattern may vary slightly, preserving the exclusive character of the product. Production time: 7\u201314 working days. The product is made individually, according to your measurements. After placing your order, a CCM Boutique consultant will contact you to confirm the desired dimensions and details.\"><span class=\"Y2IQFc\" lang=\"en\">Dup\u0103 plasarea comenzii, un consultant CCM Boutique te va contacta pentru confirmarea dimensiunilor \u0219i detaliilor dorite.<\/span><\/p>\n","protected":false},"featured_media":5543525,"comment_status":"closed","ping_status":"closed","template":"","meta":[],"product_cat":[444,452],"product_tag":[],"class_list":["post-5543539","product","type-product","status-publish","has-post-thumbnail","hentry","product_cat-femei-2","product_cat-haine-din-blana-2"],"acf":[],"_links":{"self":[{"href":"https:\/\/www.ccmboutique.ro\/ro\/wp-json\/wp\/v2\/product\/5543539","targetHints":{"allow":["GET"]}}],"collection":[{"href":"https:\/\/www.ccmboutique.ro\/ro\/wp-json\/wp\/v2\/product"}],"about":[{"href":"https:\/\/www.ccmboutique.ro\/ro\/wp-json\/wp\/v2\/types\/product"}],"replies":[{"embeddable":true,"href":"https:\/\/www.ccmboutique.ro\/ro\/wp-json\/wp\/v2\/comments?post=5543539"}],"version-history":[{"count":0,"href":"https:\/\/www.ccmboutique.ro\/ro\/wp-json\/wp\/v2\/product\/5543539\/revisions"}],"wp:featuredmedia":[{"embeddable":true,"href":"https:\/\/www.ccmboutique.ro\/ro\/wp-json\/wp\/v2\/media\/5543525"}],"wp:attachment":[{"href":"https:\/\/www.ccmboutique.ro\/ro\/wp-json\/wp\/v2\/media?parent=5543539"}],"wp:term":[{"taxonomy":"product_cat","embeddable":true,"href":"https:\/\/www.ccmboutique.ro\/ro\/wp-json\/wp\/v2\/product_cat?post=5543539"},{"taxonomy":"product_tag","embeddable":true,"href":"https:\/\/www.ccmboutique.ro\/ro\/wp-json\/wp\/v2\/product_tag?post=5543539"}],"curies":[{"name":"wp","href":"https:\/\/api.w.org\/{rel}","templated":true}]}}