{"id":5543495,"date":"2026-01-29T15:08:24","date_gmt":"2026-01-29T13:08:24","guid":{"rendered":"https:\/\/www.ccmboutique.ro\/shop\/haina-de-blana-cathrine\/"},"modified":"2026-01-29T15:32:01","modified_gmt":"2026-01-29T13:32:01","slug":"cathrine-fur-coat","status":"publish","type":"product","link":"https:\/\/www.ccmboutique.ro\/ro\/shop\/cathrine-fur-coat\/","title":{"rendered":"Haina De Blana CATHRINE"},"content":{"rendered":"","protected":false},"excerpt":{"rendered":"<p id=\"tw-target-text\" class=\"tw-data-text tw-text-large tw-ta\" dir=\"ltr\" tabindex=\"-1\" role=\"text\" data-placeholder=\"Traducere\" data-ved=\"2ahUKEwjV_oyD0rCSAxVs9rsIHQF9BJkQ3ewLegQIDBAW\" aria-label=\"Text tradus: Short coat made of natural fox fur, made to order, according to the client's measurements, ideal for women who seek refinement and luxury. Premium natural materials, 100% fur and natural leather, chosen for their texture, durability and elegance. Each piece is created individually, according to the client's measurements, with attention to details and proportions. We do not work in series, each coat is unique. Details of your choice: color, zippers, pockets. Personalized cut for shoulders, bust, waist, hips and length. Production time: 7\u201314 working days. After placing the order, a CCM Boutique consultant will contact you to confirm the desired dimensions and details. Exclusive and handmade design.\"><span class=\"Y2IQFc\" lang=\"en\">Hain\u0103 scurt\u0103 din blan\u0103 natural\u0103 de vulpe realizata la comand\u0103, conform m\u0103sur\u0103torilor clientei,ideal\u0103 pentru femeile care caut\u0103 rafinament \u0219i lux.<\/span><\/p>\n<p class=\"tw-data-text tw-text-large tw-ta\" dir=\"ltr\" tabindex=\"-1\" role=\"text\" data-placeholder=\"Traducere\" data-ved=\"2ahUKEwjV_oyD0rCSAxVs9rsIHQF9BJkQ3ewLegQIDBAW\" aria-label=\"Text tradus: Short coat made of natural fox fur, made to order, according to the client's measurements, ideal for women who seek refinement and luxury. Premium natural materials, 100% fur and natural leather, chosen for their texture, durability and elegance. Each piece is created individually, according to the client's measurements, with attention to details and proportions. We do not work in series, each coat is unique. Details of your choice: color, zippers, pockets. Personalized cut for shoulders, bust, waist, hips and length. Production time: 7\u201314 working days. After placing the order, a CCM Boutique consultant will contact you to confirm the desired dimensions and details. Exclusive and handmade design.\"><span class=\"Y2IQFc\" lang=\"en\">Materiale naturale premium, 100% blan\u0103 si piele naturala, alese pentru textura, durabilitatea \u0219i elegan\u021ba lor.<\/span><\/p>\n<p class=\"tw-data-text tw-text-large tw-ta\" dir=\"ltr\" tabindex=\"-1\" role=\"text\" data-placeholder=\"Traducere\" data-ved=\"2ahUKEwjV_oyD0rCSAxVs9rsIHQF9BJkQ3ewLegQIDBAW\" aria-label=\"Text tradus: Short coat made of natural fox fur, made to order, according to the client's measurements, ideal for women who seek refinement and luxury. Premium natural materials, 100% fur and natural leather, chosen for their texture, durability and elegance. Each piece is created individually, according to the client's measurements, with attention to details and proportions. We do not work in series, each coat is unique. Details of your choice: color, zippers, pockets. Personalized cut for shoulders, bust, waist, hips and length. Production time: 7\u201314 working days. After placing the order, a CCM Boutique consultant will contact you to confirm the desired dimensions and details. Exclusive and handmade design.\"><span class=\"Y2IQFc\" lang=\"en\">Fiecare pies\u0103 este creat\u0103 individual, conform m\u0103sur\u0103torilor clientei, cu aten\u021bie la detalii \u0219i propor\u021bii.<\/span><\/p>\n<p class=\"tw-data-text tw-text-large tw-ta\" dir=\"ltr\" tabindex=\"-1\" role=\"text\" data-placeholder=\"Traducere\" data-ved=\"2ahUKEwjV_oyD0rCSAxVs9rsIHQF9BJkQ3ewLegQIDBAW\" aria-label=\"Text tradus: Short coat made of natural fox fur, made to order, according to the client's measurements, ideal for women who seek refinement and luxury. Premium natural materials, 100% fur and natural leather, chosen for their texture, durability and elegance. Each piece is created individually, according to the client's measurements, with attention to details and proportions. We do not work in series, each coat is unique. Details of your choice: color, zippers, pockets. Personalized cut for shoulders, bust, waist, hips and length. Production time: 7\u201314 working days. After placing the order, a CCM Boutique consultant will contact you to confirm the desired dimensions and details. Exclusive and handmade design.\"><span class=\"Y2IQFc\" lang=\"en\">Nu lucr\u0103m \u00een serie, fiecare haina este unica.<\/span><\/p>\n<p class=\"tw-data-text tw-text-large tw-ta\" dir=\"ltr\" tabindex=\"-1\" role=\"text\" data-placeholder=\"Traducere\" data-ved=\"2ahUKEwjV_oyD0rCSAxVs9rsIHQF9BJkQ3ewLegQIDBAW\" aria-label=\"Text tradus: Short coat made of natural fox fur, made to order, according to the client's measurements, ideal for women who seek refinement and luxury. Premium natural materials, 100% fur and natural leather, chosen for their texture, durability and elegance. Each piece is created individually, according to the client's measurements, with attention to details and proportions. We do not work in series, each coat is unique. Details of your choice: color, zippers, pockets. Personalized cut for shoulders, bust, waist, hips and length. Production time: 7\u201314 working days. After placing the order, a CCM Boutique consultant will contact you to confirm the desired dimensions and details. Exclusive and handmade design.\"><span class=\"Y2IQFc\" lang=\"en\">Detalii la alegere: culoare, fermoare, buzunare.<\/span><\/p>\n<p class=\"tw-data-text tw-text-large tw-ta\" dir=\"ltr\" tabindex=\"-1\" role=\"text\" data-placeholder=\"Traducere\" data-ved=\"2ahUKEwjV_oyD0rCSAxVs9rsIHQF9BJkQ3ewLegQIDBAW\" aria-label=\"Text tradus: Short coat made of natural fox fur, made to order, according to the client's measurements, ideal for women who seek refinement and luxury. Premium natural materials, 100% fur and natural leather, chosen for their texture, durability and elegance. Each piece is created individually, according to the client's measurements, with attention to details and proportions. We do not work in series, each coat is unique. Details of your choice: color, zippers, pockets. Personalized cut for shoulders, bust, waist, hips and length. Production time: 7\u201314 working days. After placing the order, a CCM Boutique consultant will contact you to confirm the desired dimensions and details. Exclusive and handmade design.\"><span class=\"Y2IQFc\" lang=\"en\">Croial\u0103 personalizat\u0103 pentru umeri, bust, talie, \u0219olduri \u0219i lungime.<\/span><\/p>\n<p class=\"tw-data-text tw-text-large tw-ta\" dir=\"ltr\" tabindex=\"-1\" role=\"text\" data-placeholder=\"Traducere\" data-ved=\"2ahUKEwjV_oyD0rCSAxVs9rsIHQF9BJkQ3ewLegQIDBAW\" aria-label=\"Text tradus: Short coat made of natural fox fur, made to order, according to the client's measurements, ideal for women who seek refinement and luxury. Premium natural materials, 100% fur and natural leather, chosen for their texture, durability and elegance. Each piece is created individually, according to the client's measurements, with attention to details and proportions. We do not work in series, each coat is unique. Details of your choice: color, zippers, pockets. Personalized cut for shoulders, bust, waist, hips and length. Production time: 7\u201314 working days. After placing the order, a CCM Boutique consultant will contact you to confirm the desired dimensions and details. Exclusive and handmade design.\"><span class=\"Y2IQFc\" lang=\"en\">Timp de produc\u021bie: 7\u201314 zile lucr\u0103toare.<\/span><\/p>\n<p class=\"tw-data-text tw-text-large tw-ta\" dir=\"ltr\" tabindex=\"-1\" role=\"text\" data-placeholder=\"Traducere\" data-ved=\"2ahUKEwjV_oyD0rCSAxVs9rsIHQF9BJkQ3ewLegQIDBAW\" aria-label=\"Text tradus: Short coat made of natural fox fur, made to order, according to the client's measurements, ideal for women who seek refinement and luxury. Premium natural materials, 100% fur and natural leather, chosen for their texture, durability and elegance. Each piece is created individually, according to the client's measurements, with attention to details and proportions. We do not work in series, each coat is unique. Details of your choice: color, zippers, pockets. Personalized cut for shoulders, bust, waist, hips and length. Production time: 7\u201314 working days. After placing the order, a CCM Boutique consultant will contact you to confirm the desired dimensions and details. Exclusive and handmade design.\"><span class=\"Y2IQFc\" lang=\"en\">Dup\u0103 plasarea comenzii, un consultant CCM Boutique v\u0103 va contacta pentru a confirma dimensiunile \u0219i detaliile dorite.<\/span><\/p>\n<p class=\"tw-data-text tw-text-large tw-ta\" dir=\"ltr\" tabindex=\"-1\" role=\"text\" data-placeholder=\"Traducere\" data-ved=\"2ahUKEwjV_oyD0rCSAxVs9rsIHQF9BJkQ3ewLegQIDBAW\" aria-label=\"Text tradus: Short coat made of natural fox fur, made to order, according to the client's measurements, ideal for women who seek refinement and luxury. Premium natural materials, 100% fur and natural leather, chosen for their texture, durability and elegance. Each piece is created individually, according to the client's measurements, with attention to details and proportions. We do not work in series, each coat is unique. Details of your choice: color, zippers, pockets. Personalized cut for shoulders, bust, waist, hips and length. Production time: 7\u201314 working days. After placing the order, a CCM Boutique consultant will contact you to confirm the desired dimensions and details. Exclusive and handmade design.\"><span class=\"Y2IQFc\" lang=\"en\">Design exclusiv \u0219i lucrat manual.<\/span><\/p>\n","protected":false},"featured_media":5543488,"comment_status":"closed","ping_status":"closed","template":"","meta":[],"product_cat":[444,452],"product_tag":[],"class_list":["post-5543495","product","type-product","status-publish","has-post-thumbnail","hentry","product_cat-femei-2","product_cat-haine-din-blana-2"],"acf":[],"_links":{"self":[{"href":"https:\/\/www.ccmboutique.ro\/ro\/wp-json\/wp\/v2\/product\/5543495","targetHints":{"allow":["GET"]}}],"collection":[{"href":"https:\/\/www.ccmboutique.ro\/ro\/wp-json\/wp\/v2\/product"}],"about":[{"href":"https:\/\/www.ccmboutique.ro\/ro\/wp-json\/wp\/v2\/types\/product"}],"replies":[{"embeddable":true,"href":"https:\/\/www.ccmboutique.ro\/ro\/wp-json\/wp\/v2\/comments?post=5543495"}],"version-history":[{"count":2,"href":"https:\/\/www.ccmboutique.ro\/ro\/wp-json\/wp\/v2\/product\/5543495\/revisions"}],"predecessor-version":[{"id":5543509,"href":"https:\/\/www.ccmboutique.ro\/ro\/wp-json\/wp\/v2\/product\/5543495\/revisions\/5543509"}],"wp:featuredmedia":[{"embeddable":true,"href":"https:\/\/www.ccmboutique.ro\/ro\/wp-json\/wp\/v2\/media\/5543488"}],"wp:attachment":[{"href":"https:\/\/www.ccmboutique.ro\/ro\/wp-json\/wp\/v2\/media?parent=5543495"}],"wp:term":[{"taxonomy":"product_cat","embeddable":true,"href":"https:\/\/www.ccmboutique.ro\/ro\/wp-json\/wp\/v2\/product_cat?post=5543495"},{"taxonomy":"product_tag","embeddable":true,"href":"https:\/\/www.ccmboutique.ro\/ro\/wp-json\/wp\/v2\/product_tag?post=5543495"}],"curies":[{"name":"wp","href":"https:\/\/api.w.org\/{rel}","templated":true}]}}