{"id":5543347,"date":"2026-01-27T14:33:31","date_gmt":"2026-01-27T12:33:31","guid":{"rendered":"https:\/\/www.ccmboutique.ro\/shop\/haina-de-blana-caroline-gold-island\/"},"modified":"2026-01-27T14:53:36","modified_gmt":"2026-01-27T12:53:36","slug":"caroline-gold-island-fur-coat","status":"publish","type":"product","link":"https:\/\/www.ccmboutique.ro\/ro\/shop\/caroline-gold-island-fur-coat\/","title":{"rendered":"Haina De Blana CAROLINE Gold Island"},"content":{"rendered":"","protected":false},"excerpt":{"rendered":"<p class=\"tw-data-text tw-text-large tw-ta\" dir=\"ltr\" data-placeholder=\"Traducere\" data-ved=\"2ahUKEwiGgaDsm6CJAxXhhf0HHXcoF0YQ3ewLegQIChAU\" aria-label=\"Text tradus: Welcome to the world of authentic elegance, where art and nature meet to give birth to unique creations. In our natural fur collection, each piece is more than just an article of clothing \u2013 it's an expression of sophistication and timeless luxury. Our furs are made with great care, from the highest quality materials, respecting all international norms of ethics and sustainability. Every detail, from the stitching to the texture, is handcrafted for you to enjoy an unparalleled experience. What sets us apart is the customization process. All our creations are made to measure so that each piece perfectly matches your style and desires. It's not just a product, but a collaboration where you, the customer, are part of the story.\"><span class=\"Y2IQFc\" lang=\"en\">Bl\u0103nurile noastre sunt realizate cu mare grij\u0103, din materiale de cea mai \u00eenalt\u0103 calitate, respect\u00e2nd toate normele interna\u021bionale de etic\u0103 \u0219i durabilitate.<\/span><\/p>\n<p class=\"tw-data-text tw-text-large tw-ta\" dir=\"ltr\" data-placeholder=\"Traducere\" data-ved=\"2ahUKEwiGgaDsm6CJAxXhhf0HHXcoF0YQ3ewLegQIChAU\" aria-label=\"Text tradus: Welcome to the world of authentic elegance, where art and nature meet to give birth to unique creations. In our natural fur collection, each piece is more than just an article of clothing \u2013 it's an expression of sophistication and timeless luxury. Our furs are made with great care, from the highest quality materials, respecting all international norms of ethics and sustainability. Every detail, from the stitching to the texture, is handcrafted for you to enjoy an unparalleled experience. What sets us apart is the customization process. All our creations are made to measure so that each piece perfectly matches your style and desires. It's not just a product, but a collaboration where you, the customer, are part of the story.\"><span class=\"Y2IQFc\" lang=\"en\">Haina este confec\u021bionat\u0103 din blan\u0103 natural\u0103 de vulpe aurie, rar\u0103 \u0219i exclusivist\u0103, cusut\u0103 pe un suport de piele natural\u0103.<\/span><\/p>\n<p id=\"tw-target-text\" class=\"tw-data-text tw-text-large tw-ta\" dir=\"ltr\" tabindex=\"-1\" role=\"text\" data-placeholder=\"Traducere\" data-ved=\"2ahUKEwiBn9GG1auSAxWG1AIHHQxpCeQQ3ewLegQIDBAW\" aria-label=\"Text tradus: The Golden Island coat, recognized for its warm tones of gold, beige and cream with silver accents, offers a sophisticated and unique look, ideal for memorable appearances.\"><span class=\"Y2IQFc\" lang=\"en\">Aceasta haina de blana din vulpe golden island este recunoscuta pentru tonurile sale calde de auriu, bej \u0219i crem cu accente argintii, ofer\u0103 un aspect sofisticat \u0219i unic, ideal pentru apari\u021bii memorabile.<\/span><\/p>\n<p class=\"tw-data-text tw-text-large tw-ta\" dir=\"ltr\" data-placeholder=\"Traducere\" data-ved=\"2ahUKEwiGgaDsm6CJAxXhhf0HHXcoF0YQ3ewLegQIChAU\" aria-label=\"Text tradus: Welcome to the world of authentic elegance, where art and nature meet to give birth to unique creations. In our natural fur collection, each piece is more than just an article of clothing \u2013 it's an expression of sophistication and timeless luxury. Our furs are made with great care, from the highest quality materials, respecting all international norms of ethics and sustainability. Every detail, from the stitching to the texture, is handcrafted for you to enjoy an unparalleled experience. What sets us apart is the customization process. All our creations are made to measure so that each piece perfectly matches your style and desires. It's not just a product, but a collaboration where you, the customer, are part of the story.\"><span class=\"Y2IQFc\" lang=\"en\">Fiecare detaliu, de la cus\u0103turi la textur\u0103, este realizat manual pentru ca tu s\u0103 te bucuri de o experien\u021b\u0103 de neegalat.<\/span><\/p>\n<p class=\"tw-data-text tw-text-large tw-ta\" dir=\"ltr\" data-placeholder=\"Traducere\" data-ved=\"2ahUKEwiGgaDsm6CJAxXhhf0HHXcoF0YQ3ewLegQIChAU\" aria-label=\"Text tradus: Welcome to the world of authentic elegance, where art and nature meet to give birth to unique creations. In our natural fur collection, each piece is more than just an article of clothing \u2013 it's an expression of sophistication and timeless luxury. Our furs are made with great care, from the highest quality materials, respecting all international norms of ethics and sustainability. Every detail, from the stitching to the texture, is handcrafted for you to enjoy an unparalleled experience. What sets us apart is the customization process. All our creations are made to measure so that each piece perfectly matches your style and desires. It's not just a product, but a collaboration where you, the customer, are part of the story.\"><span class=\"Y2IQFc\" lang=\"en\">Ceea ce ne diferen\u021biaz\u0103 este procesul de personalizare.<\/span><\/p>\n<p class=\"tw-data-text tw-text-large tw-ta\" dir=\"ltr\" data-placeholder=\"Traducere\" data-ved=\"2ahUKEwiGgaDsm6CJAxXhhf0HHXcoF0YQ3ewLegQIChAU\" aria-label=\"Text tradus: Welcome to the world of authentic elegance, where art and nature meet to give birth to unique creations. In our natural fur collection, each piece is more than just an article of clothing \u2013 it's an expression of sophistication and timeless luxury. Our furs are made with great care, from the highest quality materials, respecting all international norms of ethics and sustainability. Every detail, from the stitching to the texture, is handcrafted for you to enjoy an unparalleled experience. What sets us apart is the customization process. All our creations are made to measure so that each piece perfectly matches your style and desires. It's not just a product, but a collaboration where you, the customer, are part of the story.\"><span class=\"Y2IQFc\" lang=\"en\">Toate crea\u021biile noastre sunt realizate pe m\u0103sur\u0103, astfel \u00eenc\u00e2t fiecare pies\u0103 s\u0103 se potriveasc\u0103 perfect cu stilul \u0219i dorin\u021bele dumneavoastr\u0103.<\/span><\/p>\n<p class=\"tw-data-text tw-text-large tw-ta\" dir=\"ltr\" tabindex=\"-1\" role=\"text\" data-placeholder=\"Traducere\" data-ved=\"2ahUKEwjA-f2F956QAxVelP0HHWNFJSQQ3ewLegQICxAV\" aria-label=\"Text tradus: Handcrafted, every detail is carefully finished to provide a feminine, sophisticated and perfectly proportioned silhouette. Perfect for the woman who appreciates exclusivity and quality, this fur coat becomes the center of any appearance. Handmade to order. Production time: 7\u201314 working days. The product is made individually, according to your measurements. After placing the order, a CCM Boutique consultant will contact you to confirm the desired dimensions and details. Exclusive design and handmade execution. Natural materials of the highest quality. Each piece is unique, made especially for you.\"><span class=\"Y2IQFc\" lang=\"en\">Timp de produc\u021bie: 7\u201314 zile lucr\u0103toare.<\/span><\/p>\n<p class=\"tw-data-text tw-text-large tw-ta\" dir=\"ltr\" tabindex=\"-1\" role=\"text\" data-placeholder=\"Traducere\" data-ved=\"2ahUKEwjA-f2F956QAxVelP0HHWNFJSQQ3ewLegQICxAV\" aria-label=\"Text tradus: Handcrafted, every detail is carefully finished to provide a feminine, sophisticated and perfectly proportioned silhouette. Perfect for the woman who appreciates exclusivity and quality, this fur coat becomes the center of any appearance. Handmade to order. Production time: 7\u201314 working days. The product is made individually, according to your measurements. After placing the order, a CCM Boutique consultant will contact you to confirm the desired dimensions and details. Exclusive design and handmade execution. Natural materials of the highest quality. Each piece is unique, made especially for you.\"><span class=\"Y2IQFc\" lang=\"en\">Produsul este realizat individual, conform m\u0103sur\u0103torilor dumneavoastr\u0103.<\/span><\/p>\n<p class=\"tw-data-text tw-text-large tw-ta\" dir=\"ltr\" tabindex=\"-1\" role=\"text\" data-placeholder=\"Traducere\" data-ved=\"2ahUKEwjA-f2F956QAxVelP0HHWNFJSQQ3ewLegQICxAV\" aria-label=\"Text tradus: Handcrafted, every detail is carefully finished to provide a feminine, sophisticated and perfectly proportioned silhouette. Perfect for the woman who appreciates exclusivity and quality, this fur coat becomes the center of any appearance. Handmade to order. Production time: 7\u201314 working days. The product is made individually, according to your measurements. After placing the order, a CCM Boutique consultant will contact you to confirm the desired dimensions and details. Exclusive design and handmade execution. Natural materials of the highest quality. Each piece is unique, made especially for you.\"><span class=\"Y2IQFc\" lang=\"en\">Dup\u0103 plasarea comenzii, un consultant CCM Boutique v\u0103 va contacta pentru a confirma dimensiunile \u0219i detaliile dorite.<\/span><\/p>\n<p class=\"tw-data-text tw-text-large tw-ta\" dir=\"ltr\" tabindex=\"-1\" role=\"text\" data-placeholder=\"Traducere\" data-ved=\"2ahUKEwjA-f2F956QAxVelP0HHWNFJSQQ3ewLegQICxAV\" aria-label=\"Text tradus: Handcrafted, every detail is carefully finished to provide a feminine, sophisticated and perfectly proportioned silhouette. Perfect for the woman who appreciates exclusivity and quality, this fur coat becomes the center of any appearance. Handmade to order. Production time: 7\u201314 working days. The product is made individually, according to your measurements. After placing the order, a CCM Boutique consultant will contact you to confirm the desired dimensions and details. Exclusive design and handmade execution. Natural materials of the highest quality. Each piece is unique, made especially for you.\">Design exclusiv \u0219i execu\u021bie manual\u0103, fiecare pies\u0103 este unic\u0103, realizat\u0103 special pentru tine.<\/p>\n","protected":false},"featured_media":5543330,"comment_status":"closed","ping_status":"closed","template":"","meta":[],"product_cat":[444,452],"product_tag":[],"class_list":["post-5543347","product","type-product","status-publish","has-post-thumbnail","hentry","product_cat-femei-2","product_cat-haine-din-blana-2"],"acf":[],"_links":{"self":[{"href":"https:\/\/www.ccmboutique.ro\/ro\/wp-json\/wp\/v2\/product\/5543347","targetHints":{"allow":["GET"]}}],"collection":[{"href":"https:\/\/www.ccmboutique.ro\/ro\/wp-json\/wp\/v2\/product"}],"about":[{"href":"https:\/\/www.ccmboutique.ro\/ro\/wp-json\/wp\/v2\/types\/product"}],"replies":[{"embeddable":true,"href":"https:\/\/www.ccmboutique.ro\/ro\/wp-json\/wp\/v2\/comments?post=5543347"}],"version-history":[{"count":1,"href":"https:\/\/www.ccmboutique.ro\/ro\/wp-json\/wp\/v2\/product\/5543347\/revisions"}],"predecessor-version":[{"id":5543354,"href":"https:\/\/www.ccmboutique.ro\/ro\/wp-json\/wp\/v2\/product\/5543347\/revisions\/5543354"}],"wp:featuredmedia":[{"embeddable":true,"href":"https:\/\/www.ccmboutique.ro\/ro\/wp-json\/wp\/v2\/media\/5543330"}],"wp:attachment":[{"href":"https:\/\/www.ccmboutique.ro\/ro\/wp-json\/wp\/v2\/media?parent=5543347"}],"wp:term":[{"taxonomy":"product_cat","embeddable":true,"href":"https:\/\/www.ccmboutique.ro\/ro\/wp-json\/wp\/v2\/product_cat?post=5543347"},{"taxonomy":"product_tag","embeddable":true,"href":"https:\/\/www.ccmboutique.ro\/ro\/wp-json\/wp\/v2\/product_tag?post=5543347"}],"curies":[{"name":"wp","href":"https:\/\/api.w.org\/{rel}","templated":true}]}}