{"id":5543139,"date":"2026-01-21T17:31:18","date_gmt":"2026-01-21T15:31:18","guid":{"rendered":"https:\/\/www.ccmboutique.ro\/shop\/haina-de-blana-alma-white\/"},"modified":"2026-01-21T17:31:18","modified_gmt":"2026-01-21T15:31:18","slug":"alma-white-fur-coat","status":"publish","type":"product","link":"https:\/\/www.ccmboutique.ro\/ro\/shop\/alma-white-fur-coat\/","title":{"rendered":"Haina De Blana ALMA White"},"content":{"rendered":"","protected":false},"excerpt":{"rendered":"<p id=\"tw-target-text\" class=\"tw-data-text tw-text-large tw-ta\" dir=\"ltr\" tabindex=\"-1\" role=\"text\" data-placeholder=\"Traducere\" data-ved=\"2ahUKEwjA-f2F956QAxVelP0HHWNFJSQQ3ewLegQICxAV\" aria-label=\"Text tradus: Handcrafted, every detail is carefully finished to provide a feminine, sophisticated and perfectly proportioned silhouette. Perfect for the woman who appreciates exclusivity and quality, this fur coat becomes the center of any appearance. Handmade to order. Production time: 7\u201314 working days. The product is made individually, according to your measurements. After placing the order, a CCM Boutique consultant will contact you to confirm the desired dimensions and details. Exclusive design and handmade execution. Natural materials of the highest quality. Each piece is unique, made especially for you.\"><span class=\"Y2IQFc\" lang=\"en\">Lucrat\u0103 manual, fiecare detaliu este atent finisat pentru a oferi o siluet\u0103 feminin\u0103, sofisticat\u0103 \u0219i perfect propor\u021bionat\u0103.<\/span><\/p>\n<p class=\"tw-data-text tw-text-large tw-ta\" dir=\"ltr\" tabindex=\"-1\" role=\"text\" data-placeholder=\"Traducere\" data-ved=\"2ahUKEwjA-f2F956QAxVelP0HHWNFJSQQ3ewLegQICxAV\" aria-label=\"Text tradus: Handcrafted, every detail is carefully finished to provide a feminine, sophisticated and perfectly proportioned silhouette. Perfect for the woman who appreciates exclusivity and quality, this fur coat becomes the center of any appearance. Handmade to order. Production time: 7\u201314 working days. The product is made individually, according to your measurements. After placing the order, a CCM Boutique consultant will contact you to confirm the desired dimensions and details. Exclusive design and handmade execution. Natural materials of the highest quality. Each piece is unique, made especially for you.\"><span class=\"Y2IQFc\" lang=\"en\">Perfect\u0103 pentru femeia care apreciaz\u0103 exclusivitatea \u0219i calitatea, aceast\u0103 hain\u0103 de blan\u0103 devine centrul oric\u0103rei apari\u021bii.<\/span><\/p>\n<p class=\"tw-data-text tw-text-large tw-ta\" dir=\"ltr\" tabindex=\"-1\" role=\"text\" data-placeholder=\"Traducere\" data-ved=\"2ahUKEwjA-f2F956QAxVelP0HHWNFJSQQ3ewLegQICxAV\" aria-label=\"Text tradus: Handcrafted, every detail is carefully finished to provide a feminine, sophisticated and perfectly proportioned silhouette. Perfect for the woman who appreciates exclusivity and quality, this fur coat becomes the center of any appearance. Handmade to order. Production time: 7\u201314 working days. The product is made individually, according to your measurements. After placing the order, a CCM Boutique consultant will contact you to confirm the desired dimensions and details. Exclusive design and handmade execution. Natural materials of the highest quality. Each piece is unique, made especially for you.\"><span class=\"Y2IQFc\" lang=\"en\">Lucrat\u0103 manual la comand\u0103.<\/span><\/p>\n<p class=\"tw-data-text tw-text-large tw-ta\" dir=\"ltr\" tabindex=\"-1\" role=\"text\" data-placeholder=\"Traducere\" data-ved=\"2ahUKEwjA-f2F956QAxVelP0HHWNFJSQQ3ewLegQICxAV\" aria-label=\"Text tradus: Handcrafted, every detail is carefully finished to provide a feminine, sophisticated and perfectly proportioned silhouette. Perfect for the woman who appreciates exclusivity and quality, this fur coat becomes the center of any appearance. Handmade to order. Production time: 7\u201314 working days. The product is made individually, according to your measurements. After placing the order, a CCM Boutique consultant will contact you to confirm the desired dimensions and details. Exclusive design and handmade execution. Natural materials of the highest quality. Each piece is unique, made especially for you.\"><span class=\"Y2IQFc\" lang=\"en\">Timp de produc\u021bie: 7\u201314 zile lucr\u0103toare.<\/span><\/p>\n<p class=\"tw-data-text tw-text-large tw-ta\" dir=\"ltr\" tabindex=\"-1\" role=\"text\" data-placeholder=\"Traducere\" data-ved=\"2ahUKEwjA-f2F956QAxVelP0HHWNFJSQQ3ewLegQICxAV\" aria-label=\"Text tradus: Handcrafted, every detail is carefully finished to provide a feminine, sophisticated and perfectly proportioned silhouette. Perfect for the woman who appreciates exclusivity and quality, this fur coat becomes the center of any appearance. Handmade to order. Production time: 7\u201314 working days. The product is made individually, according to your measurements. After placing the order, a CCM Boutique consultant will contact you to confirm the desired dimensions and details. Exclusive design and handmade execution. Natural materials of the highest quality. Each piece is unique, made especially for you.\"><span class=\"Y2IQFc\" lang=\"en\">Produsul este realizat individual, conform m\u0103sur\u0103torilor dumneavoastr\u0103.<\/span><\/p>\n<p class=\"tw-data-text tw-text-large tw-ta\" dir=\"ltr\" tabindex=\"-1\" role=\"text\" data-placeholder=\"Traducere\" data-ved=\"2ahUKEwjA-f2F956QAxVelP0HHWNFJSQQ3ewLegQICxAV\" aria-label=\"Text tradus: Handcrafted, every detail is carefully finished to provide a feminine, sophisticated and perfectly proportioned silhouette. Perfect for the woman who appreciates exclusivity and quality, this fur coat becomes the center of any appearance. Handmade to order. Production time: 7\u201314 working days. The product is made individually, according to your measurements. After placing the order, a CCM Boutique consultant will contact you to confirm the desired dimensions and details. Exclusive design and handmade execution. Natural materials of the highest quality. Each piece is unique, made especially for you.\"><span class=\"Y2IQFc\" lang=\"en\">Dup\u0103 plasarea comenzii, un consultant CCM Boutique v\u0103 va contacta pentru a confirma dimensiunile \u0219i detaliile dorite.<\/span><\/p>\n<p class=\"tw-data-text tw-text-large tw-ta\" dir=\"ltr\" tabindex=\"-1\" role=\"text\" data-placeholder=\"Traducere\" data-ved=\"2ahUKEwjA-f2F956QAxVelP0HHWNFJSQQ3ewLegQICxAV\" aria-label=\"Text tradus: Handcrafted, every detail is carefully finished to provide a feminine, sophisticated and perfectly proportioned silhouette. Perfect for the woman who appreciates exclusivity and quality, this fur coat becomes the center of any appearance. Handmade to order. Production time: 7\u201314 working days. The product is made individually, according to your measurements. After placing the order, a CCM Boutique consultant will contact you to confirm the desired dimensions and details. Exclusive design and handmade execution. Natural materials of the highest quality. Each piece is unique, made especially for you.\"><span class=\"Y2IQFc\" lang=\"en\">Design exclusiv \u0219i execu\u021bie manual\u0103.<\/span><\/p>\n<p class=\"tw-data-text tw-text-large tw-ta\" dir=\"ltr\" tabindex=\"-1\" role=\"text\" data-placeholder=\"Traducere\" data-ved=\"2ahUKEwjA-f2F956QAxVelP0HHWNFJSQQ3ewLegQICxAV\" aria-label=\"Text tradus: Handcrafted, every detail is carefully finished to provide a feminine, sophisticated and perfectly proportioned silhouette. Perfect for the woman who appreciates exclusivity and quality, this fur coat becomes the center of any appearance. Handmade to order. Production time: 7\u201314 working days. The product is made individually, according to your measurements. After placing the order, a CCM Boutique consultant will contact you to confirm the desired dimensions and details. Exclusive design and handmade execution. Natural materials of the highest quality. Each piece is unique, made especially for you.\"><span class=\"Y2IQFc\" lang=\"en\">Materiale naturale de cea mai \u00eenalt\u0103 calitate.<\/span><\/p>\n<p class=\"tw-data-text tw-text-large tw-ta\" dir=\"ltr\" tabindex=\"-1\" role=\"text\" data-placeholder=\"Traducere\" data-ved=\"2ahUKEwjA-f2F956QAxVelP0HHWNFJSQQ3ewLegQICxAV\" aria-label=\"Text tradus: Handcrafted, every detail is carefully finished to provide a feminine, sophisticated and perfectly proportioned silhouette. Perfect for the woman who appreciates exclusivity and quality, this fur coat becomes the center of any appearance. Handmade to order. Production time: 7\u201314 working days. The product is made individually, according to your measurements. After placing the order, a CCM Boutique consultant will contact you to confirm the desired dimensions and details. Exclusive design and handmade execution. Natural materials of the highest quality. Each piece is unique, made especially for you.\"><span class=\"Y2IQFc\" lang=\"en\">Fiecare pies\u0103 este unic\u0103, realizat\u0103 special pentru dumneavoastr\u0103.<\/span><\/p>\n","protected":false},"featured_media":5543135,"comment_status":"closed","ping_status":"closed","template":"","meta":[],"product_cat":[444,452],"product_tag":[],"class_list":["post-5543139","product","type-product","status-publish","has-post-thumbnail","hentry","product_cat-femei-2","product_cat-haine-din-blana-2"],"acf":[],"_links":{"self":[{"href":"https:\/\/www.ccmboutique.ro\/ro\/wp-json\/wp\/v2\/product\/5543139","targetHints":{"allow":["GET"]}}],"collection":[{"href":"https:\/\/www.ccmboutique.ro\/ro\/wp-json\/wp\/v2\/product"}],"about":[{"href":"https:\/\/www.ccmboutique.ro\/ro\/wp-json\/wp\/v2\/types\/product"}],"replies":[{"embeddable":true,"href":"https:\/\/www.ccmboutique.ro\/ro\/wp-json\/wp\/v2\/comments?post=5543139"}],"version-history":[{"count":0,"href":"https:\/\/www.ccmboutique.ro\/ro\/wp-json\/wp\/v2\/product\/5543139\/revisions"}],"wp:featuredmedia":[{"embeddable":true,"href":"https:\/\/www.ccmboutique.ro\/ro\/wp-json\/wp\/v2\/media\/5543135"}],"wp:attachment":[{"href":"https:\/\/www.ccmboutique.ro\/ro\/wp-json\/wp\/v2\/media?parent=5543139"}],"wp:term":[{"taxonomy":"product_cat","embeddable":true,"href":"https:\/\/www.ccmboutique.ro\/ro\/wp-json\/wp\/v2\/product_cat?post=5543139"},{"taxonomy":"product_tag","embeddable":true,"href":"https:\/\/www.ccmboutique.ro\/ro\/wp-json\/wp\/v2\/product_tag?post=5543139"}],"curies":[{"name":"wp","href":"https:\/\/api.w.org\/{rel}","templated":true}]}}