{"id":5542631,"date":"2025-11-26T23:30:09","date_gmt":"2025-11-26T21:30:09","guid":{"rendered":"https:\/\/www.ccmboutique.ro\/shop\/haina-de-blana-kesha\/"},"modified":"2025-11-26T23:30:09","modified_gmt":"2025-11-26T21:30:09","slug":"kesha-fur-coat","status":"publish","type":"product","link":"https:\/\/www.ccmboutique.ro\/ro\/shop\/kesha-fur-coat\/","title":{"rendered":"Haina De Blana KESHA"},"content":{"rendered":"","protected":false},"excerpt":{"rendered":"<p id=\"tw-target-text\" class=\"tw-data-text tw-text-large tw-ta\" dir=\"ltr\" data-placeholder=\"Traducere\" data-ved=\"2ahUKEwj_4vDhrqKJAxW69LsIHQ2WDe8Q3ewLegQIChAU\" aria-label=\"Text tradus: Exclusivity and pure luxury: Personalized fox fur coat! A fur coat that dresses your every desire in style and sophistication. With a V design and rich fox fur, this model is the expression of ultimate elegance! l Total customization: \u2714\ufe0f Any color, any size, any length \u2714\ufe0f Closures of your choice: zipper or clips \u2714\ufe0f Every detail is adjusted for you! \ud83d\udc57 Create your perfect outfit and stand out with a piece created especially for you! There are no limits to your imagination. \ud83c\udfa8 \ud83d\udd17 Take the first step towards personalized elegance! Contact us now and let's work together on the ideal design.\"><span class=\"Y2IQFc\" lang=\"en\">Exclusivitate \u0219i lux pur: hain\u0103 de blan\u0103 de vulpe personalizat\u0103!<\/span><\/p>\n<p class=\"tw-data-text tw-text-large tw-ta\" dir=\"ltr\" data-placeholder=\"Traducere\" data-ved=\"2ahUKEwj_4vDhrqKJAxW69LsIHQ2WDe8Q3ewLegQIChAU\" aria-label=\"Text tradus: Exclusivity and pure luxury: Personalized fox fur coat! A fur coat that dresses your every desire in style and sophistication. With a V design and rich fox fur, this model is the expression of ultimate elegance! l Total customization: \u2714\ufe0f Any color, any size, any length \u2714\ufe0f Closures of your choice: zipper or clips \u2714\ufe0f Every detail is adjusted for you! \ud83d\udc57 Create your perfect outfit and stand out with a piece created especially for you! There are no limits to your imagination. \ud83c\udfa8 \ud83d\udd17 Take the first step towards personalized elegance! Contact us now and let's work together on the ideal design.\"><span class=\"Y2IQFc\" lang=\"en\">O hain\u0103 de blan\u0103 care v\u0103 \u00eembrac\u0103 fiecare dorin\u021b\u0103 \u00een stil \u0219i rafinament.<\/span><\/p>\n<p class=\"tw-data-text tw-text-large tw-ta\" dir=\"ltr\" data-placeholder=\"Traducere\" data-ved=\"2ahUKEwj_4vDhrqKJAxW69LsIHQ2WDe8Q3ewLegQIChAU\" aria-label=\"Text tradus: Exclusivity and pure luxury: Personalized fox fur coat! A fur coat that dresses your every desire in style and sophistication. With a V design and rich fox fur, this model is the expression of ultimate elegance! l Total customization: \u2714\ufe0f Any color, any size, any length \u2714\ufe0f Closures of your choice: zipper or clips \u2714\ufe0f Every detail is adjusted for you! \ud83d\udc57 Create your perfect outfit and stand out with a piece created especially for you! There are no limits to your imagination. \ud83c\udfa8 \ud83d\udd17 Take the first step towards personalized elegance! Contact us now and let's work together on the ideal design.\"><span class=\"Y2IQFc\" lang=\"en\">Acest model este expresia elegan\u021bei supreme!<\/span><\/p>\n<p class=\"tw-data-text tw-text-large tw-ta\" dir=\"ltr\" data-placeholder=\"Traducere\" data-ved=\"2ahUKEwj_4vDhrqKJAxW69LsIHQ2WDe8Q3ewLegQIChAU\" aria-label=\"Text tradus: Exclusivity and pure luxury: Personalized fox fur coat! A fur coat that dresses your every desire in style and sophistication. With a V design and rich fox fur, this model is the expression of ultimate elegance! l Total customization: \u2714\ufe0f Any color, any size, any length \u2714\ufe0f Closures of your choice: zipper or clips \u2714\ufe0f Every detail is adjusted for you! \ud83d\udc57 Create your perfect outfit and stand out with a piece created especially for you! There are no limits to your imagination. \ud83c\udfa8 \ud83d\udd17 Take the first step towards personalized elegance! Contact us now and let's work together on the ideal design.\"><span class=\"Y2IQFc\" lang=\"en\">Personalizare total\u0103:<\/span><\/p>\n<p class=\"tw-data-text tw-text-large tw-ta\" dir=\"ltr\" data-placeholder=\"Traducere\" data-ved=\"2ahUKEwj_4vDhrqKJAxW69LsIHQ2WDe8Q3ewLegQIChAU\" aria-label=\"Text tradus: Exclusivity and pure luxury: Personalized fox fur coat! A fur coat that dresses your every desire in style and sophistication. With a V design and rich fox fur, this model is the expression of ultimate elegance! l Total customization: \u2714\ufe0f Any color, any size, any length \u2714\ufe0f Closures of your choice: zipper or clips \u2714\ufe0f Every detail is adjusted for you! \ud83d\udc57 Create your perfect outfit and stand out with a piece created especially for you! There are no limits to your imagination. \ud83c\udfa8 \ud83d\udd17 Take the first step towards personalized elegance! Contact us now and let's work together on the ideal design.\"><span class=\"Y2IQFc\" lang=\"en\">\u2714\ufe0f Orice culoare, orice dimensiune, orice lungime.<\/span><\/p>\n<p class=\"tw-data-text tw-text-large tw-ta\" dir=\"ltr\" data-placeholder=\"Traducere\" data-ved=\"2ahUKEwj_4vDhrqKJAxW69LsIHQ2WDe8Q3ewLegQIChAU\" aria-label=\"Text tradus: Exclusivity and pure luxury: Personalized fox fur coat! A fur coat that dresses your every desire in style and sophistication. With a V design and rich fox fur, this model is the expression of ultimate elegance! l Total customization: \u2714\ufe0f Any color, any size, any length \u2714\ufe0f Closures of your choice: zipper or clips \u2714\ufe0f Every detail is adjusted for you! \ud83d\udc57 Create your perfect outfit and stand out with a piece created especially for you! There are no limits to your imagination. \ud83c\udfa8 \ud83d\udd17 Take the first step towards personalized elegance! Contact us now and let's work together on the ideal design.\"><span class=\"Y2IQFc\" lang=\"en\">\u2714\ufe0f \u00cenchidere la alegere: fermoar sau agrafe.<\/span><\/p>\n<p class=\"tw-data-text tw-text-large tw-ta\" dir=\"ltr\" data-placeholder=\"Traducere\" data-ved=\"2ahUKEwj_4vDhrqKJAxW69LsIHQ2WDe8Q3ewLegQIChAU\" aria-label=\"Text tradus: Exclusivity and pure luxury: Personalized fox fur coat! A fur coat that dresses your every desire in style and sophistication. With a V design and rich fox fur, this model is the expression of ultimate elegance! l Total customization: \u2714\ufe0f Any color, any size, any length \u2714\ufe0f Closures of your choice: zipper or clips \u2714\ufe0f Every detail is adjusted for you! \ud83d\udc57 Create your perfect outfit and stand out with a piece created especially for you! There are no limits to your imagination. \ud83c\udfa8 \ud83d\udd17 Take the first step towards personalized elegance! Contact us now and let's work together on the ideal design.\"><span class=\"Y2IQFc\" lang=\"en\">\u2714\ufe0f Fiecare detaliu este reglat pentru tine!<\/span><\/p>\n<p class=\"tw-data-text tw-text-large tw-ta\" dir=\"ltr\" data-placeholder=\"Traducere\" data-ved=\"2ahUKEwj_4vDhrqKJAxW69LsIHQ2WDe8Q3ewLegQIChAU\" aria-label=\"Text tradus: Exclusivity and pure luxury: Personalized fox fur coat! A fur coat that dresses your every desire in style and sophistication. With a V design and rich fox fur, this model is the expression of ultimate elegance! l Total customization: \u2714\ufe0f Any color, any size, any length \u2714\ufe0f Closures of your choice: zipper or clips \u2714\ufe0f Every detail is adjusted for you! \ud83d\udc57 Create your perfect outfit and stand out with a piece created especially for you! There are no limits to your imagination. \ud83c\udfa8 \ud83d\udd17 Take the first step towards personalized elegance! Contact us now and let's work together on the ideal design.\"><span class=\"Y2IQFc\" lang=\"en\">Creeaz\u0103-\u021bi \u021binuta perfect\u0103 \u0219i ie\u0219i \u00een eviden\u021b\u0103 cu o pies\u0103 creat\u0103 special pentru tine!<\/span><\/p>\n<p class=\"tw-data-text tw-text-large tw-ta\" dir=\"ltr\" data-placeholder=\"Traducere\" data-ved=\"2ahUKEwj_4vDhrqKJAxW69LsIHQ2WDe8Q3ewLegQIChAU\" aria-label=\"Text tradus: Exclusivity and pure luxury: Personalized fox fur coat! A fur coat that dresses your every desire in style and sophistication. With a V design and rich fox fur, this model is the expression of ultimate elegance! l Total customization: \u2714\ufe0f Any color, any size, any length \u2714\ufe0f Closures of your choice: zipper or clips \u2714\ufe0f Every detail is adjusted for you! \ud83d\udc57 Create your perfect outfit and stand out with a piece created especially for you! There are no limits to your imagination. \ud83c\udfa8 \ud83d\udd17 Take the first step towards personalized elegance! Contact us now and let's work together on the ideal design.\"><span class=\"Y2IQFc\" lang=\"en\">Imagina\u021bia ta nu are limite.<\/span><\/p>\n<p class=\"tw-data-text tw-text-large tw-ta\" dir=\"ltr\" data-placeholder=\"Traducere\" data-ved=\"2ahUKEwj_4vDhrqKJAxW69LsIHQ2WDe8Q3ewLegQIChAU\" aria-label=\"Text tradus: Exclusivity and pure luxury: Personalized fox fur coat! A fur coat that dresses your every desire in style and sophistication. With a V design and rich fox fur, this model is the expression of ultimate elegance! l Total customization: \u2714\ufe0f Any color, any size, any length \u2714\ufe0f Closures of your choice: zipper or clips \u2714\ufe0f Every detail is adjusted for you! \ud83d\udc57 Create your perfect outfit and stand out with a piece created especially for you! There are no limits to your imagination. \ud83c\udfa8 \ud83d\udd17 Take the first step towards personalized elegance! Contact us now and let's work together on the ideal design.\"><span class=\"Y2IQFc\" lang=\"en\">Face\u021bi primul pas c\u0103tre elegan\u021ba personalizat\u0103!<\/span><\/p>\n<p class=\"tw-data-text tw-text-large tw-ta\" dir=\"ltr\" data-placeholder=\"Traducere\" data-ved=\"2ahUKEwj_4vDhrqKJAxW69LsIHQ2WDe8Q3ewLegQIChAU\" aria-label=\"Text tradus: Exclusivity and pure luxury: Personalized fox fur coat! A fur coat that dresses your every desire in style and sophistication. With a V design and rich fox fur, this model is the expression of ultimate elegance! l Total customization: \u2714\ufe0f Any color, any size, any length \u2714\ufe0f Closures of your choice: zipper or clips \u2714\ufe0f Every detail is adjusted for you! \ud83d\udc57 Create your perfect outfit and stand out with a piece created especially for you! There are no limits to your imagination. \ud83c\udfa8 \ud83d\udd17 Take the first step towards personalized elegance! Contact us now and let's work together on the ideal design.\"><span class=\"Y2IQFc\" lang=\"en\">Contact us now and let\u2019s work together on the ideal design.<\/span><\/p>\n","protected":false},"featured_media":5542610,"comment_status":"closed","ping_status":"closed","template":"","meta":[],"product_cat":[444,452],"product_tag":[],"class_list":["post-5542631","product","type-product","status-publish","has-post-thumbnail","hentry","product_cat-femei-2","product_cat-haine-din-blana-2"],"acf":[],"_links":{"self":[{"href":"https:\/\/www.ccmboutique.ro\/ro\/wp-json\/wp\/v2\/product\/5542631","targetHints":{"allow":["GET"]}}],"collection":[{"href":"https:\/\/www.ccmboutique.ro\/ro\/wp-json\/wp\/v2\/product"}],"about":[{"href":"https:\/\/www.ccmboutique.ro\/ro\/wp-json\/wp\/v2\/types\/product"}],"replies":[{"embeddable":true,"href":"https:\/\/www.ccmboutique.ro\/ro\/wp-json\/wp\/v2\/comments?post=5542631"}],"version-history":[{"count":0,"href":"https:\/\/www.ccmboutique.ro\/ro\/wp-json\/wp\/v2\/product\/5542631\/revisions"}],"wp:featuredmedia":[{"embeddable":true,"href":"https:\/\/www.ccmboutique.ro\/ro\/wp-json\/wp\/v2\/media\/5542610"}],"wp:attachment":[{"href":"https:\/\/www.ccmboutique.ro\/ro\/wp-json\/wp\/v2\/media?parent=5542631"}],"wp:term":[{"taxonomy":"product_cat","embeddable":true,"href":"https:\/\/www.ccmboutique.ro\/ro\/wp-json\/wp\/v2\/product_cat?post=5542631"},{"taxonomy":"product_tag","embeddable":true,"href":"https:\/\/www.ccmboutique.ro\/ro\/wp-json\/wp\/v2\/product_tag?post=5542631"}],"curies":[{"name":"wp","href":"https:\/\/api.w.org\/{rel}","templated":true}]}}