{"id":5542569,"date":"2025-11-25T18:32:54","date_gmt":"2025-11-25T16:32:54","guid":{"rendered":"https:\/\/www.ccmboutique.ro\/shop\/haina-de-blana-ryley\/"},"modified":"2025-11-25T18:32:54","modified_gmt":"2025-11-25T16:32:54","slug":"ryley-fur-coat","status":"publish","type":"product","link":"https:\/\/www.ccmboutique.ro\/ro\/shop\/ryley-fur-coat\/","title":{"rendered":"Haina De Blana RYLEY"},"content":{"rendered":"","protected":false},"excerpt":{"rendered":"<p id=\"tw-target-text\" class=\"tw-data-text tw-text-large tw-ta\" dir=\"ltr\" tabindex=\"-1\" role=\"text\" data-placeholder=\"Traducere\" data-ved=\"2ahUKEwjOqezq1I2RAxWm2gIHHdjnKpYQ3ewLegQIDBAW\" aria-label=\"Text tradus: Combine luxury with comfort and wear it in your own style, whether every day or on a special outing. Handmade, from premium materials, exactly as a winter coat deserves to look.\"><span class=\"Y2IQFc\" lang=\"en\">Produsul este realizat individual, conform m\u0103sur\u0103torilor dumneavoastr\u0103.<br \/>Dup\u0103 plasarea comenzii, un consultant CCM Boutique v\u0103 va contacta pentru a confirma dimensiunile \u0219i detaliile dorite. <\/span><\/p>\n<p class=\"p1\">Crafted from 100% finest natural fox fur, this exquisite piece is set to become the star of your wardrobe.<\/p>\n<p class=\"p1\">Produsul este realizat individual, conform m\u0103sur\u0103torilor dumneavoastr\u0103. Dup\u0103 plasarea comenzii, un consultant CCM Boutique te va contacta pentru confirmarea dimensiunilor \u0219i detaliilor dorite.<\/p>\n","protected":false},"featured_media":5542557,"comment_status":"closed","ping_status":"closed","template":"","meta":[],"product_cat":[444,452],"product_tag":[],"class_list":["post-5542569","product","type-product","status-publish","has-post-thumbnail","hentry","product_cat-femei-2","product_cat-haine-din-blana-2"],"acf":[],"_links":{"self":[{"href":"https:\/\/www.ccmboutique.ro\/ro\/wp-json\/wp\/v2\/product\/5542569","targetHints":{"allow":["GET"]}}],"collection":[{"href":"https:\/\/www.ccmboutique.ro\/ro\/wp-json\/wp\/v2\/product"}],"about":[{"href":"https:\/\/www.ccmboutique.ro\/ro\/wp-json\/wp\/v2\/types\/product"}],"replies":[{"embeddable":true,"href":"https:\/\/www.ccmboutique.ro\/ro\/wp-json\/wp\/v2\/comments?post=5542569"}],"version-history":[{"count":0,"href":"https:\/\/www.ccmboutique.ro\/ro\/wp-json\/wp\/v2\/product\/5542569\/revisions"}],"wp:featuredmedia":[{"embeddable":true,"href":"https:\/\/www.ccmboutique.ro\/ro\/wp-json\/wp\/v2\/media\/5542557"}],"wp:attachment":[{"href":"https:\/\/www.ccmboutique.ro\/ro\/wp-json\/wp\/v2\/media?parent=5542569"}],"wp:term":[{"taxonomy":"product_cat","embeddable":true,"href":"https:\/\/www.ccmboutique.ro\/ro\/wp-json\/wp\/v2\/product_cat?post=5542569"},{"taxonomy":"product_tag","embeddable":true,"href":"https:\/\/www.ccmboutique.ro\/ro\/wp-json\/wp\/v2\/product_tag?post=5542569"}],"curies":[{"name":"wp","href":"https:\/\/api.w.org\/{rel}","templated":true}]}}