{"id":5542536,"date":"2025-11-25T17:20:57","date_gmt":"2025-11-25T15:20:57","guid":{"rendered":"https:\/\/www.ccmboutique.ro\/shop\/haina-de-blana-polina\/"},"modified":"2025-12-14T19:45:21","modified_gmt":"2025-12-14T17:45:21","slug":"polina-fur-coat","status":"publish","type":"product","link":"https:\/\/www.ccmboutique.ro\/ro\/shop\/polina-fur-coat\/","title":{"rendered":"Haina De Blana POLINA"},"content":{"rendered":"","protected":false},"excerpt":{"rendered":"<p id=\"tw-target-text\" class=\"tw-data-text tw-text-large tw-ta\" dir=\"ltr\" tabindex=\"-1\" role=\"text\" data-placeholder=\"Traducere\" data-ved=\"2ahUKEwjOqezq1I2RAxWm2gIHHdjnKpYQ3ewLegQIDBAW\" aria-label=\"Text tradus: Combine luxury with comfort and wear it in your own style, whether every day or on a special outing. Handmade, from premium materials, exactly as a winter coat deserves to look.\"><span class=\"Y2IQFc\" lang=\"en\">Combin\u0103 luxul cu confortul \u0219i poart\u0103-l \u00een stilul t\u0103u propriu, fie \u00een fiecare zi, fie \u00eentr-o ie\u0219ire special\u0103.<\/span><\/p>\n<p class=\"tw-data-text tw-text-large tw-ta\" dir=\"ltr\" tabindex=\"-1\" role=\"text\" data-placeholder=\"Traducere\" data-ved=\"2ahUKEwjOqezq1I2RAxWm2gIHHdjnKpYQ3ewLegQIDBAW\" aria-label=\"Text tradus: Combine luxury with comfort and wear it in your own style, whether every day or on a special outing. Handmade, from premium materials, exactly as a winter coat deserves to look.\"><span class=\"Y2IQFc\" lang=\"en\">Lucrat\u0103 manual, din materiale premium, blan\u0103 de vulpe gold frost, exact a\u0219a cum merit\u0103 s\u0103 arate o hain\u0103 de blan\u0103 natural\u0103 de iarn\u0103.<\/span><\/p>\n<p>Multe dintre modelele noastre sunt disponibile doar prin precomand\u0103 \u2013 create special pentru tine, nu produse \u00een serie.<\/p>\n<p>Detalii la alegere: culoare, materiale, nasturi, guler, buzunare.<\/p>\n<p>Croial\u0103 personalizat\u0103 pentru umeri, bust, talie, \u0219olduri \u0219i lungime.<\/p>\n<p>Odat\u0103 plasarea comenzii, piesa vestimentar\u0103 este rezervat\u0103, croit\u0103 \u0219i livrat\u0103 \u00een termen de 12-15 zile lucr\u0103toare.<\/p>\n<p>Consulta\u021bie individual\u0103 prin WhatsApp, imediat dup\u0103 plasarea comenzii.<\/p>\n<p id=\"tw-target-text\" class=\"tw-data-text tw-text-large tw-ta\" dir=\"ltr\" tabindex=\"-1\" role=\"text\" data-placeholder=\"Traducere\" data-ved=\"2ahUKEwjojPKcyr2RAxWfRv4FHTp0Hs8Q3ewLegQIDBAW\" aria-label=\"Text tradus: Note: The color of the furs may vary depending on the light and processing. Under different types of lighting, the shades may appear warmer or cooler, and the finishes applied can influence the final tone, providing primary uniqueness.\"><span class=\"Y2IQFc\" lang=\"en\">Not\u0103: Culoarea bl\u0103nurilor poate varia \u00een func\u021bie de lumin\u0103 \u0219i de prelucrare.Note: The color of the furs may vary depending on the light and processing. Sub diferite tipuri de iluminare, nuan\u021bele pot p\u0103rea mai calde sau mai reci, iar finisajele aplicate pot influen\u021ba tonul final, oferind unicitate primar\u0103.<\/span><\/p>\n","protected":false},"featured_media":5542534,"comment_status":"closed","ping_status":"closed","template":"","meta":[],"product_cat":[444,452],"product_tag":[],"class_list":["post-5542536","product","type-product","status-publish","has-post-thumbnail","hentry","product_cat-femei-2","product_cat-haine-din-blana-2"],"acf":[],"_links":{"self":[{"href":"https:\/\/www.ccmboutique.ro\/ro\/wp-json\/wp\/v2\/product\/5542536","targetHints":{"allow":["GET"]}}],"collection":[{"href":"https:\/\/www.ccmboutique.ro\/ro\/wp-json\/wp\/v2\/product"}],"about":[{"href":"https:\/\/www.ccmboutique.ro\/ro\/wp-json\/wp\/v2\/types\/product"}],"replies":[{"embeddable":true,"href":"https:\/\/www.ccmboutique.ro\/ro\/wp-json\/wp\/v2\/comments?post=5542536"}],"version-history":[{"count":1,"href":"https:\/\/www.ccmboutique.ro\/ro\/wp-json\/wp\/v2\/product\/5542536\/revisions"}],"predecessor-version":[{"id":5542837,"href":"https:\/\/www.ccmboutique.ro\/ro\/wp-json\/wp\/v2\/product\/5542536\/revisions\/5542837"}],"wp:featuredmedia":[{"embeddable":true,"href":"https:\/\/www.ccmboutique.ro\/ro\/wp-json\/wp\/v2\/media\/5542534"}],"wp:attachment":[{"href":"https:\/\/www.ccmboutique.ro\/ro\/wp-json\/wp\/v2\/media?parent=5542536"}],"wp:term":[{"taxonomy":"product_cat","embeddable":true,"href":"https:\/\/www.ccmboutique.ro\/ro\/wp-json\/wp\/v2\/product_cat?post=5542536"},{"taxonomy":"product_tag","embeddable":true,"href":"https:\/\/www.ccmboutique.ro\/ro\/wp-json\/wp\/v2\/product_tag?post=5542536"}],"curies":[{"name":"wp","href":"https:\/\/api.w.org\/{rel}","templated":true}]}}