{"id":5542471,"date":"2025-10-15T22:41:55","date_gmt":"2025-10-15T19:41:55","guid":{"rendered":"https:\/\/www.ccmboutique.ro\/shop\/haina-de-blana-jaylin\/"},"modified":"2025-10-15T22:41:55","modified_gmt":"2025-10-15T19:41:55","slug":"jaylin-fur-coat","status":"publish","type":"product","link":"https:\/\/www.ccmboutique.ro\/ro\/shop\/jaylin-fur-coat\/","title":{"rendered":"Haina De Blana JAYLIN"},"content":{"rendered":"","protected":false},"excerpt":{"rendered":"<p id=\"tw-target-text\" class=\"tw-data-text tw-text-large tw-ta\" dir=\"ltr\" data-placeholder=\"Traducere\" aria-label=\"Text tradus: It's time to dress luxuriously and stand out from the crowd! Our coat made of natural silver fox fur, premium quality, with a sumptuous lapel, made from a single piece of fur, is the symbol of elegance and sophistication. Exclusive design, soft texture and incomparable warmth \u2014 perfect for turning any appearance into a style statement. Discover our exclusive collection now and pamper yourself with an unforgettable look. We deliver anywhere in the world, straight to your door. \ud83d\udcde 0040766914884 \/ 0040766914901\" data-ved=\"2ahUKEwjT6YC5huuIAxWThP0HHUQLKwgQ3ewLegQIEhAU\"><span class=\"Y2IQFc\" lang=\"en\">Este timpul s\u0103 te \u00eembraci luxos \u0219i s\u0103 ie\u0219i \u00een eviden\u021b\u0103 din mul\u021bime!<\/span><\/p>\n<p class=\"tw-data-text tw-text-large tw-ta\" dir=\"ltr\" data-placeholder=\"Traducere\" aria-label=\"Text tradus: It's time to dress luxuriously and stand out from the crowd! Our coat made of natural silver fox fur, premium quality, with a sumptuous lapel, made from a single piece of fur, is the symbol of elegance and sophistication. Exclusive design, soft texture and incomparable warmth \u2014 perfect for turning any appearance into a style statement. Discover our exclusive collection now and pamper yourself with an unforgettable look. We deliver anywhere in the world, straight to your door. \ud83d\udcde 0040766914884 \/ 0040766914901\" data-ved=\"2ahUKEwjT6YC5huuIAxWThP0HHUQLKwgQ3ewLegQIEhAU\"><span class=\"Y2IQFc\" lang=\"en\">Design exclusivist, textur\u0103 moale \u0219i c\u0103ldur\u0103 incomparabil\u0103 &#8211; perfect pentru a transforma orice apari\u021bie \u00eentr-o declara\u021bie de stil.<\/span><\/p>\n<p class=\"tw-data-text tw-text-large tw-ta\" dir=\"ltr\" data-placeholder=\"Traducere\" aria-label=\"Text tradus: It's time to dress luxuriously and stand out from the crowd! Our coat made of natural silver fox fur, premium quality, with a sumptuous lapel, made from a single piece of fur, is the symbol of elegance and sophistication. Exclusive design, soft texture and incomparable warmth \u2014 perfect for turning any appearance into a style statement. Discover our exclusive collection now and pamper yourself with an unforgettable look. We deliver anywhere in the world, straight to your door. \ud83d\udcde 0040766914884 \/ 0040766914901\" data-ved=\"2ahUKEwjT6YC5huuIAxWThP0HHUQLKwgQ3ewLegQIEhAU\"><span class=\"Y2IQFc\" lang=\"en\">Descoper\u0103 acum colec\u021bia noastr\u0103 exclusivist\u0103 \u0219i r\u0103sfa\u021b\u0103-te cu un look de neuitat.<\/span><\/p>\n<p class=\"tw-data-text tw-text-large tw-ta\" dir=\"ltr\" data-placeholder=\"Traducere\" aria-label=\"Text tradus: It's time to dress luxuriously and stand out from the crowd! Our coat made of natural silver fox fur, premium quality, with a sumptuous lapel, made from a single piece of fur, is the symbol of elegance and sophistication. Exclusive design, soft texture and incomparable warmth \u2014 perfect for turning any appearance into a style statement. Discover our exclusive collection now and pamper yourself with an unforgettable look. We deliver anywhere in the world, straight to your door. \ud83d\udcde 0040766914884 \/ 0040766914901\" data-ved=\"2ahUKEwjT6YC5huuIAxWThP0HHUQLKwgQ3ewLegQIEhAU\"><span class=\"Y2IQFc\" lang=\"en\">Conceput exclusiv pentru tine, pentru c\u0103 luxul trebuie s\u0103 fie personal.<\/span><\/p>\n<p class=\"tw-data-text tw-text-large tw-ta\" dir=\"ltr\" data-placeholder=\"Traducere\" aria-label=\"Text tradus: It's time to dress luxuriously and stand out from the crowd! Our coat made of natural silver fox fur, premium quality, with a sumptuous lapel, made from a single piece of fur, is the symbol of elegance and sophistication. Exclusive design, soft texture and incomparable warmth \u2014 perfect for turning any appearance into a style statement. Discover our exclusive collection now and pamper yourself with an unforgettable look. We deliver anywhere in the world, straight to your door. \ud83d\udcde 0040766914884 \/ 0040766914901\" data-ved=\"2ahUKEwjT6YC5huuIAxWThP0HHUQLKwgQ3ewLegQIEhAU\"><span class=\"Y2IQFc\" lang=\"en\">Livr\u0103m oriunde \u00een lume, direct la u\u0219a dumneavoastr\u0103.<\/span><\/p>\n<p class=\"tw-data-text tw-text-large tw-ta\" dir=\"ltr\" data-placeholder=\"Traducere\" aria-label=\"Text tradus: It's time to dress luxuriously and stand out from the crowd! Our coat made of natural silver fox fur, premium quality, with a sumptuous lapel, made from a single piece of fur, is the symbol of elegance and sophistication. Exclusive design, soft texture and incomparable warmth \u2014 perfect for turning any appearance into a style statement. Discover our exclusive collection now and pamper yourself with an unforgettable look. We deliver anywhere in the world, straight to your door. \ud83d\udcde 0040766914884 \/ 0040766914901\" data-ved=\"2ahUKEwjT6YC5huuIAxWThP0HHUQLKwgQ3ewLegQIEhAU\"><span class=\"Y2IQFc\" lang=\"en\">0040766914884 \/ 0040766914901<\/span><\/p>\n","protected":false},"featured_media":5542461,"comment_status":"closed","ping_status":"closed","template":"","meta":[],"product_cat":[444,452],"product_tag":[],"class_list":["post-5542471","product","type-product","status-publish","has-post-thumbnail","hentry","product_cat-femei-2","product_cat-haine-din-blana-2"],"acf":[],"_links":{"self":[{"href":"https:\/\/www.ccmboutique.ro\/ro\/wp-json\/wp\/v2\/product\/5542471","targetHints":{"allow":["GET"]}}],"collection":[{"href":"https:\/\/www.ccmboutique.ro\/ro\/wp-json\/wp\/v2\/product"}],"about":[{"href":"https:\/\/www.ccmboutique.ro\/ro\/wp-json\/wp\/v2\/types\/product"}],"replies":[{"embeddable":true,"href":"https:\/\/www.ccmboutique.ro\/ro\/wp-json\/wp\/v2\/comments?post=5542471"}],"version-history":[{"count":0,"href":"https:\/\/www.ccmboutique.ro\/ro\/wp-json\/wp\/v2\/product\/5542471\/revisions"}],"wp:featuredmedia":[{"embeddable":true,"href":"https:\/\/www.ccmboutique.ro\/ro\/wp-json\/wp\/v2\/media\/5542461"}],"wp:attachment":[{"href":"https:\/\/www.ccmboutique.ro\/ro\/wp-json\/wp\/v2\/media?parent=5542471"}],"wp:term":[{"taxonomy":"product_cat","embeddable":true,"href":"https:\/\/www.ccmboutique.ro\/ro\/wp-json\/wp\/v2\/product_cat?post=5542471"},{"taxonomy":"product_tag","embeddable":true,"href":"https:\/\/www.ccmboutique.ro\/ro\/wp-json\/wp\/v2\/product_tag?post=5542471"}],"curies":[{"name":"wp","href":"https:\/\/api.w.org\/{rel}","templated":true}]}}