{"id":5542446,"date":"2025-10-15T22:21:21","date_gmt":"2025-10-15T19:21:21","guid":{"rendered":"https:\/\/www.ccmboutique.ro\/shop\/haina-de-blana-brittny\/"},"modified":"2025-12-14T19:45:23","modified_gmt":"2025-12-14T17:45:23","slug":"brittny-fur-coat","status":"publish","type":"product","link":"https:\/\/www.ccmboutique.ro\/ro\/shop\/brittny-fur-coat\/","title":{"rendered":"Haina De Blana BRITTNY"},"content":{"rendered":"","protected":false},"excerpt":{"rendered":"<p class=\"tw-data-text tw-text-large tw-ta\" dir=\"ltr\" data-placeholder=\"Traducere\" data-ved=\"2ahUKEwiGgaDsm6CJAxXhhf0HHXcoF0YQ3ewLegQIChAU\" aria-label=\"Text tradus: Welcome to the world of authentic elegance, where art and nature meet to give birth to unique creations. In our natural fur collection, each piece is more than just an article of clothing \u2013 it's an expression of sophistication and timeless luxury. Our furs are made with great care, from the highest quality materials, respecting all international norms of ethics and sustainability. Every detail, from the stitching to the texture, is handcrafted for you to enjoy an unparalleled experience. What sets us apart is the customization process. All our creations are made to measure so that each piece perfectly matches your style and desires. It's not just a product, but a collaboration where you, the customer, are part of the story.\"><span class=\"Y2IQFc\" lang=\"en\">Bl\u0103nurile noastre sunt realizate cu mare grij\u0103, din materiale de cea mai \u00eenalt\u0103 calitate, respect\u00e2nd toate normele interna\u021bionale de etic\u0103 \u0219i durabilitate.<\/span><\/p>\n<p class=\"tw-data-text tw-text-large tw-ta\" dir=\"ltr\" data-placeholder=\"Traducere\" data-ved=\"2ahUKEwiGgaDsm6CJAxXhhf0HHXcoF0YQ3ewLegQIChAU\" aria-label=\"Text tradus: Welcome to the world of authentic elegance, where art and nature meet to give birth to unique creations. In our natural fur collection, each piece is more than just an article of clothing \u2013 it's an expression of sophistication and timeless luxury. Our furs are made with great care, from the highest quality materials, respecting all international norms of ethics and sustainability. Every detail, from the stitching to the texture, is handcrafted for you to enjoy an unparalleled experience. What sets us apart is the customization process. All our creations are made to measure so that each piece perfectly matches your style and desires. It's not just a product, but a collaboration where you, the customer, are part of the story.\"><span class=\"Y2IQFc\" lang=\"en\">Haina este confec\u021bionat\u0103 din blan\u0103 natural\u0103 de vulpe canadian\u0103, cusut\u0103 pe un suport de piele natural\u0103.<\/span><\/p>\n<p class=\"tw-data-text tw-text-large tw-ta\" dir=\"ltr\" data-placeholder=\"Traducere\" data-ved=\"2ahUKEwiGgaDsm6CJAxXhhf0HHXcoF0YQ3ewLegQIChAU\" aria-label=\"Text tradus: Welcome to the world of authentic elegance, where art and nature meet to give birth to unique creations. In our natural fur collection, each piece is more than just an article of clothing \u2013 it's an expression of sophistication and timeless luxury. Our furs are made with great care, from the highest quality materials, respecting all international norms of ethics and sustainability. Every detail, from the stitching to the texture, is handcrafted for you to enjoy an unparalleled experience. What sets us apart is the customization process. All our creations are made to measure so that each piece perfectly matches your style and desires. It's not just a product, but a collaboration where you, the customer, are part of the story.\"><span class=\"Y2IQFc\" lang=\"en\">Fiecare detaliu, de la cus\u0103turi la textur\u0103, este realizat manual pentru ca tu s\u0103 te bucuri de o experien\u021b\u0103 de neegalat.<\/span><\/p>\n<p class=\"tw-data-text tw-text-large tw-ta\" dir=\"ltr\" data-placeholder=\"Traducere\" data-ved=\"2ahUKEwiGgaDsm6CJAxXhhf0HHXcoF0YQ3ewLegQIChAU\" aria-label=\"Text tradus: Welcome to the world of authentic elegance, where art and nature meet to give birth to unique creations. In our natural fur collection, each piece is more than just an article of clothing \u2013 it's an expression of sophistication and timeless luxury. Our furs are made with great care, from the highest quality materials, respecting all international norms of ethics and sustainability. Every detail, from the stitching to the texture, is handcrafted for you to enjoy an unparalleled experience. What sets us apart is the customization process. All our creations are made to measure so that each piece perfectly matches your style and desires. It's not just a product, but a collaboration where you, the customer, are part of the story.\"><span class=\"Y2IQFc\" lang=\"en\">Ceea ce ne diferen\u021biaz\u0103 este procesul de personalizare.<\/span><\/p>\n<p class=\"tw-data-text tw-text-large tw-ta\" dir=\"ltr\" data-placeholder=\"Traducere\" data-ved=\"2ahUKEwiGgaDsm6CJAxXhhf0HHXcoF0YQ3ewLegQIChAU\" aria-label=\"Text tradus: Welcome to the world of authentic elegance, where art and nature meet to give birth to unique creations. In our natural fur collection, each piece is more than just an article of clothing \u2013 it's an expression of sophistication and timeless luxury. Our furs are made with great care, from the highest quality materials, respecting all international norms of ethics and sustainability. Every detail, from the stitching to the texture, is handcrafted for you to enjoy an unparalleled experience. What sets us apart is the customization process. All our creations are made to measure so that each piece perfectly matches your style and desires. It's not just a product, but a collaboration where you, the customer, are part of the story.\"><span class=\"Y2IQFc\" lang=\"en\">Toate crea\u021biile noastre sunt realizate pe m\u0103sur\u0103, astfel \u00eenc\u00e2t fiecare pies\u0103 s\u0103 se potriveasc\u0103 perfect cu stilul \u0219i dorin\u021bele dumneavoastr\u0103.<\/span><\/p>\n<p class=\"tw-data-text tw-text-large tw-ta\" dir=\"ltr\" data-placeholder=\"Traducere\" data-ved=\"2ahUKEwiGgaDsm6CJAxXhhf0HHXcoF0YQ3ewLegQIChAU\" aria-label=\"Text tradus: Welcome to the world of authentic elegance, where art and nature meet to give birth to unique creations. In our natural fur collection, each piece is more than just an article of clothing \u2013 it's an expression of sophistication and timeless luxury. Our furs are made with great care, from the highest quality materials, respecting all international norms of ethics and sustainability. Every detail, from the stitching to the texture, is handcrafted for you to enjoy an unparalleled experience. What sets us apart is the customization process. All our creations are made to measure so that each piece perfectly matches your style and desires. It's not just a product, but a collaboration where you, the customer, are part of the story.\"><span class=\"Y2IQFc\" lang=\"en\">Nu este doar un produs, ci o colaborare \u00een care tu, clientul, faci parte din poveste.<\/span><\/p>\n","protected":false},"featured_media":5542436,"comment_status":"closed","ping_status":"closed","template":"","meta":[],"product_cat":[444,452],"product_tag":[],"class_list":["post-5542446","product","type-product","status-publish","has-post-thumbnail","hentry","product_cat-femei-2","product_cat-haine-din-blana-2"],"acf":[],"_links":{"self":[{"href":"https:\/\/www.ccmboutique.ro\/ro\/wp-json\/wp\/v2\/product\/5542446","targetHints":{"allow":["GET"]}}],"collection":[{"href":"https:\/\/www.ccmboutique.ro\/ro\/wp-json\/wp\/v2\/product"}],"about":[{"href":"https:\/\/www.ccmboutique.ro\/ro\/wp-json\/wp\/v2\/types\/product"}],"replies":[{"embeddable":true,"href":"https:\/\/www.ccmboutique.ro\/ro\/wp-json\/wp\/v2\/comments?post=5542446"}],"version-history":[{"count":1,"href":"https:\/\/www.ccmboutique.ro\/ro\/wp-json\/wp\/v2\/product\/5542446\/revisions"}],"predecessor-version":[{"id":5542838,"href":"https:\/\/www.ccmboutique.ro\/ro\/wp-json\/wp\/v2\/product\/5542446\/revisions\/5542838"}],"wp:featuredmedia":[{"embeddable":true,"href":"https:\/\/www.ccmboutique.ro\/ro\/wp-json\/wp\/v2\/media\/5542436"}],"wp:attachment":[{"href":"https:\/\/www.ccmboutique.ro\/ro\/wp-json\/wp\/v2\/media?parent=5542446"}],"wp:term":[{"taxonomy":"product_cat","embeddable":true,"href":"https:\/\/www.ccmboutique.ro\/ro\/wp-json\/wp\/v2\/product_cat?post=5542446"},{"taxonomy":"product_tag","embeddable":true,"href":"https:\/\/www.ccmboutique.ro\/ro\/wp-json\/wp\/v2\/product_tag?post=5542446"}],"curies":[{"name":"wp","href":"https:\/\/api.w.org\/{rel}","templated":true}]}}