{"id":5542354,"date":"2025-10-15T16:18:14","date_gmt":"2025-10-15T13:18:14","guid":{"rendered":"https:\/\/www.ccmboutique.ro\/shop\/haina-de-blana-madina\/"},"modified":"2025-10-15T16:18:14","modified_gmt":"2025-10-15T13:18:14","slug":"madina-fur-coat","status":"publish","type":"product","link":"https:\/\/www.ccmboutique.ro\/ro\/shop\/madina-fur-coat\/","title":{"rendered":"Haina De Blana MADINA"},"content":{"rendered":"","protected":false},"excerpt":{"rendered":"<p id=\"tw-target-text\" class=\"tw-data-text tw-text-large tw-ta\" dir=\"ltr\" tabindex=\"-1\" role=\"text\" data-placeholder=\"Traducere\" data-ved=\"2ahUKEwjS7b_vi6aQAxV8hv0HHbkoEiQQ3ewLegQICxAV\" aria-label=\"Text tradus: Exclusive coat made of natural fox fur. This luxurious piece impresses with its volume, elegance and refinement, being designed for women who appreciate the authentic naturalness of fox fur. A distinctive detail of this coat is the execution of whole fox skins, not pieces, which gives it a uniform, rich and particularly refined appearance. The dense texture is highlighted by the wide lapel collar, which elegantly frames the neckline and adds an extra touch of spectacularity. This coat is practical and versatile, suitable for both refined casual outfits and elegant evening appearances.\"><span class=\"Y2IQFc\" lang=\"en\">Hain\u0103 exclusivist\u0103 din blan\u0103 natural\u0103 de vulpe.<\/span><\/p>\n<p class=\"tw-data-text tw-text-large tw-ta\" dir=\"ltr\" tabindex=\"-1\" role=\"text\" data-placeholder=\"Traducere\" data-ved=\"2ahUKEwjS7b_vi6aQAxV8hv0HHbkoEiQQ3ewLegQICxAV\" aria-label=\"Text tradus: Exclusive coat made of natural fox fur. This luxurious piece impresses with its volume, elegance and refinement, being designed for women who appreciate the authentic naturalness of fox fur. A distinctive detail of this coat is the execution of whole fox skins, not pieces, which gives it a uniform, rich and particularly refined appearance. The dense texture is highlighted by the wide lapel collar, which elegantly frames the neckline and adds an extra touch of spectacularity. This coat is practical and versatile, suitable for both refined casual outfits and elegant evening appearances.\"><span class=\"Y2IQFc\" lang=\"en\">Aceast\u0103 pies\u0103 de lux impresioneaz\u0103 prin volum, elegan\u021b\u0103 \u0219i rafinament, fiind conceput\u0103 pentru femeile care apreciaz\u0103 naturale\u021bea autentic\u0103 a bl\u0103nii de vulpe.<\/span><\/p>\n<p class=\"tw-data-text tw-text-large tw-ta\" dir=\"ltr\" tabindex=\"-1\" role=\"text\" data-placeholder=\"Traducere\" data-ved=\"2ahUKEwjS7b_vi6aQAxV8hv0HHbkoEiQQ3ewLegQICxAV\" aria-label=\"Text tradus: Exclusive coat made of natural fox fur. This luxurious piece impresses with its volume, elegance and refinement, being designed for women who appreciate the authentic naturalness of fox fur. A distinctive detail of this coat is the execution of whole fox skins, not pieces, which gives it a uniform, rich and particularly refined appearance. The dense texture is highlighted by the wide lapel collar, which elegantly frames the neckline and adds an extra touch of spectacularity. This coat is practical and versatile, suitable for both refined casual outfits and elegant evening appearances.\"><span class=\"Y2IQFc\" lang=\"en\">Un detaliu distinctiv al acestei haine este execu\u021bia din piei \u00eentregi de vulpe, nu din buc\u0103\u021bi, ceea ce \u00eei confer\u0103 un aspect uniform, bogat \u0219i deosebit de rafinat.<\/span><\/p>\n<p class=\"tw-data-text tw-text-large tw-ta\" dir=\"ltr\" tabindex=\"-1\" role=\"text\" data-placeholder=\"Traducere\" data-ved=\"2ahUKEwjS7b_vi6aQAxV8hv0HHbkoEiQQ3ewLegQICxAV\" aria-label=\"Text tradus: Exclusive coat made of natural fox fur. This luxurious piece impresses with its volume, elegance and refinement, being designed for women who appreciate the authentic naturalness of fox fur. A distinctive detail of this coat is the execution of whole fox skins, not pieces, which gives it a uniform, rich and particularly refined appearance. The dense texture is highlighted by the wide lapel collar, which elegantly frames the neckline and adds an extra touch of spectacularity. This coat is practical and versatile, suitable for both refined casual outfits and elegant evening appearances.\"><span class=\"Y2IQFc\" lang=\"en\">Textura dens\u0103 este pus\u0103 \u00een valoare de gulerul rever amplu, care \u00eencadreaz\u0103 elegant zona decolteului \u0219i adaug\u0103 un plus de spectaculozitate.<\/span><\/p>\n<p class=\"tw-data-text tw-text-large tw-ta\" dir=\"ltr\" tabindex=\"-1\" role=\"text\" data-placeholder=\"Traducere\" data-ved=\"2ahUKEwjS7b_vi6aQAxV8hv0HHbkoEiQQ3ewLegQICxAV\" aria-label=\"Text tradus: Exclusive coat made of natural fox fur. This luxurious piece impresses with its volume, elegance and refinement, being designed for women who appreciate the authentic naturalness of fox fur. A distinctive detail of this coat is the execution of whole fox skins, not pieces, which gives it a uniform, rich and particularly refined appearance. The dense texture is highlighted by the wide lapel collar, which elegantly frames the neckline and adds an extra touch of spectacularity. This coat is practical and versatile, suitable for both refined casual outfits and elegant evening appearances.\"><span class=\"Y2IQFc\" lang=\"en\">Aceasta haina este practic\u0103 \u0219i versatil\u0103, potrivit\u0103 at\u00e2t pentru \u021binute casual rafinate, c\u00e2t \u0219i pentru apari\u021bii elegante de sear\u0103.<\/span><\/p>\n","protected":false},"featured_media":5542350,"comment_status":"closed","ping_status":"closed","template":"","meta":[],"product_cat":[444,452],"product_tag":[],"class_list":["post-5542354","product","type-product","status-publish","has-post-thumbnail","hentry","product_cat-femei-2","product_cat-haine-din-blana-2"],"acf":[],"_links":{"self":[{"href":"https:\/\/www.ccmboutique.ro\/ro\/wp-json\/wp\/v2\/product\/5542354","targetHints":{"allow":["GET"]}}],"collection":[{"href":"https:\/\/www.ccmboutique.ro\/ro\/wp-json\/wp\/v2\/product"}],"about":[{"href":"https:\/\/www.ccmboutique.ro\/ro\/wp-json\/wp\/v2\/types\/product"}],"replies":[{"embeddable":true,"href":"https:\/\/www.ccmboutique.ro\/ro\/wp-json\/wp\/v2\/comments?post=5542354"}],"version-history":[{"count":0,"href":"https:\/\/www.ccmboutique.ro\/ro\/wp-json\/wp\/v2\/product\/5542354\/revisions"}],"wp:featuredmedia":[{"embeddable":true,"href":"https:\/\/www.ccmboutique.ro\/ro\/wp-json\/wp\/v2\/media\/5542350"}],"wp:attachment":[{"href":"https:\/\/www.ccmboutique.ro\/ro\/wp-json\/wp\/v2\/media?parent=5542354"}],"wp:term":[{"taxonomy":"product_cat","embeddable":true,"href":"https:\/\/www.ccmboutique.ro\/ro\/wp-json\/wp\/v2\/product_cat?post=5542354"},{"taxonomy":"product_tag","embeddable":true,"href":"https:\/\/www.ccmboutique.ro\/ro\/wp-json\/wp\/v2\/product_tag?post=5542354"}],"curies":[{"name":"wp","href":"https:\/\/api.w.org\/{rel}","templated":true}]}}