{"id":5542229,"date":"2025-10-12T23:36:38","date_gmt":"2025-10-12T20:36:38","guid":{"rendered":"https:\/\/www.ccmboutique.ro\/shop\/haina-de-blana-celine-black\/"},"modified":"2025-10-12T23:36:38","modified_gmt":"2025-10-12T20:36:38","slug":"celine-black-fur-coat","status":"publish","type":"product","link":"https:\/\/www.ccmboutique.ro\/ro\/shop\/celine-black-fur-coat\/","title":{"rendered":"Haina De Blana CELINE Black"},"content":{"rendered":"","protected":false},"excerpt":{"rendered":"<p id=\"tw-target-text\" class=\"tw-data-text tw-text-large tw-ta\" dir=\"ltr\" tabindex=\"-1\" role=\"text\" data-placeholder=\"Traducere\" data-ved=\"2ahUKEwjq1byh-p6QAxU5g_0HHQbkFoYQ3ewLegQICxAV\" aria-label=\"Text tradus: Natural fox fur coat, convertible, V-shaped, with a hand-crafted detachable hood, for the woman who loves authentic luxury. The product is made individually, according to your measurements. After placing your order, a CCM Boutique consultant will contact you to confirm the desired dimensions and details.\"><span class=\"Y2IQFc\" lang=\"en\">Haina din blan\u0103 natural\u0103 de vulpe, transformabila, model V, gluga detasabila creat\u0103 manual, pentru femeia care iube\u0219te luxul autentic.<\/span><\/p>\n<p class=\"tw-data-text tw-text-large tw-ta\" dir=\"ltr\" tabindex=\"-1\" role=\"text\" data-placeholder=\"Traducere\" data-ved=\"2ahUKEwjq1byh-p6QAxU5g_0HHQbkFoYQ3ewLegQICxAV\" aria-label=\"Text tradus: Natural fox fur coat, convertible, V-shaped, with a hand-crafted detachable hood, for the woman who loves authentic luxury. The product is made individually, according to your measurements. After placing your order, a CCM Boutique consultant will contact you to confirm the desired dimensions and details.\"><span class=\"Y2IQFc\" lang=\"en\">Produsul este realizat individual, conform m\u0103sur\u0103torilor dumneavoastr\u0103.<\/span><\/p>\n<p class=\"tw-data-text tw-text-large tw-ta\" dir=\"ltr\" tabindex=\"-1\" role=\"text\" data-placeholder=\"Traducere\" data-ved=\"2ahUKEwjq1byh-p6QAxU5g_0HHQbkFoYQ3ewLegQICxAV\" aria-label=\"Text tradus: Natural fox fur coat, convertible, V-shaped, with a hand-crafted detachable hood, for the woman who loves authentic luxury. The product is made individually, according to your measurements. After placing your order, a CCM Boutique consultant will contact you to confirm the desired dimensions and details.\"><span class=\"Y2IQFc\" lang=\"en\">Dup\u0103 plasarea comenzii, un consultant CCM Boutique te va contacta pentru confirmarea dimensiunilor \u0219i detaliilor dorite.<\/span><\/p>\n","protected":false},"featured_media":5542223,"comment_status":"closed","ping_status":"closed","template":"","meta":[],"product_cat":[444,452],"product_tag":[],"class_list":["post-5542229","product","type-product","status-publish","has-post-thumbnail","hentry","product_cat-femei-2","product_cat-haine-din-blana-2"],"acf":[],"_links":{"self":[{"href":"https:\/\/www.ccmboutique.ro\/ro\/wp-json\/wp\/v2\/product\/5542229","targetHints":{"allow":["GET"]}}],"collection":[{"href":"https:\/\/www.ccmboutique.ro\/ro\/wp-json\/wp\/v2\/product"}],"about":[{"href":"https:\/\/www.ccmboutique.ro\/ro\/wp-json\/wp\/v2\/types\/product"}],"replies":[{"embeddable":true,"href":"https:\/\/www.ccmboutique.ro\/ro\/wp-json\/wp\/v2\/comments?post=5542229"}],"version-history":[{"count":0,"href":"https:\/\/www.ccmboutique.ro\/ro\/wp-json\/wp\/v2\/product\/5542229\/revisions"}],"wp:featuredmedia":[{"embeddable":true,"href":"https:\/\/www.ccmboutique.ro\/ro\/wp-json\/wp\/v2\/media\/5542223"}],"wp:attachment":[{"href":"https:\/\/www.ccmboutique.ro\/ro\/wp-json\/wp\/v2\/media?parent=5542229"}],"wp:term":[{"taxonomy":"product_cat","embeddable":true,"href":"https:\/\/www.ccmboutique.ro\/ro\/wp-json\/wp\/v2\/product_cat?post=5542229"},{"taxonomy":"product_tag","embeddable":true,"href":"https:\/\/www.ccmboutique.ro\/ro\/wp-json\/wp\/v2\/product_tag?post=5542229"}],"curies":[{"name":"wp","href":"https:\/\/api.w.org\/{rel}","templated":true}]}}