{"id":5542146,"date":"2025-10-12T17:46:13","date_gmt":"2025-10-12T14:46:13","guid":{"rendered":"https:\/\/www.ccmboutique.ro\/shop\/haina-de-blana-keavy\/"},"modified":"2025-10-12T17:46:13","modified_gmt":"2025-10-12T14:46:13","slug":"keavy-fur-coat","status":"publish","type":"product","link":"https:\/\/www.ccmboutique.ro\/ro\/shop\/keavy-fur-coat\/","title":{"rendered":"Haina De Blana KEAVY"},"content":{"rendered":"","protected":false},"excerpt":{"rendered":"<p id=\"tw-target-text\" class=\"tw-data-text tw-text-large tw-ta\" dir=\"ltr\" tabindex=\"-1\" role=\"text\" data-placeholder=\"Traducere\" data-ved=\"2ahUKEwiOw7TzhZyQAxWXgP0HHWYVCz4Q3ewLegQICxAV\" aria-label=\"Text tradus: Our furs are made with great care, from the highest quality materials, respecting all international ethical and sustainability standards. Every detail, from the seams to the texture, is handmade, so that you can enjoy an unparalleled experience. What sets us apart is the customization process. All our creations are made to measure, so that each piece perfectly matches your style and desires. It is not just a product, but a collaboration in which you, the customer, are part of the story.\"><span class=\"Y2IQFc\" lang=\"en\">Bl\u0103nurile noastre sunt confec\u021bionate cu aten\u021bie deosebit\u0103, din materiale de cea mai \u00eenalt\u0103 calitate, respect\u00e2nd toate normele interna\u021bionale de etic\u0103 \u0219i sustenabilitate.<\/span><\/p>\n<p class=\"tw-data-text tw-text-large tw-ta\" dir=\"ltr\" tabindex=\"-1\" role=\"text\" data-placeholder=\"Traducere\" data-ved=\"2ahUKEwiOw7TzhZyQAxWXgP0HHWYVCz4Q3ewLegQICxAV\" aria-label=\"Text tradus: Our furs are made with great care, from the highest quality materials, respecting all international ethical and sustainability standards. Every detail, from the seams to the texture, is handmade, so that you can enjoy an unparalleled experience. What sets us apart is the customization process. All our creations are made to measure, so that each piece perfectly matches your style and desires. It is not just a product, but a collaboration in which you, the customer, are part of the story.\"><span class=\"Y2IQFc\" lang=\"en\">Fiecare detaliu, de la cus\u0103turi la textur\u0103, este realizat manual, pentru ca tu s\u0103 te bucuri de o experien\u021b\u0103 de neegalat.<\/span><\/p>\n<p class=\"tw-data-text tw-text-large tw-ta\" dir=\"ltr\" tabindex=\"-1\" role=\"text\" data-placeholder=\"Traducere\" data-ved=\"2ahUKEwiOw7TzhZyQAxWXgP0HHWYVCz4Q3ewLegQICxAV\" aria-label=\"Text tradus: Our furs are made with great care, from the highest quality materials, respecting all international ethical and sustainability standards. Every detail, from the seams to the texture, is handmade, so that you can enjoy an unparalleled experience. What sets us apart is the customization process. All our creations are made to measure, so that each piece perfectly matches your style and desires. It is not just a product, but a collaboration in which you, the customer, are part of the story.\"><span class=\"Y2IQFc\" lang=\"en\">Ceea ce ne diferen\u021biaz\u0103 este procesul de personalizare.<\/span><\/p>\n<p class=\"tw-data-text tw-text-large tw-ta\" dir=\"ltr\" tabindex=\"-1\" role=\"text\" data-placeholder=\"Traducere\" data-ved=\"2ahUKEwiOw7TzhZyQAxWXgP0HHWYVCz4Q3ewLegQICxAV\" aria-label=\"Text tradus: Our furs are made with great care, from the highest quality materials, respecting all international ethical and sustainability standards. Every detail, from the seams to the texture, is handmade, so that you can enjoy an unparalleled experience. What sets us apart is the customization process. All our creations are made to measure, so that each piece perfectly matches your style and desires. It is not just a product, but a collaboration in which you, the customer, are part of the story.\"><span class=\"Y2IQFc\" lang=\"en\">Ceea ce ne diferen\u021biaz\u0103 este procesul de personalizare.<br \/>Toate crea\u021biile noastre sunt f\u0103cute pe m\u0103sur\u0103, astfel \u00eenc\u00e2t fiecare pies\u0103 s\u0103 se potriveasc\u0103 perfect stilului \u0219i dorin\u021belor tale.<\/span><\/p>\n<p class=\"tw-data-text tw-text-large tw-ta\" dir=\"ltr\" tabindex=\"-1\" role=\"text\" data-placeholder=\"Traducere\" data-ved=\"2ahUKEwiOw7TzhZyQAxWXgP0HHWYVCz4Q3ewLegQICxAV\" aria-label=\"Text tradus: Our furs are made with great care, from the highest quality materials, respecting all international ethical and sustainability standards. Every detail, from the seams to the texture, is handmade, so that you can enjoy an unparalleled experience. What sets us apart is the customization process. All our creations are made to measure, so that each piece perfectly matches your style and desires. It is not just a product, but a collaboration in which you, the customer, are part of the story.\"><span class=\"Y2IQFc\" lang=\"en\">Nu este vorba doar de un produs, ci de o colaborare \u00een care tu, clientul, e\u0219ti parte din poveste.<\/span><\/p>\n","protected":false},"featured_media":5542131,"comment_status":"closed","ping_status":"closed","template":"","meta":[],"product_cat":[444,452],"product_tag":[],"class_list":["post-5542146","product","type-product","status-publish","has-post-thumbnail","hentry","product_cat-femei-2","product_cat-haine-din-blana-2"],"acf":[],"_links":{"self":[{"href":"https:\/\/www.ccmboutique.ro\/ro\/wp-json\/wp\/v2\/product\/5542146","targetHints":{"allow":["GET"]}}],"collection":[{"href":"https:\/\/www.ccmboutique.ro\/ro\/wp-json\/wp\/v2\/product"}],"about":[{"href":"https:\/\/www.ccmboutique.ro\/ro\/wp-json\/wp\/v2\/types\/product"}],"replies":[{"embeddable":true,"href":"https:\/\/www.ccmboutique.ro\/ro\/wp-json\/wp\/v2\/comments?post=5542146"}],"version-history":[{"count":0,"href":"https:\/\/www.ccmboutique.ro\/ro\/wp-json\/wp\/v2\/product\/5542146\/revisions"}],"wp:featuredmedia":[{"embeddable":true,"href":"https:\/\/www.ccmboutique.ro\/ro\/wp-json\/wp\/v2\/media\/5542131"}],"wp:attachment":[{"href":"https:\/\/www.ccmboutique.ro\/ro\/wp-json\/wp\/v2\/media?parent=5542146"}],"wp:term":[{"taxonomy":"product_cat","embeddable":true,"href":"https:\/\/www.ccmboutique.ro\/ro\/wp-json\/wp\/v2\/product_cat?post=5542146"},{"taxonomy":"product_tag","embeddable":true,"href":"https:\/\/www.ccmboutique.ro\/ro\/wp-json\/wp\/v2\/product_tag?post=5542146"}],"curies":[{"name":"wp","href":"https:\/\/api.w.org\/{rel}","templated":true}]}}