{"id":5542092,"date":"2025-10-11T23:19:42","date_gmt":"2025-10-11T20:19:42","guid":{"rendered":"https:\/\/www.ccmboutique.ro\/shop\/haina-de-blana-giustina\/"},"modified":"2025-10-11T23:19:42","modified_gmt":"2025-10-11T20:19:42","slug":"giustina-fur-coat","status":"publish","type":"product","link":"https:\/\/www.ccmboutique.ro\/ro\/shop\/giustina-fur-coat\/","title":{"rendered":"Haina De Blana GIUSTINA"},"content":{"rendered":"","protected":false},"excerpt":{"rendered":"<p id=\"tw-target-text\" class=\"tw-data-text tw-text-large tw-ta\" dir=\"ltr\" tabindex=\"-1\" role=\"text\" data-placeholder=\"Traducere\" data-ved=\"2ahUKEwiOw7TzhZyQAxWXgP0HHWYVCz4Q3ewLegQICxAV\" aria-label=\"Text tradus: Do you feel like nothing impresses you anymore? Get ready for the piece that will change everything. A coat so luxurious that every appearance will become memorable! Imagine the ultimate elegance in a long silver fox fur coat, caressing your skin with every step. Made to measure for you, this masterpiece combines refinement with absolute comfort. It is the piece that brings not only warmth, but also admiring glances wherever you go. Don't let luxury wait for you!\"><span class=\"Y2IQFc\" lang=\"en\">Sim\u021bi\u021bi c\u0103 nimic nu v\u0103 mai impresioneaz\u0103?<\/span><\/p>\n<p class=\"tw-data-text tw-text-large tw-ta\" dir=\"ltr\" tabindex=\"-1\" role=\"text\" data-placeholder=\"Traducere\" data-ved=\"2ahUKEwiOw7TzhZyQAxWXgP0HHWYVCz4Q3ewLegQICxAV\" aria-label=\"Text tradus: Do you feel like nothing impresses you anymore? Get ready for the piece that will change everything. A coat so luxurious that every appearance will become memorable! Imagine the ultimate elegance in a long silver fox fur coat, caressing your skin with every step. Made to measure for you, this masterpiece combines refinement with absolute comfort. It is the piece that brings not only warmth, but also admiring glances wherever you go. Don't let luxury wait for you!\"><span class=\"Y2IQFc\" lang=\"en\">Preg\u0103te\u0219te-te pentru piesa care va schimba totul.<\/span><\/p>\n<p class=\"tw-data-text tw-text-large tw-ta\" dir=\"ltr\" tabindex=\"-1\" role=\"text\" data-placeholder=\"Traducere\" data-ved=\"2ahUKEwiOw7TzhZyQAxWXgP0HHWYVCz4Q3ewLegQICxAV\" aria-label=\"Text tradus: Do you feel like nothing impresses you anymore? Get ready for the piece that will change everything. A coat so luxurious that every appearance will become memorable! Imagine the ultimate elegance in a long silver fox fur coat, caressing your skin with every step. Made to measure for you, this masterpiece combines refinement with absolute comfort. It is the piece that brings not only warmth, but also admiring glances wherever you go. Don't let luxury wait for you!\"><span class=\"Y2IQFc\" lang=\"en\">O hain\u0103 at\u00e2t de luxoas\u0103 \u00eenc\u00e2t fiecare apari\u021bie va deveni memorabil\u0103!<\/span><\/p>\n<p class=\"tw-data-text tw-text-large tw-ta\" dir=\"ltr\" tabindex=\"-1\" role=\"text\" data-placeholder=\"Traducere\" data-ved=\"2ahUKEwiOw7TzhZyQAxWXgP0HHWYVCz4Q3ewLegQICxAV\" aria-label=\"Text tradus: Do you feel like nothing impresses you anymore? Get ready for the piece that will change everything. A coat so luxurious that every appearance will become memorable! Imagine the ultimate elegance in a long silver fox fur coat, caressing your skin with every step. Made to measure for you, this masterpiece combines refinement with absolute comfort. It is the piece that brings not only warmth, but also admiring glances wherever you go. Don't let luxury wait for you!\"><span class=\"Y2IQFc\" lang=\"en\">Imagineaz\u0103-\u021bi elegan\u021ba suprem\u0103 \u00eentr-o hain\u0103 lung\u0103 din blan\u0103 de <br \/>vulpe argintie, care \u00ee\u021bi m\u00e2ng\u00e2ie pielea la fiecare pas.<\/span><\/p>\n<p class=\"tw-data-text tw-text-large tw-ta\" dir=\"ltr\" tabindex=\"-1\" role=\"text\" data-placeholder=\"Traducere\" data-ved=\"2ahUKEwiOw7TzhZyQAxWXgP0HHWYVCz4Q3ewLegQICxAV\" aria-label=\"Text tradus: Do you feel like nothing impresses you anymore? Get ready for the piece that will change everything. A coat so luxurious that every appearance will become memorable! Imagine the ultimate elegance in a long silver fox fur coat, caressing your skin with every step. Made to measure for you, this masterpiece combines refinement with absolute comfort. It is the piece that brings not only warmth, but also admiring glances wherever you go. Don't let luxury wait for you!\"><span class=\"Y2IQFc\" lang=\"en\">F\u0103cut\u0103 pe m\u0103sura ta, aceast\u0103 capodoper\u0103 combin\u0103 rafinamentul cu confortul absolut.<\/span><\/p>\n<p class=\"tw-data-text tw-text-large tw-ta\" dir=\"ltr\" tabindex=\"-1\" role=\"text\" data-placeholder=\"Traducere\" data-ved=\"2ahUKEwiOw7TzhZyQAxWXgP0HHWYVCz4Q3ewLegQICxAV\" aria-label=\"Text tradus: Do you feel like nothing impresses you anymore? Get ready for the piece that will change everything. A coat so luxurious that every appearance will become memorable! Imagine the ultimate elegance in a long silver fox fur coat, caressing your skin with every step. Made to measure for you, this masterpiece combines refinement with absolute comfort. It is the piece that brings not only warmth, but also admiring glances wherever you go. Don't let luxury wait for you!\"><span class=\"Y2IQFc\" lang=\"en\">Este piesa care aduce nu doar c\u0103ldur\u0103, ci \u0219i priviri admirative oriunde mergi.<\/span><\/p>\n<p class=\"tw-data-text tw-text-large tw-ta\" dir=\"ltr\" tabindex=\"-1\" role=\"text\" data-placeholder=\"Traducere\" data-ved=\"2ahUKEwiOw7TzhZyQAxWXgP0HHWYVCz4Q3ewLegQICxAV\" aria-label=\"Text tradus: Do you feel like nothing impresses you anymore? Get ready for the piece that will change everything. A coat so luxurious that every appearance will become memorable! Imagine the ultimate elegance in a long silver fox fur coat, caressing your skin with every step. Made to measure for you, this masterpiece combines refinement with absolute comfort. It is the piece that brings not only warmth, but also admiring glances wherever you go. Don't let luxury wait for you!\"><span class=\"Y2IQFc\" lang=\"en\">Nu l\u0103sa\u021bi luxul s\u0103 v\u0103 a\u0219tepte!<\/span><\/p>\n","protected":false},"featured_media":5542084,"comment_status":"closed","ping_status":"closed","template":"","meta":[],"product_cat":[444,452],"product_tag":[],"class_list":["post-5542092","product","type-product","status-publish","has-post-thumbnail","hentry","product_cat-femei-2","product_cat-haine-din-blana-2"],"acf":[],"_links":{"self":[{"href":"https:\/\/www.ccmboutique.ro\/ro\/wp-json\/wp\/v2\/product\/5542092","targetHints":{"allow":["GET"]}}],"collection":[{"href":"https:\/\/www.ccmboutique.ro\/ro\/wp-json\/wp\/v2\/product"}],"about":[{"href":"https:\/\/www.ccmboutique.ro\/ro\/wp-json\/wp\/v2\/types\/product"}],"replies":[{"embeddable":true,"href":"https:\/\/www.ccmboutique.ro\/ro\/wp-json\/wp\/v2\/comments?post=5542092"}],"version-history":[{"count":0,"href":"https:\/\/www.ccmboutique.ro\/ro\/wp-json\/wp\/v2\/product\/5542092\/revisions"}],"wp:featuredmedia":[{"embeddable":true,"href":"https:\/\/www.ccmboutique.ro\/ro\/wp-json\/wp\/v2\/media\/5542084"}],"wp:attachment":[{"href":"https:\/\/www.ccmboutique.ro\/ro\/wp-json\/wp\/v2\/media?parent=5542092"}],"wp:term":[{"taxonomy":"product_cat","embeddable":true,"href":"https:\/\/www.ccmboutique.ro\/ro\/wp-json\/wp\/v2\/product_cat?post=5542092"},{"taxonomy":"product_tag","embeddable":true,"href":"https:\/\/www.ccmboutique.ro\/ro\/wp-json\/wp\/v2\/product_tag?post=5542092"}],"curies":[{"name":"wp","href":"https:\/\/api.w.org\/{rel}","templated":true}]}}