{"id":5542069,"date":"2025-10-11T23:02:09","date_gmt":"2025-10-11T20:02:09","guid":{"rendered":"https:\/\/www.ccmboutique.ro\/shop\/haina-de-blana-josseline-silver\/"},"modified":"2025-10-11T23:02:09","modified_gmt":"2025-10-11T20:02:09","slug":"josseline-silver-fur-coat","status":"publish","type":"product","link":"https:\/\/www.ccmboutique.ro\/ro\/shop\/josseline-silver-fur-coat\/","title":{"rendered":"Haina De Blana JOSSELINE Silver"},"content":{"rendered":"","protected":false},"excerpt":{"rendered":"<p id=\"tw-target-text\" class=\"tw-data-text tw-text-large tw-ta\" dir=\"ltr\" tabindex=\"-1\" role=\"text\" data-placeholder=\"Traducere\" data-ved=\"2ahUKEwiOw7TzhZyQAxWXgP0HHWYVCz4Q3ewLegQICxAV\" aria-label=\"Text tradus: An unforgettable appearance on every cold day! Our new frost fox fur with hood redefines luxury and comfort. Perfect for those who want to combine elegance with utility. Our furs are made from the highest quality materials, with respect for sustainability and ethics. Every detail is handmade, so that you enjoy a truly special product. It's all about customization. Each piece is created to measure, especially for you, so that you feel comfortable and stylish, regardless of the occasion. We believe that fashion should adapt to your desires, not the other way around.\"><span class=\"Y2IQFc\" lang=\"en\">O apari\u021bie de neuitat \u00een fiecare zi friguroas\u0103!<\/span><\/p>\n<p class=\"tw-data-text tw-text-large tw-ta\" dir=\"ltr\" tabindex=\"-1\" role=\"text\" data-placeholder=\"Traducere\" data-ved=\"2ahUKEwiOw7TzhZyQAxWXgP0HHWYVCz4Q3ewLegQICxAV\" aria-label=\"Text tradus: An unforgettable appearance on every cold day! Our new frost fox fur with hood redefines luxury and comfort. Perfect for those who want to combine elegance with utility. Our furs are made from the highest quality materials, with respect for sustainability and ethics. Every detail is handmade, so that you enjoy a truly special product. It's all about customization. Each piece is created to measure, especially for you, so that you feel comfortable and stylish, regardless of the occasion. We believe that fashion should adapt to your desires, not the other way around.\"><span class=\"Y2IQFc\" lang=\"en\">Noua noastr\u0103 blan\u0103 de vulpe frost cu glug\u0103 redefine\u0219te luxul \u0219i confortul.<\/span><\/p>\n<p class=\"tw-data-text tw-text-large tw-ta\" dir=\"ltr\" tabindex=\"-1\" role=\"text\" data-placeholder=\"Traducere\" data-ved=\"2ahUKEwiOw7TzhZyQAxWXgP0HHWYVCz4Q3ewLegQICxAV\" aria-label=\"Text tradus: An unforgettable appearance on every cold day! Our new frost fox fur with hood redefines luxury and comfort. Perfect for those who want to combine elegance with utility. Our furs are made from the highest quality materials, with respect for sustainability and ethics. Every detail is handmade, so that you enjoy a truly special product. It's all about customization. Each piece is created to measure, especially for you, so that you feel comfortable and stylish, regardless of the occasion. We believe that fashion should adapt to your desires, not the other way around.\"><span class=\"Y2IQFc\" lang=\"en\">Perfect\u0103 pentru cei care vor s\u0103 \u00eembine elegan\u021ba cu utilitatea.<\/span><\/p>\n<p class=\"tw-data-text tw-text-large tw-ta\" dir=\"ltr\" tabindex=\"-1\" role=\"text\" data-placeholder=\"Traducere\" data-ved=\"2ahUKEwiOw7TzhZyQAxWXgP0HHWYVCz4Q3ewLegQICxAV\" aria-label=\"Text tradus: An unforgettable appearance on every cold day! Our new frost fox fur with hood redefines luxury and comfort. Perfect for those who want to combine elegance with utility. Our furs are made from the highest quality materials, with respect for sustainability and ethics. Every detail is handmade, so that you enjoy a truly special product. It's all about customization. Each piece is created to measure, especially for you, so that you feel comfortable and stylish, regardless of the occasion. We believe that fashion should adapt to your desires, not the other way around.\"><span class=\"Y2IQFc\" lang=\"en\">Bl\u0103nurile noastre sunt realizate din materiale de cea mai \u00eenalt\u0103 calitate, cu respect pentru normele de sustenabilitate \u0219i etic\u0103.<\/span><\/p>\n<p class=\"tw-data-text tw-text-large tw-ta\" dir=\"ltr\" tabindex=\"-1\" role=\"text\" data-placeholder=\"Traducere\" data-ved=\"2ahUKEwiOw7TzhZyQAxWXgP0HHWYVCz4Q3ewLegQICxAV\" aria-label=\"Text tradus: An unforgettable appearance on every cold day! Our new frost fox fur with hood redefines luxury and comfort. Perfect for those who want to combine elegance with utility. Our furs are made from the highest quality materials, with respect for sustainability and ethics. Every detail is handmade, so that you enjoy a truly special product. It's all about customization. Each piece is created to measure, especially for you, so that you feel comfortable and stylish, regardless of the occasion. We believe that fashion should adapt to your desires, not the other way around.\"><span class=\"Y2IQFc\" lang=\"en\">Fiecare detaliu este lucrat manual, pentru ca tu s\u0103 te bucuri de un produs cu adev\u0103rat special.<\/span><\/p>\n<p class=\"tw-data-text tw-text-large tw-ta\" dir=\"ltr\" tabindex=\"-1\" role=\"text\" data-placeholder=\"Traducere\" data-ved=\"2ahUKEwiOw7TzhZyQAxWXgP0HHWYVCz4Q3ewLegQICxAV\" aria-label=\"Text tradus: An unforgettable appearance on every cold day! Our new frost fox fur with hood redefines luxury and comfort. Perfect for those who want to combine elegance with utility. Our furs are made from the highest quality materials, with respect for sustainability and ethics. Every detail is handmade, so that you enjoy a truly special product. It's all about customization. Each piece is created to measure, especially for you, so that you feel comfortable and stylish, regardless of the occasion. We believe that fashion should adapt to your desires, not the other way around.\"><span class=\"Y2IQFc\" lang=\"en\">Totul este despre personalizare.<\/span><\/p>\n<p class=\"tw-data-text tw-text-large tw-ta\" dir=\"ltr\" tabindex=\"-1\" role=\"text\" data-placeholder=\"Traducere\" data-ved=\"2ahUKEwiOw7TzhZyQAxWXgP0HHWYVCz4Q3ewLegQICxAV\" aria-label=\"Text tradus: An unforgettable appearance on every cold day! Our new frost fox fur with hood redefines luxury and comfort. Perfect for those who want to combine elegance with utility. Our furs are made from the highest quality materials, with respect for sustainability and ethics. Every detail is handmade, so that you enjoy a truly special product. It's all about customization. Each piece is created to measure, especially for you, so that you feel comfortable and stylish, regardless of the occasion. We believe that fashion should adapt to your desires, not the other way around.\"><span class=\"Y2IQFc\" lang=\"en\">Fiecare pies\u0103 este creat\u0103 pe m\u0103sur\u0103, special pentru tine, pentru ca tu s\u0103 te sim\u021bi confortabil \u0219i stilat, indiferent de ocazie.<\/span><\/p>\n<p class=\"tw-data-text tw-text-large tw-ta\" dir=\"ltr\" tabindex=\"-1\" role=\"text\" data-placeholder=\"Traducere\" data-ved=\"2ahUKEwiOw7TzhZyQAxWXgP0HHWYVCz4Q3ewLegQICxAV\" aria-label=\"Text tradus: An unforgettable appearance on every cold day! Our new frost fox fur with hood redefines luxury and comfort. Perfect for those who want to combine elegance with utility. Our furs are made from the highest quality materials, with respect for sustainability and ethics. Every detail is handmade, so that you enjoy a truly special product. It's all about customization. Each piece is created to measure, especially for you, so that you feel comfortable and stylish, regardless of the occasion. We believe that fashion should adapt to your desires, not the other way around.\"><span class=\"Y2IQFc\" lang=\"en\">Noi credem c\u0103 moda trebuie s\u0103 se adapteze dorin\u021belor tale, nu invers.<\/span><\/p>\n","protected":false},"featured_media":5542056,"comment_status":"closed","ping_status":"closed","template":"","meta":[],"product_cat":[444,452],"product_tag":[],"class_list":["post-5542069","product","type-product","status-publish","has-post-thumbnail","hentry","product_cat-femei-2","product_cat-haine-din-blana-2"],"acf":[],"_links":{"self":[{"href":"https:\/\/www.ccmboutique.ro\/ro\/wp-json\/wp\/v2\/product\/5542069","targetHints":{"allow":["GET"]}}],"collection":[{"href":"https:\/\/www.ccmboutique.ro\/ro\/wp-json\/wp\/v2\/product"}],"about":[{"href":"https:\/\/www.ccmboutique.ro\/ro\/wp-json\/wp\/v2\/types\/product"}],"replies":[{"embeddable":true,"href":"https:\/\/www.ccmboutique.ro\/ro\/wp-json\/wp\/v2\/comments?post=5542069"}],"version-history":[{"count":0,"href":"https:\/\/www.ccmboutique.ro\/ro\/wp-json\/wp\/v2\/product\/5542069\/revisions"}],"wp:featuredmedia":[{"embeddable":true,"href":"https:\/\/www.ccmboutique.ro\/ro\/wp-json\/wp\/v2\/media\/5542056"}],"wp:attachment":[{"href":"https:\/\/www.ccmboutique.ro\/ro\/wp-json\/wp\/v2\/media?parent=5542069"}],"wp:term":[{"taxonomy":"product_cat","embeddable":true,"href":"https:\/\/www.ccmboutique.ro\/ro\/wp-json\/wp\/v2\/product_cat?post=5542069"},{"taxonomy":"product_tag","embeddable":true,"href":"https:\/\/www.ccmboutique.ro\/ro\/wp-json\/wp\/v2\/product_tag?post=5542069"}],"curies":[{"name":"wp","href":"https:\/\/api.w.org\/{rel}","templated":true}]}}