{"id":5542042,"date":"2025-10-11T16:11:29","date_gmt":"2025-10-11T13:11:29","guid":{"rendered":"https:\/\/www.ccmboutique.ro\/shop\/haina-de-blana-kristie\/"},"modified":"2025-10-11T16:11:29","modified_gmt":"2025-10-11T13:11:29","slug":"kristie-fur-coat","status":"publish","type":"product","link":"https:\/\/www.ccmboutique.ro\/ro\/shop\/kristie-fur-coat\/","title":{"rendered":"Haina De Blana KRISTIE"},"content":{"rendered":"","protected":false},"excerpt":{"rendered":"<p id=\"tw-target-text\" class=\"tw-data-text tw-text-large tw-ta\" dir=\"ltr\" tabindex=\"-1\" role=\"text\" data-placeholder=\"Traducere\" data-ved=\"2ahUKEwiOw7TzhZyQAxWXgP0HHWYVCz4Q3ewLegQICxAV\" aria-label=\"Text tradus: Natural fox fur coat! Do you dream of a piece of clothing that will express your unique style and uncompromising elegance? This natural fur coat, with a sophisticated V-shaped design, is created to attract all eyes! Rich, lush fox fur, which offers you comfort and refinement. Customizable in any color, length and size. Elegant closures, your choice: zipper or clips. Unique design, created especially for you! Transform your wardrobe with a statement piece, perfectly adapted to your style. Now you can create the coat of your dreams, made to order! Write to us now for a free consultation and let's bring the most sophisticated coat in your collection to life!\"><span class=\"Y2IQFc\" lang=\"en\">Haina din blan\u0103 natural\u0103 de vulpe!<\/span><\/p>\n<p class=\"tw-data-text tw-text-large tw-ta\" dir=\"ltr\" tabindex=\"-1\" role=\"text\" data-placeholder=\"Traducere\" data-ved=\"2ahUKEwiOw7TzhZyQAxWXgP0HHWYVCz4Q3ewLegQICxAV\" aria-label=\"Text tradus: Natural fox fur coat! Do you dream of a piece of clothing that will express your unique style and uncompromising elegance? This natural fur coat, with a sophisticated V-shaped design, is created to attract all eyes! Rich, lush fox fur, which offers you comfort and refinement. Customizable in any color, length and size. Elegant closures, your choice: zipper or clips. Unique design, created especially for you! Transform your wardrobe with a statement piece, perfectly adapted to your style. Now you can create the coat of your dreams, made to order! Write to us now for a free consultation and let's bring the most sophisticated coat in your collection to life!\"><span class=\"Y2IQFc\" lang=\"en\">Visezi la o pies\u0103 vestimentar\u0103 care s\u0103 \u00ee\u021bi exprime stilul unic \u0219i elegan\u021ba f\u0103r\u0103 compromisuri?<\/span><\/p>\n<p class=\"tw-data-text tw-text-large tw-ta\" dir=\"ltr\" tabindex=\"-1\" role=\"text\" data-placeholder=\"Traducere\" data-ved=\"2ahUKEwiOw7TzhZyQAxWXgP0HHWYVCz4Q3ewLegQICxAV\" aria-label=\"Text tradus: Natural fox fur coat! Do you dream of a piece of clothing that will express your unique style and uncompromising elegance? This natural fur coat, with a sophisticated V-shaped design, is created to attract all eyes! Rich, lush fox fur, which offers you comfort and refinement. Customizable in any color, length and size. Elegant closures, your choice: zipper or clips. Unique design, created especially for you! Transform your wardrobe with a statement piece, perfectly adapted to your style. Now you can create the coat of your dreams, made to order! Write to us now for a free consultation and let's bring the most sophisticated coat in your collection to life!\"><span class=\"Y2IQFc\" lang=\"en\">Aceast\u0103 hain\u0103 din blan\u0103 natural\u0103, cu un design sofisticat \u00een form\u0103 de V, este creat\u0103 pentru a atrage toate privirile!<\/span><\/p>\n<p class=\"tw-data-text tw-text-large tw-ta\" dir=\"ltr\" tabindex=\"-1\" role=\"text\" data-placeholder=\"Traducere\" data-ved=\"2ahUKEwiOw7TzhZyQAxWXgP0HHWYVCz4Q3ewLegQICxAV\" aria-label=\"Text tradus: Natural fox fur coat! Do you dream of a piece of clothing that will express your unique style and uncompromising elegance? This natural fur coat, with a sophisticated V-shaped design, is created to attract all eyes! Rich, lush fox fur, which offers you comfort and refinement. Customizable in any color, length and size. Elegant closures, your choice: zipper or clips. Unique design, created especially for you! Transform your wardrobe with a statement piece, perfectly adapted to your style. Now you can create the coat of your dreams, made to order! Write to us now for a free consultation and let's bring the most sophisticated coat in your collection to life!\"><span class=\"Y2IQFc\" lang=\"en\">Blan\u0103 bogat\u0103, luxuriant\u0103, din vulpe, ce \u00ee\u021bi ofer\u0103 confort \u0219i rafinament.<\/span><\/p>\n<p class=\"tw-data-text tw-text-large tw-ta\" dir=\"ltr\" tabindex=\"-1\" role=\"text\" data-placeholder=\"Traducere\" data-ved=\"2ahUKEwiOw7TzhZyQAxWXgP0HHWYVCz4Q3ewLegQICxAV\" aria-label=\"Text tradus: Natural fox fur coat! Do you dream of a piece of clothing that will express your unique style and uncompromising elegance? This natural fur coat, with a sophisticated V-shaped design, is created to attract all eyes! Rich, lush fox fur, which offers you comfort and refinement. Customizable in any color, length and size. Elegant closures, your choice: zipper or clips. Unique design, created especially for you! Transform your wardrobe with a statement piece, perfectly adapted to your style. Now you can create the coat of your dreams, made to order! Write to us now for a free consultation and let's bring the most sophisticated coat in your collection to life!\"><span class=\"Y2IQFc\" lang=\"en\">Personalizabil\u0103 \u00een orice culoare, lungime \u0219i dimensiune.<\/span><\/p>\n<p class=\"tw-data-text tw-text-large tw-ta\" dir=\"ltr\" tabindex=\"-1\" role=\"text\" data-placeholder=\"Traducere\" data-ved=\"2ahUKEwiOw7TzhZyQAxWXgP0HHWYVCz4Q3ewLegQICxAV\" aria-label=\"Text tradus: Natural fox fur coat! Do you dream of a piece of clothing that will express your unique style and uncompromising elegance? This natural fur coat, with a sophisticated V-shaped design, is created to attract all eyes! Rich, lush fox fur, which offers you comfort and refinement. Customizable in any color, length and size. Elegant closures, your choice: zipper or clips. Unique design, created especially for you! Transform your wardrobe with a statement piece, perfectly adapted to your style. Now you can create the coat of your dreams, made to order! Write to us now for a free consultation and let's bring the most sophisticated coat in your collection to life!\"><span class=\"Y2IQFc\" lang=\"en\">\u00cenchideri elegante, la alegere: fermoar sau agrafe.<\/span><\/p>\n<p class=\"tw-data-text tw-text-large tw-ta\" dir=\"ltr\" tabindex=\"-1\" role=\"text\" data-placeholder=\"Traducere\" data-ved=\"2ahUKEwiOw7TzhZyQAxWXgP0HHWYVCz4Q3ewLegQICxAV\" aria-label=\"Text tradus: Natural fox fur coat! Do you dream of a piece of clothing that will express your unique style and uncompromising elegance? This natural fur coat, with a sophisticated V-shaped design, is created to attract all eyes! Rich, lush fox fur, which offers you comfort and refinement. Customizable in any color, length and size. Elegant closures, your choice: zipper or clips. Unique design, created especially for you! Transform your wardrobe with a statement piece, perfectly adapted to your style. Now you can create the coat of your dreams, made to order! Write to us now for a free consultation and let's bring the most sophisticated coat in your collection to life!\"><span class=\"Y2IQFc\" lang=\"en\">Design unic, creat special pentru tine!<\/span><\/p>\n<p class=\"tw-data-text tw-text-large tw-ta\" dir=\"ltr\" tabindex=\"-1\" role=\"text\" data-placeholder=\"Traducere\" data-ved=\"2ahUKEwiOw7TzhZyQAxWXgP0HHWYVCz4Q3ewLegQICxAV\" aria-label=\"Text tradus: Natural fox fur coat! Do you dream of a piece of clothing that will express your unique style and uncompromising elegance? This natural fur coat, with a sophisticated V-shaped design, is created to attract all eyes! Rich, lush fox fur, which offers you comfort and refinement. Customizable in any color, length and size. Elegant closures, your choice: zipper or clips. Unique design, created especially for you! Transform your wardrobe with a statement piece, perfectly adapted to your style. Now you can create the coat of your dreams, made to order! Write to us now for a free consultation and let's bring the most sophisticated coat in your collection to life!\"><span class=\"Y2IQFc\" lang=\"en\">Transform\u0103-\u021bi garderoba cu o pies\u0103 statement, perfect adaptat\u0103 stilului t\u0103u.<\/span><\/p>\n<p class=\"tw-data-text tw-text-large tw-ta\" dir=\"ltr\" tabindex=\"-1\" role=\"text\" data-placeholder=\"Traducere\" data-ved=\"2ahUKEwiOw7TzhZyQAxWXgP0HHWYVCz4Q3ewLegQICxAV\" aria-label=\"Text tradus: Natural fox fur coat! Do you dream of a piece of clothing that will express your unique style and uncompromising elegance? This natural fur coat, with a sophisticated V-shaped design, is created to attract all eyes! Rich, lush fox fur, which offers you comfort and refinement. Customizable in any color, length and size. Elegant closures, your choice: zipper or clips. Unique design, created especially for you! Transform your wardrobe with a statement piece, perfectly adapted to your style. Now you can create the coat of your dreams, made to order! Write to us now for a free consultation and let's bring the most sophisticated coat in your collection to life!\"><span class=\"Y2IQFc\" lang=\"en\">Acum po\u021bi crea haina visurilor tale, la comand\u0103!<\/span><\/p>\n<p class=\"tw-data-text tw-text-large tw-ta\" dir=\"ltr\" tabindex=\"-1\" role=\"text\" data-placeholder=\"Traducere\" data-ved=\"2ahUKEwiOw7TzhZyQAxWXgP0HHWYVCz4Q3ewLegQICxAV\" aria-label=\"Text tradus: Natural fox fur coat! Do you dream of a piece of clothing that will express your unique style and uncompromising elegance? This natural fur coat, with a sophisticated V-shaped design, is created to attract all eyes! Rich, lush fox fur, which offers you comfort and refinement. Customizable in any color, length and size. Elegant closures, your choice: zipper or clips. Unique design, created especially for you! Transform your wardrobe with a statement piece, perfectly adapted to your style. Now you can create the coat of your dreams, made to order! Write to us now for a free consultation and let's bring the most sophisticated coat in your collection to life!\"><span class=\"Y2IQFc\" lang=\"en\">Scrie-ne acum pentru o consulta\u021bie gratuit\u0103 \u0219i hai s\u0103 aducem la via\u021b\u0103 cea mai sofisticat\u0103 hain\u0103 din colec\u021bia ta!<\/span><\/p>\n","protected":false},"featured_media":5542038,"comment_status":"closed","ping_status":"closed","template":"","meta":[],"product_cat":[444,452],"product_tag":[],"class_list":["post-5542042","product","type-product","status-publish","has-post-thumbnail","hentry","product_cat-femei-2","product_cat-haine-din-blana-2"],"acf":[],"_links":{"self":[{"href":"https:\/\/www.ccmboutique.ro\/ro\/wp-json\/wp\/v2\/product\/5542042","targetHints":{"allow":["GET"]}}],"collection":[{"href":"https:\/\/www.ccmboutique.ro\/ro\/wp-json\/wp\/v2\/product"}],"about":[{"href":"https:\/\/www.ccmboutique.ro\/ro\/wp-json\/wp\/v2\/types\/product"}],"replies":[{"embeddable":true,"href":"https:\/\/www.ccmboutique.ro\/ro\/wp-json\/wp\/v2\/comments?post=5542042"}],"version-history":[{"count":0,"href":"https:\/\/www.ccmboutique.ro\/ro\/wp-json\/wp\/v2\/product\/5542042\/revisions"}],"wp:featuredmedia":[{"embeddable":true,"href":"https:\/\/www.ccmboutique.ro\/ro\/wp-json\/wp\/v2\/media\/5542038"}],"wp:attachment":[{"href":"https:\/\/www.ccmboutique.ro\/ro\/wp-json\/wp\/v2\/media?parent=5542042"}],"wp:term":[{"taxonomy":"product_cat","embeddable":true,"href":"https:\/\/www.ccmboutique.ro\/ro\/wp-json\/wp\/v2\/product_cat?post=5542042"},{"taxonomy":"product_tag","embeddable":true,"href":"https:\/\/www.ccmboutique.ro\/ro\/wp-json\/wp\/v2\/product_tag?post=5542042"}],"curies":[{"name":"wp","href":"https:\/\/api.w.org\/{rel}","templated":true}]}}