{"id":5542025,"date":"2025-10-11T15:48:34","date_gmt":"2025-10-11T12:48:34","guid":{"rendered":"https:\/\/www.ccmboutique.ro\/shop\/vesta-de-blana-rex-chinchilla-aysha-white\/"},"modified":"2025-10-11T15:48:34","modified_gmt":"2025-10-11T12:48:34","slug":"aysha-white-rex-chinchilla-fur-vest","status":"publish","type":"product","link":"https:\/\/www.ccmboutique.ro\/ro\/shop\/aysha-white-rex-chinchilla-fur-vest\/","title":{"rendered":"Vesta De Blana Rex Chinchilla AYSHA White"},"content":{"rendered":"","protected":false},"excerpt":{"rendered":"<p>O vest\u0103 de blan\u0103 adaug\u0103 o not\u0103 de lux oric\u0103rei \u021binute.<\/p>\n<p><span class=\"Y2IQFc\" lang=\"en\">Este o piesa statement si poate fi purtata in cat mai multe combinatii.<\/span><\/p>\n<p><span class=\"Y2IQFc\" lang=\"en\">Nu ezita\u021bi s\u0103 o purta\u021bi cu elemente din piele sau texturi diferite , u<\/span><span class=\"Y2IQFc\" lang=\"en\">\u0219or peste bluze \u0219i chiar jachete.<\/span><\/p>\n<p><span class=\"Y2IQFc\" lang=\"en\">Gam\u0103 larg\u0103 de culori, pot fi f\u0103cute pe orice lungime,<\/span><span class=\"Y2IQFc\" lang=\"en\">\u00eenchiderea poate fi cu fermoar sau capse.<\/span><\/p>\n<p class=\"p1\">Vom avea nevoie de m\u0103sur\u0103torile dvs. exacte pentru a asigura o potrivire perfect\u0103 pentru vesta dvs. Dac\u0103 nu le ave\u021bi disponibile acum, v\u0103 rug\u0103m s\u0103 selecta\u021bi una dintre m\u0103rimile prestabilite (S, M, L, etc.).<\/p>\n<p class=\"p1\">\u00cen ambele cazuri, v\u0103 vom contacta dup\u0103 ce a\u021bi finalizat comanda, pentru a ne asigura c\u0103 totul este \u00een ordine.<\/p>\n<p class=\"p1\">Pentru masuri personalizate, putem lucra pe baza de comand\u0103.<\/p>\n<p class=\"p1\">Pentru orice informa\u021bii suplimentare, v\u0103 st\u0103m la dispozi\u021bie : 0040766914884.<\/p>\n","protected":false},"featured_media":5542011,"comment_status":"closed","ping_status":"closed","template":"","meta":[],"product_cat":[444,456],"product_tag":[],"class_list":["post-5542025","product","type-product","status-publish","has-post-thumbnail","hentry","product_cat-femei-2","product_cat-veste-din-blana-2"],"acf":[],"_links":{"self":[{"href":"https:\/\/www.ccmboutique.ro\/ro\/wp-json\/wp\/v2\/product\/5542025","targetHints":{"allow":["GET"]}}],"collection":[{"href":"https:\/\/www.ccmboutique.ro\/ro\/wp-json\/wp\/v2\/product"}],"about":[{"href":"https:\/\/www.ccmboutique.ro\/ro\/wp-json\/wp\/v2\/types\/product"}],"replies":[{"embeddable":true,"href":"https:\/\/www.ccmboutique.ro\/ro\/wp-json\/wp\/v2\/comments?post=5542025"}],"version-history":[{"count":0,"href":"https:\/\/www.ccmboutique.ro\/ro\/wp-json\/wp\/v2\/product\/5542025\/revisions"}],"wp:featuredmedia":[{"embeddable":true,"href":"https:\/\/www.ccmboutique.ro\/ro\/wp-json\/wp\/v2\/media\/5542011"}],"wp:attachment":[{"href":"https:\/\/www.ccmboutique.ro\/ro\/wp-json\/wp\/v2\/media?parent=5542025"}],"wp:term":[{"taxonomy":"product_cat","embeddable":true,"href":"https:\/\/www.ccmboutique.ro\/ro\/wp-json\/wp\/v2\/product_cat?post=5542025"},{"taxonomy":"product_tag","embeddable":true,"href":"https:\/\/www.ccmboutique.ro\/ro\/wp-json\/wp\/v2\/product_tag?post=5542025"}],"curies":[{"name":"wp","href":"https:\/\/api.w.org\/{rel}","templated":true}]}}