{"id":5541854,"date":"2025-10-10T17:55:39","date_gmt":"2025-10-10T14:55:39","guid":{"rendered":"https:\/\/www.ccmboutique.ro\/shop\/vesta-din-piele-amy\/"},"modified":"2025-10-10T17:55:39","modified_gmt":"2025-10-10T14:55:39","slug":"amy-leather-vest","status":"publish","type":"product","link":"https:\/\/www.ccmboutique.ro\/ro\/shop\/amy-leather-vest\/","title":{"rendered":"Vesta Din Piele AMY"},"content":{"rendered":"","protected":false},"excerpt":{"rendered":"<p id=\"tw-target-text\" class=\"tw-data-text tw-text-large tw-ta\" dir=\"ltr\" tabindex=\"-1\" role=\"text\" data-placeholder=\"Traducere\" data-ved=\"2ahUKEwiN0ajFmZCQAxWO1wIHHReCFVoQ3ewLegQICxAV\" aria-label=\"Text tradus: Genuine leather vest with natural fur collar \u2013 long model, elegant cut Refinement, femininity and luxury \u2013 all in one collection piece. This long genuine leather vest, with fine inserts and croco texture, is complemented by a large natural mink fur collar, offering timeless elegance and a feeling of exclusivity with every wear. Handcrafted, every detail is carefully finished to ensure a perfect silhouette and premium comfort. It fits ideally in both urban daytime outfits and sophisticated evening appearances.\"><span class=\"Y2IQFc\" lang=\"en\">Vest\u0103 din piele natural\u0103 cu guler din blan\u0103 natural\u0103 \u2013 model lung, croial\u0103 elegant\u0103, rafinament, feminitate \u0219i lux \u2013 toate \u00eentr-o singur\u0103 pies\u0103 de colec\u021bie.<\/span><\/p>\n<p class=\"tw-data-text tw-text-large tw-ta\" dir=\"ltr\" tabindex=\"-1\" role=\"text\" data-placeholder=\"Traducere\" data-ved=\"2ahUKEwiN0ajFmZCQAxWO1wIHHReCFVoQ3ewLegQICxAV\" aria-label=\"Text tradus: Genuine leather vest with natural fur collar \u2013 long model, elegant cut Refinement, femininity and luxury \u2013 all in one collection piece. This long genuine leather vest, with fine inserts and croco texture, is complemented by a large natural mink fur collar, offering timeless elegance and a feeling of exclusivity with every wear. Handcrafted, every detail is carefully finished to ensure a perfect silhouette and premium comfort. It fits ideally in both urban daytime outfits and sophisticated evening appearances.\"><span class=\"Y2IQFc\" lang=\"en\">Aceast\u0103 vest\u0103 lung\u0103 din piele natural\u0103, cu inser\u021bii fine \u0219i textur\u0103 croco, este completat\u0103 de un guler amplu din blan\u0103 natural\u0103 de nurc\u0103, oferind elegan\u021b\u0103 atemporal\u0103 \u0219i un sentiment de exclusivitate la fiecare purtare.<\/span><\/p>\n<p class=\"tw-data-text tw-text-large tw-ta\" dir=\"ltr\" tabindex=\"-1\" role=\"text\" data-placeholder=\"Traducere\" data-ved=\"2ahUKEwiN0ajFmZCQAxWO1wIHHReCFVoQ3ewLegQICxAV\" aria-label=\"Text tradus: Genuine leather vest with natural fur collar \u2013 long model, elegant cut Refinement, femininity and luxury \u2013 all in one collection piece. This long genuine leather vest, with fine inserts and croco texture, is complemented by a large natural mink fur collar, offering timeless elegance and a feeling of exclusivity with every wear. Handcrafted, every detail is carefully finished to ensure a perfect silhouette and premium comfort. It fits ideally in both urban daytime outfits and sophisticated evening appearances.\"><span class=\"Y2IQFc\" lang=\"en\">Lucrat\u0103 manual, fiecare detaliu este atent finisat pentru a asigura o siluet\u0103 perfect\u0103 \u0219i un confort premium.<\/span><\/p>\n<p class=\"tw-data-text tw-text-large tw-ta\" dir=\"ltr\" tabindex=\"-1\" role=\"text\" data-placeholder=\"Traducere\" data-ved=\"2ahUKEwiN0ajFmZCQAxWO1wIHHReCFVoQ3ewLegQICxAV\" aria-label=\"Text tradus: Genuine leather vest with natural fur collar \u2013 long model, elegant cut Refinement, femininity and luxury \u2013 all in one collection piece. This long genuine leather vest, with fine inserts and croco texture, is complemented by a large natural mink fur collar, offering timeless elegance and a feeling of exclusivity with every wear. Handcrafted, every detail is carefully finished to ensure a perfect silhouette and premium comfort. It fits ideally in both urban daytime outfits and sophisticated evening appearances.\"><span class=\"Y2IQFc\" lang=\"en\">Se potrive\u0219te ideal at\u00e2t \u00een \u200b\u200b\u021binute urbane de zi, c\u00e2t \u0219i \u00een apari\u021bii sofisticate de sear\u0103.<\/span><\/p>\n","protected":false},"featured_media":5541840,"comment_status":"closed","ping_status":"closed","template":"","meta":[],"product_cat":[444,453,455],"product_tag":[],"class_list":["post-5541854","product","type-product","status-publish","has-post-thumbnail","hentry","product_cat-femei-2","product_cat-jachete-din-piele-naturala","product_cat-trenciuri-2"],"acf":[],"_links":{"self":[{"href":"https:\/\/www.ccmboutique.ro\/ro\/wp-json\/wp\/v2\/product\/5541854","targetHints":{"allow":["GET"]}}],"collection":[{"href":"https:\/\/www.ccmboutique.ro\/ro\/wp-json\/wp\/v2\/product"}],"about":[{"href":"https:\/\/www.ccmboutique.ro\/ro\/wp-json\/wp\/v2\/types\/product"}],"replies":[{"embeddable":true,"href":"https:\/\/www.ccmboutique.ro\/ro\/wp-json\/wp\/v2\/comments?post=5541854"}],"version-history":[{"count":0,"href":"https:\/\/www.ccmboutique.ro\/ro\/wp-json\/wp\/v2\/product\/5541854\/revisions"}],"wp:featuredmedia":[{"embeddable":true,"href":"https:\/\/www.ccmboutique.ro\/ro\/wp-json\/wp\/v2\/media\/5541840"}],"wp:attachment":[{"href":"https:\/\/www.ccmboutique.ro\/ro\/wp-json\/wp\/v2\/media?parent=5541854"}],"wp:term":[{"taxonomy":"product_cat","embeddable":true,"href":"https:\/\/www.ccmboutique.ro\/ro\/wp-json\/wp\/v2\/product_cat?post=5541854"},{"taxonomy":"product_tag","embeddable":true,"href":"https:\/\/www.ccmboutique.ro\/ro\/wp-json\/wp\/v2\/product_tag?post=5541854"}],"curies":[{"name":"wp","href":"https:\/\/api.w.org\/{rel}","templated":true}]}}