{"id":5541702,"date":"2025-10-06T21:04:46","date_gmt":"2025-10-06T18:04:46","guid":{"rendered":"https:\/\/www.ccmboutique.ro\/shop\/haina-din-lana-pura-alivia\/"},"modified":"2025-10-06T21:04:46","modified_gmt":"2025-10-06T18:04:46","slug":"alivia-wool-coat","status":"publish","type":"product","link":"https:\/\/www.ccmboutique.ro\/ro\/shop\/alivia-wool-coat\/","title":{"rendered":"Haina Din Lana Pura ALIVIA"},"content":{"rendered":"","protected":false},"excerpt":{"rendered":"<p>Haina clasica de lux, din lana pura cu blana de jder CCM Boutique.<\/p>\n<p>Blana de jder este moale, matasoasa \u0219i apreciata pentru aspectul \u0219i senza\u021bia sa luxoasa.<\/p>\n<p class=\"p1\">Colec\u021bii atemporale realizate din materiale luxoase.<\/p>\n<p class=\"p1\">\u021aes\u0103tur\u0103 100% l\u00e2n\u0103 virgin\u0103.<\/p>\n<p class=\"p1\">Se cur\u0103\u021b\u0103 \u00een mod profesional.<\/p>\n<p class=\"p1\">Echipa noastr\u0103 este m\u00e2ndr\u0103 s\u0103 lucreze neobosit pentru a aduce clien\u021bilor no\u0219tri articole atemporale.<\/p>\n<p class=\"p1\">Pentru un serviciu de comand\u0103 personalizat \u0219i mai multe detalii ne pute\u021bi contacta la numerele de telefon 0040766914884 \/ 0040766914901 \u0219i ve\u021bi avea produse care vor fi realizate cu meticulozitate pentru dumneavoastr\u0103.<\/p>\n","protected":false},"featured_media":5541690,"comment_status":"closed","ping_status":"closed","template":"","meta":[],"product_cat":[444,449],"product_tag":[],"class_list":["post-5541702","product","type-product","status-publish","has-post-thumbnail","hentry","product_cat-femei-2","product_cat-haine-din-lana-casmir-alpaca-2"],"acf":[],"_links":{"self":[{"href":"https:\/\/www.ccmboutique.ro\/ro\/wp-json\/wp\/v2\/product\/5541702","targetHints":{"allow":["GET"]}}],"collection":[{"href":"https:\/\/www.ccmboutique.ro\/ro\/wp-json\/wp\/v2\/product"}],"about":[{"href":"https:\/\/www.ccmboutique.ro\/ro\/wp-json\/wp\/v2\/types\/product"}],"replies":[{"embeddable":true,"href":"https:\/\/www.ccmboutique.ro\/ro\/wp-json\/wp\/v2\/comments?post=5541702"}],"version-history":[{"count":0,"href":"https:\/\/www.ccmboutique.ro\/ro\/wp-json\/wp\/v2\/product\/5541702\/revisions"}],"wp:featuredmedia":[{"embeddable":true,"href":"https:\/\/www.ccmboutique.ro\/ro\/wp-json\/wp\/v2\/media\/5541690"}],"wp:attachment":[{"href":"https:\/\/www.ccmboutique.ro\/ro\/wp-json\/wp\/v2\/media?parent=5541702"}],"wp:term":[{"taxonomy":"product_cat","embeddable":true,"href":"https:\/\/www.ccmboutique.ro\/ro\/wp-json\/wp\/v2\/product_cat?post=5541702"},{"taxonomy":"product_tag","embeddable":true,"href":"https:\/\/www.ccmboutique.ro\/ro\/wp-json\/wp\/v2\/product_tag?post=5541702"}],"curies":[{"name":"wp","href":"https:\/\/api.w.org\/{rel}","templated":true}]}}