{"id":5541605,"date":"2025-02-05T17:49:45","date_gmt":"2025-02-05T15:49:45","guid":{"rendered":"https:\/\/www.ccmboutique.ro\/shop\/palton-annusha-swakara\/"},"modified":"2025-04-24T20:46:29","modified_gmt":"2025-04-24T17:46:29","slug":"annusha-swakara","status":"publish","type":"product","link":"https:\/\/www.ccmboutique.ro\/ro\/shop\/annusha-swakara\/","title":{"rendered":"Palton ANNUSHA Swakara"},"content":{"rendered":"","protected":false},"excerpt":{"rendered":"<p id=\"tw-target-text\" class=\"tw-data-text tw-text-large tw-ta\" dir=\"ltr\" data-placeholder=\"Traducere\" data-ved=\"2ahUKEwjso4mB9KyLAxWuJBAIHVDzMLYQ3ewLegQICRAW\" aria-label=\"Text tradus: Superlative elegance, created just for you. Discover absolute sophistication with our exclusive coat, made from the finest natural wool, accessorized with luxurious Argentinian fox fur and swakara. A sophisticated design, tailored to your measurements, for an impeccable look and a feeling of ultimate comfort. \u2714\ufe0f Premium materials \u2714\ufe0f Custom cut \u2714\ufe0f Luxurious details, handmade Order your statement piece now and redefine elegance!\"><span class=\"Y2IQFc\" lang=\"en\">Elegan\u021b\u0103 la superlativ, creat\u0103 doar pentru tine.<\/span><\/p>\n<p class=\"tw-data-text tw-text-large tw-ta\" dir=\"ltr\" data-placeholder=\"Traducere\" data-ved=\"2ahUKEwjso4mB9KyLAxWuJBAIHVDzMLYQ3ewLegQICRAW\" aria-label=\"Text tradus: Superlative elegance, created just for you. Discover absolute sophistication with our exclusive coat, made from the finest natural wool, accessorized with luxurious Argentinian fox fur and swakara. A sophisticated design, tailored to your measurements, for an impeccable look and a feeling of ultimate comfort. \u2714\ufe0f Premium materials \u2714\ufe0f Custom cut \u2714\ufe0f Luxurious details, handmade Order your statement piece now and redefine elegance!\"><span class=\"Y2IQFc\" lang=\"en\">Descoperi\u021bi rafinamentul absolut cu haina noastr\u0103 exclusivist\u0103, realizat\u0103 din cea mai fin\u0103 l\u00e2n\u0103 natural\u0103, accesorizat\u0103 cu blan\u0103 luxoas\u0103 de vulpe argentinian\u0103 \u0219i swakara.<\/span><\/p>\n<p class=\"tw-data-text tw-text-large tw-ta\" dir=\"ltr\" data-placeholder=\"Traducere\" data-ved=\"2ahUKEwjso4mB9KyLAxWuJBAIHVDzMLYQ3ewLegQICRAW\" aria-label=\"Text tradus: Superlative elegance, created just for you. Discover absolute sophistication with our exclusive coat, made from the finest natural wool, accessorized with luxurious Argentinian fox fur and swakara. A sophisticated design, tailored to your measurements, for an impeccable look and a feeling of ultimate comfort. \u2714\ufe0f Premium materials \u2714\ufe0f Custom cut \u2714\ufe0f Luxurious details, handmade Order your statement piece now and redefine elegance!\"><span class=\"Y2IQFc\" lang=\"en\">Un design sofisticat, adaptat la m\u0103surile dvs., pentru un aspect impecabil \u0219i un sentiment de confort suprem.<\/span><\/p>\n<p class=\"tw-data-text tw-text-large tw-ta\" dir=\"ltr\" data-placeholder=\"Traducere\" data-ved=\"2ahUKEwjso4mB9KyLAxWuJBAIHVDzMLYQ3ewLegQICRAW\" aria-label=\"Text tradus: Superlative elegance, created just for you. Discover absolute sophistication with our exclusive coat, made from the finest natural wool, accessorized with luxurious Argentinian fox fur and swakara. A sophisticated design, tailored to your measurements, for an impeccable look and a feeling of ultimate comfort. \u2714\ufe0f Premium materials \u2714\ufe0f Custom cut \u2714\ufe0f Luxurious details, handmade Order your statement piece now and redefine elegance!\"><span class=\"Y2IQFc\" lang=\"en\">Materiale premium \u0219i c<\/span><span class=\"Y2IQFc\" lang=\"en\">ustom cut.<\/span><\/p>\n<p class=\"tw-data-text tw-text-large tw-ta\" dir=\"ltr\" data-placeholder=\"Traducere\" data-ved=\"2ahUKEwjso4mB9KyLAxWuJBAIHVDzMLYQ3ewLegQICRAW\" aria-label=\"Text tradus: Superlative elegance, created just for you. Discover absolute sophistication with our exclusive coat, made from the finest natural wool, accessorized with luxurious Argentinian fox fur and swakara. A sophisticated design, tailored to your measurements, for an impeccable look and a feeling of ultimate comfort. \u2714\ufe0f Premium materials \u2714\ufe0f Custom cut \u2714\ufe0f Luxurious details, handmade Order your statement piece now and redefine elegance!\"><span class=\"Y2IQFc\" lang=\"en\">Detalii luxoase, realizate manual.<\/span><\/p>\n<p class=\"tw-data-text tw-text-large tw-ta\" dir=\"ltr\" data-placeholder=\"Traducere\" data-ved=\"2ahUKEwjso4mB9KyLAxWuJBAIHVDzMLYQ3ewLegQICRAW\" aria-label=\"Text tradus: Superlative elegance, created just for you. Discover absolute sophistication with our exclusive coat, made from the finest natural wool, accessorized with luxurious Argentinian fox fur and swakara. A sophisticated design, tailored to your measurements, for an impeccable look and a feeling of ultimate comfort. \u2714\ufe0f Premium materials \u2714\ufe0f Custom cut \u2714\ufe0f Luxurious details, handmade Order your statement piece now and redefine elegance!\"><span class=\"Y2IQFc\" lang=\"en\">Comand\u0103 acum piesa ta statement \u0219i redefine\u0219te elegan\u021ba!<\/span><\/p>\n","protected":false},"featured_media":5541595,"comment_status":"closed","ping_status":"closed","template":"","meta":[],"product_cat":[444,449],"product_tag":[],"class_list":["post-5541605","product","type-product","status-publish","has-post-thumbnail","hentry","product_cat-femei-2","product_cat-haine-din-lana-casmir-alpaca-2"],"acf":[],"_links":{"self":[{"href":"https:\/\/www.ccmboutique.ro\/ro\/wp-json\/wp\/v2\/product\/5541605","targetHints":{"allow":["GET"]}}],"collection":[{"href":"https:\/\/www.ccmboutique.ro\/ro\/wp-json\/wp\/v2\/product"}],"about":[{"href":"https:\/\/www.ccmboutique.ro\/ro\/wp-json\/wp\/v2\/types\/product"}],"replies":[{"embeddable":true,"href":"https:\/\/www.ccmboutique.ro\/ro\/wp-json\/wp\/v2\/comments?post=5541605"}],"version-history":[{"count":2,"href":"https:\/\/www.ccmboutique.ro\/ro\/wp-json\/wp\/v2\/product\/5541605\/revisions"}],"predecessor-version":[{"id":5541640,"href":"https:\/\/www.ccmboutique.ro\/ro\/wp-json\/wp\/v2\/product\/5541605\/revisions\/5541640"}],"wp:featuredmedia":[{"embeddable":true,"href":"https:\/\/www.ccmboutique.ro\/ro\/wp-json\/wp\/v2\/media\/5541595"}],"wp:attachment":[{"href":"https:\/\/www.ccmboutique.ro\/ro\/wp-json\/wp\/v2\/media?parent=5541605"}],"wp:term":[{"taxonomy":"product_cat","embeddable":true,"href":"https:\/\/www.ccmboutique.ro\/ro\/wp-json\/wp\/v2\/product_cat?post=5541605"},{"taxonomy":"product_tag","embeddable":true,"href":"https:\/\/www.ccmboutique.ro\/ro\/wp-json\/wp\/v2\/product_tag?post=5541605"}],"curies":[{"name":"wp","href":"https:\/\/api.w.org\/{rel}","templated":true}]}}