{"id":5541373,"date":"2025-01-10T15:20:53","date_gmt":"2025-01-10T13:20:53","guid":{"rendered":"https:\/\/www.ccmboutique.ro\/shop\/trench-adrya\/"},"modified":"2025-01-14T14:16:41","modified_gmt":"2025-01-14T12:16:41","slug":"adrya-trench-coat","status":"publish","type":"product","link":"https:\/\/www.ccmboutique.ro\/ro\/shop\/adrya-trench-coat\/","title":{"rendered":"Trench ADRYA"},"content":{"rendered":"","protected":false},"excerpt":{"rendered":"<p id=\"tw-target-text\" class=\"tw-data-text tw-text-large tw-ta\" dir=\"ltr\" data-placeholder=\"Traducere\" data-ved=\"2ahUKEwjszYKSn-uKAxU0KBAIHbScEGMQ3ewLegQIDRAU\" aria-label=\"Text tradus: Simplicity, elegance, perfection. Discover the premium natural leather coat, a statement piece that never goes out of style. The impeccable cut, made to order to perfectly fit your figure, combines luxury with timelessness. Materials of the highest quality. Customizable design \u2013 color, size, details. Created especially for you, with attention to every stitch. Contact us for a unique order and let's define your style! Delivery anywhere!\"><span class=\"Y2IQFc\" lang=\"en\">Simplitate, elegan\u021b\u0103, perfec\u021biune.<\/span><\/p>\n<p class=\"tw-data-text tw-text-large tw-ta\" dir=\"ltr\" data-placeholder=\"Traducere\" data-ved=\"2ahUKEwjszYKSn-uKAxU0KBAIHbScEGMQ3ewLegQIDRAU\" aria-label=\"Text tradus: Simplicity, elegance, perfection. Discover the premium natural leather coat, a statement piece that never goes out of style. The impeccable cut, made to order to perfectly fit your figure, combines luxury with timelessness. Materials of the highest quality. Customizable design \u2013 color, size, details. Created especially for you, with attention to every stitch. Contact us for a unique order and let's define your style! Delivery anywhere!\"><span class=\"Y2IQFc\" lang=\"en\">Descoperi\u021bi paltonul din piele natural\u0103 premium, o pies\u0103 care nu se demodeaz\u0103 niciodat\u0103.<\/span><\/p>\n<p class=\"tw-data-text tw-text-large tw-ta\" dir=\"ltr\" data-placeholder=\"Traducere\" data-ved=\"2ahUKEwjszYKSn-uKAxU0KBAIHbScEGMQ3ewLegQIDRAU\" aria-label=\"Text tradus: Simplicity, elegance, perfection. Discover the premium natural leather coat, a statement piece that never goes out of style. The impeccable cut, made to order to perfectly fit your figure, combines luxury with timelessness. Materials of the highest quality. Customizable design \u2013 color, size, details. Created especially for you, with attention to every stitch. Contact us for a unique order and let's define your style! Delivery anywhere!\"><span class=\"Y2IQFc\" lang=\"en\">Croiala impecabil\u0103, realizat la comand\u0103 pentru a se potrivi perfect siluetei dumneavoastr\u0103, combin\u0103 luxul cu atemporalitatea.<\/span><\/p>\n<p class=\"tw-data-text tw-text-large tw-ta\" dir=\"ltr\" data-placeholder=\"Traducere\" data-ved=\"2ahUKEwjszYKSn-uKAxU0KBAIHbScEGMQ3ewLegQIDRAU\" aria-label=\"Text tradus: Simplicity, elegance, perfection. Discover the premium natural leather coat, a statement piece that never goes out of style. The impeccable cut, made to order to perfectly fit your figure, combines luxury with timelessness. Materials of the highest quality. Customizable design \u2013 color, size, details. Created especially for you, with attention to every stitch. Contact us for a unique order and let's define your style! Delivery anywhere!\"><span class=\"Y2IQFc\" lang=\"en\">Purta\u021bi-l peste orice \u021binut\u0103, fie c\u0103 ie\u0219i\u021bi la cin\u0103 sau merge\u021bi la birou.<\/span><\/p>\n<p class=\"tw-data-text tw-text-large tw-ta\" dir=\"ltr\" data-placeholder=\"Traducere\" data-ved=\"2ahUKEwjszYKSn-uKAxU0KBAIHbScEGMQ3ewLegQIDRAU\" aria-label=\"Text tradus: Simplicity, elegance, perfection. Discover the premium natural leather coat, a statement piece that never goes out of style. The impeccable cut, made to order to perfectly fit your figure, combines luxury with timelessness. Materials of the highest quality. Customizable design \u2013 color, size, details. Created especially for you, with attention to every stitch. Contact us for a unique order and let's define your style! Delivery anywhere!\"><span class=\"Y2IQFc\" lang=\"en\">Materiale de cea mai \u00eenalt\u0103 calitate, piele natural\u0103 100%.<\/span><\/p>\n<p class=\"tw-data-text tw-text-large tw-ta\" dir=\"ltr\" data-placeholder=\"Traducere\" data-ved=\"2ahUKEwjszYKSn-uKAxU0KBAIHbScEGMQ3ewLegQIDRAU\" aria-label=\"Text tradus: Simplicity, elegance, perfection. Discover the premium natural leather coat, a statement piece that never goes out of style. The impeccable cut, made to order to perfectly fit your figure, combines luxury with timelessness. Materials of the highest quality. Customizable design \u2013 color, size, details. Created especially for you, with attention to every stitch. Contact us for a unique order and let's define your style! Delivery anywhere!\"><span class=\"Y2IQFc\" lang=\"en\">Design personalizabil &#8211; culoare, dimensiune, lungime, detalii.<\/span><\/p>\n<p class=\"tw-data-text tw-text-large tw-ta\" dir=\"ltr\" data-placeholder=\"Traducere\" data-ved=\"2ahUKEwjszYKSn-uKAxU0KBAIHbScEGMQ3ewLegQIDRAU\" aria-label=\"Text tradus: Simplicity, elegance, perfection. Discover the premium natural leather coat, a statement piece that never goes out of style. The impeccable cut, made to order to perfectly fit your figure, combines luxury with timelessness. Materials of the highest quality. Customizable design \u2013 color, size, details. Created especially for you, with attention to every stitch. Contact us for a unique order and let's define your style! Delivery anywhere!\"><span class=\"Y2IQFc\" lang=\"en\">Creat special pentru tine, cu aten\u021bie la fiecare cus\u0103tur\u0103.<\/span><\/p>\n<p class=\"tw-data-text tw-text-large tw-ta\" dir=\"ltr\" data-placeholder=\"Traducere\" data-ved=\"2ahUKEwjszYKSn-uKAxU0KBAIHbScEGMQ3ewLegQIDRAU\" aria-label=\"Text tradus: Simplicity, elegance, perfection. Discover the premium natural leather coat, a statement piece that never goes out of style. The impeccable cut, made to order to perfectly fit your figure, combines luxury with timelessness. Materials of the highest quality. Customizable design \u2013 color, size, details. Created especially for you, with attention to every stitch. Contact us for a unique order and let's define your style! Delivery anywhere!\"><span class=\"Y2IQFc\" lang=\"en\">Contacta\u021bi-ne pentru o comand\u0103 unic\u0103 \u0219i haide\u021bi s\u0103 v\u0103 defini\u021bi stilul!<\/span><\/p>\n<p class=\"tw-data-text tw-text-large tw-ta\" dir=\"ltr\" data-placeholder=\"Traducere\" data-ved=\"2ahUKEwjszYKSn-uKAxU0KBAIHbScEGMQ3ewLegQIDRAU\" aria-label=\"Text tradus: Simplicity, elegance, perfection. Discover the premium natural leather coat, a statement piece that never goes out of style. The impeccable cut, made to order to perfectly fit your figure, combines luxury with timelessness. Materials of the highest quality. Customizable design \u2013 color, size, details. Created especially for you, with attention to every stitch. Contact us for a unique order and let's define your style! Delivery anywhere!\"><span class=\"Y2IQFc\" lang=\"en\">Livrare oriunde!<\/span><\/p>\n","protected":false},"featured_media":5541367,"comment_status":"closed","ping_status":"closed","template":"","meta":[],"product_cat":[444,455],"product_tag":[],"class_list":["post-5541373","product","type-product","status-publish","has-post-thumbnail","hentry","product_cat-femei-2","product_cat-trenciuri-2"],"acf":[],"_links":{"self":[{"href":"https:\/\/www.ccmboutique.ro\/ro\/wp-json\/wp\/v2\/product\/5541373","targetHints":{"allow":["GET"]}}],"collection":[{"href":"https:\/\/www.ccmboutique.ro\/ro\/wp-json\/wp\/v2\/product"}],"about":[{"href":"https:\/\/www.ccmboutique.ro\/ro\/wp-json\/wp\/v2\/types\/product"}],"replies":[{"embeddable":true,"href":"https:\/\/www.ccmboutique.ro\/ro\/wp-json\/wp\/v2\/comments?post=5541373"}],"version-history":[{"count":1,"href":"https:\/\/www.ccmboutique.ro\/ro\/wp-json\/wp\/v2\/product\/5541373\/revisions"}],"predecessor-version":[{"id":5541525,"href":"https:\/\/www.ccmboutique.ro\/ro\/wp-json\/wp\/v2\/product\/5541373\/revisions\/5541525"}],"wp:featuredmedia":[{"embeddable":true,"href":"https:\/\/www.ccmboutique.ro\/ro\/wp-json\/wp\/v2\/media\/5541367"}],"wp:attachment":[{"href":"https:\/\/www.ccmboutique.ro\/ro\/wp-json\/wp\/v2\/media?parent=5541373"}],"wp:term":[{"taxonomy":"product_cat","embeddable":true,"href":"https:\/\/www.ccmboutique.ro\/ro\/wp-json\/wp\/v2\/product_cat?post=5541373"},{"taxonomy":"product_tag","embeddable":true,"href":"https:\/\/www.ccmboutique.ro\/ro\/wp-json\/wp\/v2\/product_tag?post=5541373"}],"curies":[{"name":"wp","href":"https:\/\/api.w.org\/{rel}","templated":true}]}}