{"id":5541025,"date":"2025-01-06T19:14:04","date_gmt":"2025-01-06T17:14:04","guid":{"rendered":"https:\/\/www.ccmboutique.ro\/shop\/cojoc-bomber-darya-shearling\/"},"modified":"2026-01-27T19:47:07","modified_gmt":"2026-01-27T17:47:07","slug":"darya-bomber-shearling-coat","status":"publish","type":"product","link":"https:\/\/www.ccmboutique.ro\/ro\/shop\/darya-bomber-shearling-coat\/","title":{"rendered":"Cojoc Shearling Bomber DARYA"},"content":{"rendered":"","protected":false},"excerpt":{"rendered":"<p id=\"tw-target-text\" class=\"tw-data-text tw-text-large tw-ta\" dir=\"ltr\" data-placeholder=\"Traducere\" data-ved=\"2ahUKEwivhbfE4KOJAxXJh_0HHSMpAGEQ3ewLegQIDxAU\" aria-label=\"Text tradus: Elegance meets comfort: The personalized shearling shell! Get ready for the cold season with a statement piece - this soft and warm natural shearling jacket. With sleek zippers and an impressive hood, it's the definition of refined luxury and modern style! \u2714\ufe0f Highest quality natural shearling \u2714\ufe0f Design with zippers and unique details \u2714\ufe0f Customizable according to sizes and colors Perfect for yourself or as an exclusive gift, this coat will completely transform your winter wardrobe. Choose sophistication, choose customization! \ud83d\udcf2 Contact us now and create your own unique, tailor-made shell! Enter the cold season with style and absolute comfort!\"><span class=\"Y2IQFc\" lang=\"en\">Elegan\u021ba \u00eent\u00e2lne\u0219te confortul: Jacheta bomber personalizat\u0103 din shearling!<\/span><\/p>\n<p id=\"tw-target-text\" class=\"tw-data-text tw-text-large tw-ta\" dir=\"ltr\" tabindex=\"-1\" role=\"text\" data-placeholder=\"Traducere\" data-ved=\"2ahUKEwiBn9GG1auSAxWG1AIHHQxpCeQQ3ewLegQIDBAW\" aria-label=\"Text tradus: Genuine shearling coat made to order, according to the client's measurements, from premium natural materials, chosen for their texture, durability and elegance. A unique piece. No series. Each piece is created individually, according to the client's measurements, with attention to details and proportions. We do not work in series, each coat is unique. Details of your choice: buttons, collar, pockets. Personalized cut for shoulders, bust, waist, hips and length. Production time: 7\u201314 working days. After placing the order, a CCM Boutique consultant will contact you to confirm the desired dimensions and details. Exclusive design and handmade.\">Cojoc din shearling autentic, accesorizat cu guler de vizon \u0219i inser\u021bii din piele de piton, realizat la comand\u0103, conform m\u0103sur\u0103torilor clientei, din materiale naturale premium, alese pentru textura, durabilitatea \u0219i elegan\u021ba lor.<\/p>\n<p class=\"tw-data-text tw-text-large tw-ta\" dir=\"ltr\" tabindex=\"-1\" role=\"text\" data-placeholder=\"Traducere\" data-ved=\"2ahUKEwiBn9GG1auSAxWG1AIHHQxpCeQQ3ewLegQIDBAW\" aria-label=\"Text tradus: Genuine shearling coat made to order, according to the client's measurements, from premium natural materials, chosen for their texture, durability and elegance. A unique piece. No series. Each piece is created individually, according to the client's measurements, with attention to details and proportions. We do not work in series, each coat is unique. Details of your choice: buttons, collar, pockets. Personalized cut for shoulders, bust, waist, hips and length. Production time: 7\u201314 working days. After placing the order, a CCM Boutique consultant will contact you to confirm the desired dimensions and details. Exclusive design and handmade.\"><span class=\"Y2IQFc\" lang=\"en\">Fiecare pies\u0103 este creat\u0103 individual, conform m\u0103sur\u0103torilor clientei, cu aten\u021bie la detalii \u0219i propor\u021bii.<\/span><\/p>\n<p class=\"tw-data-text tw-text-large tw-ta\" dir=\"ltr\" tabindex=\"-1\" role=\"text\" data-placeholder=\"Traducere\" data-ved=\"2ahUKEwiBn9GG1auSAxWG1AIHHQxpCeQQ3ewLegQIDBAW\" aria-label=\"Text tradus: Genuine shearling coat made to order, according to the client's measurements, from premium natural materials, chosen for their texture, durability and elegance. A unique piece. No series. Each piece is created individually, according to the client's measurements, with attention to details and proportions. We do not work in series, each coat is unique. Details of your choice: buttons, collar, pockets. Personalized cut for shoulders, bust, waist, hips and length. Production time: 7\u201314 working days. After placing the order, a CCM Boutique consultant will contact you to confirm the desired dimensions and details. Exclusive design and handmade.\"><span class=\"Y2IQFc\" lang=\"en\">Nu lucr\u0103m \u00een serie, fiecare cojoc este unic.<\/span><\/p>\n<p class=\"tw-data-text tw-text-large tw-ta\" dir=\"ltr\" tabindex=\"-1\" role=\"text\" data-placeholder=\"Traducere\" data-ved=\"2ahUKEwiBn9GG1auSAxWG1AIHHQxpCeQQ3ewLegQIDBAW\" aria-label=\"Text tradus: Genuine shearling coat made to order, according to the client's measurements, from premium natural materials, chosen for their texture, durability and elegance. A unique piece. No series. Each piece is created individually, according to the client's measurements, with attention to details and proportions. We do not work in series, each coat is unique. Details of your choice: buttons, collar, pockets. Personalized cut for shoulders, bust, waist, hips and length. Production time: 7\u201314 working days. After placing the order, a CCM Boutique consultant will contact you to confirm the desired dimensions and details. Exclusive design and handmade.\"><span class=\"Y2IQFc\" lang=\"en\">Detalii la alegere: nasturi, fermoare, guler, buzunare. Croial\u0103 personalizat\u0103 pentru umeri, bust, talie, \u0219olduri \u0219i lungime.<\/span><\/p>\n<p class=\"tw-data-text tw-text-large tw-ta\" dir=\"ltr\" tabindex=\"-1\" role=\"text\" data-placeholder=\"Traducere\" data-ved=\"2ahUKEwiBn9GG1auSAxWG1AIHHQxpCeQQ3ewLegQIDBAW\" aria-label=\"Text tradus: Genuine shearling coat made to order, according to the client's measurements, from premium natural materials, chosen for their texture, durability and elegance. A unique piece. No series. Each piece is created individually, according to the client's measurements, with attention to details and proportions. We do not work in series, each coat is unique. Details of your choice: buttons, collar, pockets. Personalized cut for shoulders, bust, waist, hips and length. Production time: 7\u201314 working days. After placing the order, a CCM Boutique consultant will contact you to confirm the desired dimensions and details. Exclusive design and handmade.\"><span class=\"Y2IQFc\" lang=\"en\">Timp de produc\u021bie: 7\u201314 zile lucr\u0103toare.<\/span><\/p>\n<p class=\"tw-data-text tw-text-large tw-ta\" dir=\"ltr\" tabindex=\"-1\" role=\"text\" data-placeholder=\"Traducere\" data-ved=\"2ahUKEwiBn9GG1auSAxWG1AIHHQxpCeQQ3ewLegQIDBAW\" aria-label=\"Text tradus: Genuine shearling coat made to order, according to the client's measurements, from premium natural materials, chosen for their texture, durability and elegance. A unique piece. No series. Each piece is created individually, according to the client's measurements, with attention to details and proportions. We do not work in series, each coat is unique. Details of your choice: buttons, collar, pockets. Personalized cut for shoulders, bust, waist, hips and length. Production time: 7\u201314 working days. After placing the order, a CCM Boutique consultant will contact you to confirm the desired dimensions and details. Exclusive design and handmade.\"><span class=\"Y2IQFc\" lang=\"en\">Dup\u0103 plasarea comenzii, un consultant CCM Boutique v\u0103 va contacta pentru a confirma dimensiunile \u0219i detaliile dorite.<\/span><\/p>\n<p class=\"tw-data-text tw-text-large tw-ta\" dir=\"ltr\" tabindex=\"-1\" role=\"text\" data-placeholder=\"Traducere\" data-ved=\"2ahUKEwiBn9GG1auSAxWG1AIHHQxpCeQQ3ewLegQIDBAW\" aria-label=\"Text tradus: Genuine shearling coat made to order, according to the client's measurements, from premium natural materials, chosen for their texture, durability and elegance. A unique piece. No series. Each piece is created individually, according to the client's measurements, with attention to details and proportions. We do not work in series, each coat is unique. Details of your choice: buttons, collar, pockets. Personalized cut for shoulders, bust, waist, hips and length. Production time: 7\u201314 working days. After placing the order, a CCM Boutique consultant will contact you to confirm the desired dimensions and details. Exclusive design and handmade.\"><span class=\"Y2IQFc\" lang=\"en\">Design exclusiv \u0219i lucrat manual.<\/span><\/p>\n","protected":false},"featured_media":5541021,"comment_status":"closed","ping_status":"closed","template":"","meta":[],"product_cat":[446,444],"product_tag":[],"class_list":["post-5541025","product","type-product","status-publish","has-post-thumbnail","hentry","product_cat-cojoace-shearling","product_cat-femei-2"],"acf":[],"_links":{"self":[{"href":"https:\/\/www.ccmboutique.ro\/ro\/wp-json\/wp\/v2\/product\/5541025","targetHints":{"allow":["GET"]}}],"collection":[{"href":"https:\/\/www.ccmboutique.ro\/ro\/wp-json\/wp\/v2\/product"}],"about":[{"href":"https:\/\/www.ccmboutique.ro\/ro\/wp-json\/wp\/v2\/types\/product"}],"replies":[{"embeddable":true,"href":"https:\/\/www.ccmboutique.ro\/ro\/wp-json\/wp\/v2\/comments?post=5541025"}],"version-history":[{"count":2,"href":"https:\/\/www.ccmboutique.ro\/ro\/wp-json\/wp\/v2\/product\/5541025\/revisions"}],"predecessor-version":[{"id":5543453,"href":"https:\/\/www.ccmboutique.ro\/ro\/wp-json\/wp\/v2\/product\/5541025\/revisions\/5543453"}],"wp:featuredmedia":[{"embeddable":true,"href":"https:\/\/www.ccmboutique.ro\/ro\/wp-json\/wp\/v2\/media\/5541021"}],"wp:attachment":[{"href":"https:\/\/www.ccmboutique.ro\/ro\/wp-json\/wp\/v2\/media?parent=5541025"}],"wp:term":[{"taxonomy":"product_cat","embeddable":true,"href":"https:\/\/www.ccmboutique.ro\/ro\/wp-json\/wp\/v2\/product_cat?post=5541025"},{"taxonomy":"product_tag","embeddable":true,"href":"https:\/\/www.ccmboutique.ro\/ro\/wp-json\/wp\/v2\/product_tag?post=5541025"}],"curies":[{"name":"wp","href":"https:\/\/api.w.org\/{rel}","templated":true}]}}