{"id":5540951,"date":"2025-01-06T17:44:51","date_gmt":"2025-01-06T15:44:51","guid":{"rendered":"https:\/\/www.ccmboutique.ro\/shop\/palton-din-lana-pura-kaki-lucya\/"},"modified":"2025-01-06T17:44:51","modified_gmt":"2025-01-06T15:44:51","slug":"lucya-khaki-pure-wool-coat","status":"publish","type":"product","link":"https:\/\/www.ccmboutique.ro\/ro\/shop\/lucya-khaki-pure-wool-coat\/","title":{"rendered":"Palton Din Lana Pura Kaki LUCYA"},"content":{"rendered":"","protected":false},"excerpt":{"rendered":"<p class=\"p1\">Palton din l\u00e2n\u0103 pur\u0103 accesorizat cu blan\u0103 natural\u0103 de nurc\u0103 \u0219i piele natural\u0103 de piton.<\/p>\n<p class=\"p1\">Este un model de \u00eembr\u0103c\u0103minte foarte cald \u0219i practic.<\/p>\n<p class=\"p1\">Realizat cu m\u0103iestrie. Croiala dupa masurile clientului.<\/p>\n<p class=\"p1\">L\u00e2n\u0103 virgin\u0103 100% , blan\u0103 natural\u0103 de nurc\u0103, piele natural\u0103 de piton.<\/p>\n<p class=\"p1\">Poate fi f\u0103cuta la comand\u0103 pe orice m\u0103sur\u0103, disponibila \u00een mai multe culori.<\/p>\n<p class=\"p1\">Folosim doar materiale \u0219i accesorii de cea mai bun\u0103 calitate, \u00eencerc\u00e2nd mereu s\u0103 cre\u0103m idei interesante pentru a v\u0103 face stilul unic, personalizat, calitate superioar\u0103.<\/p>\n<p class=\"p1\">Pentru m\u0103suri personalizate, putem lucra pe baz\u0103 de comand\u0103.<\/p>\n<p class=\"p1\">Pentru orice informa\u021bii suplimentare, suntem la dispozi\u021bia dumneavoastr\u0103 0040766914884.<\/p>\n","protected":false},"featured_media":5540942,"comment_status":"closed","ping_status":"closed","template":"","meta":[],"product_cat":[444,449],"product_tag":[],"class_list":["post-5540951","product","type-product","status-publish","has-post-thumbnail","hentry","product_cat-femei-2","product_cat-haine-din-lana-casmir-alpaca-2"],"acf":[],"_links":{"self":[{"href":"https:\/\/www.ccmboutique.ro\/ro\/wp-json\/wp\/v2\/product\/5540951","targetHints":{"allow":["GET"]}}],"collection":[{"href":"https:\/\/www.ccmboutique.ro\/ro\/wp-json\/wp\/v2\/product"}],"about":[{"href":"https:\/\/www.ccmboutique.ro\/ro\/wp-json\/wp\/v2\/types\/product"}],"replies":[{"embeddable":true,"href":"https:\/\/www.ccmboutique.ro\/ro\/wp-json\/wp\/v2\/comments?post=5540951"}],"version-history":[{"count":0,"href":"https:\/\/www.ccmboutique.ro\/ro\/wp-json\/wp\/v2\/product\/5540951\/revisions"}],"wp:featuredmedia":[{"embeddable":true,"href":"https:\/\/www.ccmboutique.ro\/ro\/wp-json\/wp\/v2\/media\/5540942"}],"wp:attachment":[{"href":"https:\/\/www.ccmboutique.ro\/ro\/wp-json\/wp\/v2\/media?parent=5540951"}],"wp:term":[{"taxonomy":"product_cat","embeddable":true,"href":"https:\/\/www.ccmboutique.ro\/ro\/wp-json\/wp\/v2\/product_cat?post=5540951"},{"taxonomy":"product_tag","embeddable":true,"href":"https:\/\/www.ccmboutique.ro\/ro\/wp-json\/wp\/v2\/product_tag?post=5540951"}],"curies":[{"name":"wp","href":"https:\/\/api.w.org\/{rel}","templated":true}]}}