{"id":5540891,"date":"2025-01-06T15:23:48","date_gmt":"2025-01-06T13:23:48","guid":{"rendered":"https:\/\/www.ccmboutique.ro\/shop\/haina-de-blana-amber-black-silver\/"},"modified":"2025-01-06T15:23:48","modified_gmt":"2025-01-06T13:23:48","slug":"chihlimbar-negru-argintiu-fox-fur-coat","status":"publish","type":"product","link":"https:\/\/www.ccmboutique.ro\/ro\/shop\/chihlimbar-negru-argintiu-fox-fur-coat\/","title":{"rendered":"Haina De Blana AMBER Black Silver"},"content":{"rendered":"","protected":false},"excerpt":{"rendered":"<p id=\"tw-target-text\" class=\"tw-data-text tw-text-large tw-ta\" dir=\"ltr\" data-placeholder=\"Traducere\" aria-label=\"Text tradus: It's time to dress luxuriously and stand out from the crowd! Our coat made of natural silver fox fur, premium quality, with a sumptuous lapel, made from a single piece of fur, is the symbol of elegance and sophistication. Exclusive design, soft texture and incomparable warmth \u2014 perfect for turning any appearance into a style statement. Discover our exclusive collection now and pamper yourself with an unforgettable look. Contact us for custom orders. We deliver anywhere in the world, straight to your door. \ud83d\udcde 0040766914884 \/ 0040766914901\" data-ved=\"2ahUKEwjT6YC5huuIAxWThP0HHUQLKwgQ3ewLegQIEhAU\"><span class=\"Y2IQFc\" lang=\"en\">Este timpul s\u0103 te \u00eembraci luxos \u0219i s\u0103 ie\u0219i \u00een eviden\u021b\u0103 din mul\u021bime!<\/span><\/p>\n<p class=\"tw-data-text tw-text-large tw-ta\" dir=\"ltr\" data-placeholder=\"Traducere\" aria-label=\"Text tradus: It's time to dress luxuriously and stand out from the crowd! Our coat made of natural silver fox fur, premium quality, with a sumptuous lapel, made from a single piece of fur, is the symbol of elegance and sophistication. Exclusive design, soft texture and incomparable warmth \u2014 perfect for turning any appearance into a style statement. Discover our exclusive collection now and pamper yourself with an unforgettable look. Contact us for custom orders. We deliver anywhere in the world, straight to your door. \ud83d\udcde 0040766914884 \/ 0040766914901\" data-ved=\"2ahUKEwjT6YC5huuIAxWThP0HHUQLKwgQ3ewLegQIEhAU\"><span class=\"Y2IQFc\" lang=\"en\">Haina din blan\u0103 natural\u0103 de vulpe, de calitate premium, cu un rever somptuos, realizat dintr-o singur\u0103 bucat\u0103 de blan\u0103, este simbolul elegan\u021bei \u0219i sofistic\u0103rii.<\/span><\/p>\n<p class=\"tw-data-text tw-text-large tw-ta\" dir=\"ltr\" data-placeholder=\"Traducere\" aria-label=\"Text tradus: It's time to dress luxuriously and stand out from the crowd! Our coat made of natural silver fox fur, premium quality, with a sumptuous lapel, made from a single piece of fur, is the symbol of elegance and sophistication. Exclusive design, soft texture and incomparable warmth \u2014 perfect for turning any appearance into a style statement. Discover our exclusive collection now and pamper yourself with an unforgettable look. Contact us for custom orders. We deliver anywhere in the world, straight to your door. \ud83d\udcde 0040766914884 \/ 0040766914901\" data-ved=\"2ahUKEwjT6YC5huuIAxWThP0HHUQLKwgQ3ewLegQIEhAU\"><span class=\"Y2IQFc\" lang=\"en\">Design exclusivist, textur\u0103 moale \u0219i c\u0103ldur\u0103 incomparabil\u0103 &#8211; perfect pentru a transforma orice apari\u021bie \u00eentr-o declara\u021bie de stil.<\/span><\/p>\n<p class=\"tw-data-text tw-text-large tw-ta\" dir=\"ltr\" data-placeholder=\"Traducere\" aria-label=\"Text tradus: It's time to dress luxuriously and stand out from the crowd! Our coat made of natural silver fox fur, premium quality, with a sumptuous lapel, made from a single piece of fur, is the symbol of elegance and sophistication. Exclusive design, soft texture and incomparable warmth \u2014 perfect for turning any appearance into a style statement. Discover our exclusive collection now and pamper yourself with an unforgettable look. Contact us for custom orders. We deliver anywhere in the world, straight to your door. \ud83d\udcde 0040766914884 \/ 0040766914901\" data-ved=\"2ahUKEwjT6YC5huuIAxWThP0HHUQLKwgQ3ewLegQIEhAU\"><span class=\"Y2IQFc\" lang=\"en\">Descoper\u0103 acum colec\u021bia noastr\u0103 exclusivist\u0103 \u0219i r\u0103sfa\u021b\u0103-te cu un look de neuitat.<\/span><\/p>\n<p class=\"tw-data-text tw-text-large tw-ta\" dir=\"ltr\" data-placeholder=\"Traducere\" aria-label=\"Text tradus: It's time to dress luxuriously and stand out from the crowd! Our coat made of natural silver fox fur, premium quality, with a sumptuous lapel, made from a single piece of fur, is the symbol of elegance and sophistication. Exclusive design, soft texture and incomparable warmth \u2014 perfect for turning any appearance into a style statement. Discover our exclusive collection now and pamper yourself with an unforgettable look. Contact us for custom orders. We deliver anywhere in the world, straight to your door. \ud83d\udcde 0040766914884 \/ 0040766914901\" data-ved=\"2ahUKEwjT6YC5huuIAxWThP0HHUQLKwgQ3ewLegQIEhAU\"><span class=\"Y2IQFc\" lang=\"en\">Contacta\u021bi-ne pentru comenzi personalizate.<\/span><\/p>\n<p class=\"tw-data-text tw-text-large tw-ta\" dir=\"ltr\" data-placeholder=\"Traducere\" aria-label=\"Text tradus: It's time to dress luxuriously and stand out from the crowd! Our coat made of natural silver fox fur, premium quality, with a sumptuous lapel, made from a single piece of fur, is the symbol of elegance and sophistication. Exclusive design, soft texture and incomparable warmth \u2014 perfect for turning any appearance into a style statement. Discover our exclusive collection now and pamper yourself with an unforgettable look. Contact us for custom orders. We deliver anywhere in the world, straight to your door. \ud83d\udcde 0040766914884 \/ 0040766914901\" data-ved=\"2ahUKEwjT6YC5huuIAxWThP0HHUQLKwgQ3ewLegQIEhAU\"><span class=\"Y2IQFc\" lang=\"en\">Livr\u0103m oriunde \u00een lume, direct la u\u0219a dumneavoastr\u0103.<\/span><\/p>\n<p class=\"tw-data-text tw-text-large tw-ta\" dir=\"ltr\" data-placeholder=\"Traducere\" aria-label=\"Text tradus: It's time to dress luxuriously and stand out from the crowd! Our coat made of natural silver fox fur, premium quality, with a sumptuous lapel, made from a single piece of fur, is the symbol of elegance and sophistication. Exclusive design, soft texture and incomparable warmth \u2014 perfect for turning any appearance into a style statement. Discover our exclusive collection now and pamper yourself with an unforgettable look. Contact us for custom orders. We deliver anywhere in the world, straight to your door. \ud83d\udcde 0040766914884 \/ 0040766914901\" data-ved=\"2ahUKEwjT6YC5huuIAxWThP0HHUQLKwgQ3ewLegQIEhAU\"><span class=\"Y2IQFc\" lang=\"en\">0040766914884 \/ 0040766914901<\/span><\/p>\n","protected":false},"featured_media":5540887,"comment_status":"closed","ping_status":"closed","template":"","meta":[],"product_cat":[444,452],"product_tag":[],"class_list":["post-5540891","product","type-product","status-publish","has-post-thumbnail","hentry","product_cat-femei-2","product_cat-haine-din-blana-2"],"acf":[],"_links":{"self":[{"href":"https:\/\/www.ccmboutique.ro\/ro\/wp-json\/wp\/v2\/product\/5540891","targetHints":{"allow":["GET"]}}],"collection":[{"href":"https:\/\/www.ccmboutique.ro\/ro\/wp-json\/wp\/v2\/product"}],"about":[{"href":"https:\/\/www.ccmboutique.ro\/ro\/wp-json\/wp\/v2\/types\/product"}],"replies":[{"embeddable":true,"href":"https:\/\/www.ccmboutique.ro\/ro\/wp-json\/wp\/v2\/comments?post=5540891"}],"version-history":[{"count":0,"href":"https:\/\/www.ccmboutique.ro\/ro\/wp-json\/wp\/v2\/product\/5540891\/revisions"}],"wp:featuredmedia":[{"embeddable":true,"href":"https:\/\/www.ccmboutique.ro\/ro\/wp-json\/wp\/v2\/media\/5540887"}],"wp:attachment":[{"href":"https:\/\/www.ccmboutique.ro\/ro\/wp-json\/wp\/v2\/media?parent=5540891"}],"wp:term":[{"taxonomy":"product_cat","embeddable":true,"href":"https:\/\/www.ccmboutique.ro\/ro\/wp-json\/wp\/v2\/product_cat?post=5540891"},{"taxonomy":"product_tag","embeddable":true,"href":"https:\/\/www.ccmboutique.ro\/ro\/wp-json\/wp\/v2\/product_tag?post=5540891"}],"curies":[{"name":"wp","href":"https:\/\/api.w.org\/{rel}","templated":true}]}}