{"id":5540868,"date":"2025-01-06T15:03:36","date_gmt":"2025-01-06T13:03:36","guid":{"rendered":"https:\/\/www.ccmboutique.ro\/shop\/etola-din-blana-de-vulpe-jasmyn\/"},"modified":"2025-01-06T15:03:36","modified_gmt":"2025-01-06T13:03:36","slug":"jasmyn-white-fur-shawl","status":"publish","type":"product","link":"https:\/\/www.ccmboutique.ro\/ro\/shop\/jasmyn-white-fur-shawl\/","title":{"rendered":"Etola Din Blana De Vulpe JASMYN"},"content":{"rendered":"","protected":false},"excerpt":{"rendered":"<p id=\"tw-target-text\" class=\"tw-data-text tw-text-large tw-ta\" dir=\"ltr\" data-placeholder=\"Traducere\" data-ved=\"2ahUKEwid1_mxz5qKAxVB_bsIHbX1Ow0Q3ewLegQIDhAU\" aria-label=\"Text tradus: The ultimate elegance for special moments! Experience subtle elegance and noble femininity with this fox shawl that is sure to delight the senses and draw admiring glances. This expertly crafted natural fur shawl is the perfect choice to complement your stylish outfits. Available in several colors, this versatile accessory can be worn over evening dresses or sophisticated outfits, adding a touch of luxury and femininity to any look. Personalize your style with shawls created especially for you on ccmboutique.ro. Choose the color that represents you and shine at any event!\"><span class=\"Y2IQFc\" lang=\"en\">Elegan\u021ba suprem\u0103 pentru momente speciale!<\/span><\/p>\n<p class=\"tw-data-text tw-text-large tw-ta\" dir=\"ltr\" data-placeholder=\"Traducere\" data-ved=\"2ahUKEwid1_mxz5qKAxVB_bsIHbX1Ow0Q3ewLegQIDhAU\" aria-label=\"Text tradus: The ultimate elegance for special moments! Experience subtle elegance and noble femininity with this fox shawl that is sure to delight the senses and draw admiring glances. This expertly crafted natural fur shawl is the perfect choice to complement your stylish outfits. Available in several colors, this versatile accessory can be worn over evening dresses or sophisticated outfits, adding a touch of luxury and femininity to any look. Personalize your style with shawls created especially for you on ccmboutique.ro. Choose the color that represents you and shine at any event!\"><span class=\"Y2IQFc\" lang=\"en\">Experimenta\u021bi elegan\u021ba subtil\u0103 \u0219i feminitatea nobil\u0103 cu acest \u0219al de vulpe, care cu siguran\u021b\u0103 va \u00eenc\u00e2nta sim\u021burile \u0219i va atrage priviri admirative.<\/span><\/p>\n<p class=\"tw-data-text tw-text-large tw-ta\" dir=\"ltr\" data-placeholder=\"Traducere\" data-ved=\"2ahUKEwid1_mxz5qKAxVB_bsIHbX1Ow0Q3ewLegQIDhAU\" aria-label=\"Text tradus: The ultimate elegance for special moments! Experience subtle elegance and noble femininity with this fox shawl that is sure to delight the senses and draw admiring glances. This expertly crafted natural fur shawl is the perfect choice to complement your stylish outfits. Available in several colors, this versatile accessory can be worn over evening dresses or sophisticated outfits, adding a touch of luxury and femininity to any look. Personalize your style with shawls created especially for you on ccmboutique.ro. Choose the color that represents you and shine at any event!\"><span class=\"Y2IQFc\" lang=\"en\">Acest \u0219al din blan\u0103 natural\u0103 lucrat\u0103 de exper\u021bi este alegerea perfect\u0103 pentru a v\u0103 completa \u021binutele elegante.<\/span><\/p>\n<p class=\"tw-data-text tw-text-large tw-ta\" dir=\"ltr\" data-placeholder=\"Traducere\" data-ved=\"2ahUKEwid1_mxz5qKAxVB_bsIHbX1Ow0Q3ewLegQIDhAU\" aria-label=\"Text tradus: The ultimate elegance for special moments! Experience subtle elegance and noble femininity with this fox shawl that is sure to delight the senses and draw admiring glances. This expertly crafted natural fur shawl is the perfect choice to complement your stylish outfits. Available in several colors, this versatile accessory can be worn over evening dresses or sophisticated outfits, adding a touch of luxury and femininity to any look. Personalize your style with shawls created especially for you on ccmboutique.ro. Choose the color that represents you and shine at any event!\"><span class=\"Y2IQFc\" lang=\"en\">Disponibil \u00een mai multe culori, acest accesoriu versatil poate fi purtat peste rochii de sear\u0103 sau \u021binute sofisticate, ad\u0103ug\u00e2nd o not\u0103 de lux \u0219i feminitate oric\u0103rui look.<\/span><\/p>\n<p class=\"tw-data-text tw-text-large tw-ta\" dir=\"ltr\" data-placeholder=\"Traducere\" data-ved=\"2ahUKEwid1_mxz5qKAxVB_bsIHbX1Ow0Q3ewLegQIDhAU\" aria-label=\"Text tradus: The ultimate elegance for special moments! Experience subtle elegance and noble femininity with this fox shawl that is sure to delight the senses and draw admiring glances. This expertly crafted natural fur shawl is the perfect choice to complement your stylish outfits. Available in several colors, this versatile accessory can be worn over evening dresses or sophisticated outfits, adding a touch of luxury and femininity to any look. Personalize your style with shawls created especially for you on ccmboutique.ro. Choose the color that represents you and shine at any event!\"><span class=\"Y2IQFc\" lang=\"en\">Personalizeaz\u0103-\u021bi stilul cu \u0219aluri create special pentru tine pe ccmboutique.ro<\/span><\/p>\n<p class=\"tw-data-text tw-text-large tw-ta\" dir=\"ltr\" data-placeholder=\"Traducere\" data-ved=\"2ahUKEwid1_mxz5qKAxVB_bsIHbX1Ow0Q3ewLegQIDhAU\" aria-label=\"Text tradus: The ultimate elegance for special moments! Experience subtle elegance and noble femininity with this fox shawl that is sure to delight the senses and draw admiring glances. This expertly crafted natural fur shawl is the perfect choice to complement your stylish outfits. Available in several colors, this versatile accessory can be worn over evening dresses or sophisticated outfits, adding a touch of luxury and femininity to any look. Personalize your style with shawls created especially for you on ccmboutique.ro. Choose the color that represents you and shine at any event!\"><span class=\"Y2IQFc\" lang=\"en\">Alege culoarea care te reprezint\u0103 \u0219i str\u0103luce\u0219te la orice eveniment!<\/span><\/p>\n","protected":false},"featured_media":5540860,"comment_status":"closed","ping_status":"closed","template":"","meta":[],"product_cat":[444,488],"product_tag":[],"class_list":["post-5540868","product","type-product","status-publish","has-post-thumbnail","hentry","product_cat-femei-2","product_cat-saluri-din-blana"],"acf":[],"_links":{"self":[{"href":"https:\/\/www.ccmboutique.ro\/ro\/wp-json\/wp\/v2\/product\/5540868","targetHints":{"allow":["GET"]}}],"collection":[{"href":"https:\/\/www.ccmboutique.ro\/ro\/wp-json\/wp\/v2\/product"}],"about":[{"href":"https:\/\/www.ccmboutique.ro\/ro\/wp-json\/wp\/v2\/types\/product"}],"replies":[{"embeddable":true,"href":"https:\/\/www.ccmboutique.ro\/ro\/wp-json\/wp\/v2\/comments?post=5540868"}],"version-history":[{"count":0,"href":"https:\/\/www.ccmboutique.ro\/ro\/wp-json\/wp\/v2\/product\/5540868\/revisions"}],"wp:featuredmedia":[{"embeddable":true,"href":"https:\/\/www.ccmboutique.ro\/ro\/wp-json\/wp\/v2\/media\/5540860"}],"wp:attachment":[{"href":"https:\/\/www.ccmboutique.ro\/ro\/wp-json\/wp\/v2\/media?parent=5540868"}],"wp:term":[{"taxonomy":"product_cat","embeddable":true,"href":"https:\/\/www.ccmboutique.ro\/ro\/wp-json\/wp\/v2\/product_cat?post=5540868"},{"taxonomy":"product_tag","embeddable":true,"href":"https:\/\/www.ccmboutique.ro\/ro\/wp-json\/wp\/v2\/product_tag?post=5540868"}],"curies":[{"name":"wp","href":"https:\/\/api.w.org\/{rel}","templated":true}]}}