{"id":5540737,"date":"2024-12-09T19:55:04","date_gmt":"2024-12-09T17:55:04","guid":{"rendered":"https:\/\/www.ccmboutique.ro\/shop\/haina-de-blana-rex-ophelya\/"},"modified":"2024-12-09T19:55:04","modified_gmt":"2024-12-09T17:55:04","slug":"ophelya-rex-chinchilla-fur-coat","status":"publish","type":"product","link":"https:\/\/www.ccmboutique.ro\/ro\/shop\/ophelya-rex-chinchilla-fur-coat\/","title":{"rendered":"Haina De Blana Rex OPHELYA"},"content":{"rendered":"","protected":false},"excerpt":{"rendered":"<p id=\"tw-target-text\" class=\"tw-data-text tw-text-large tw-ta\" dir=\"ltr\" data-placeholder=\"Traducere\" data-ved=\"2ahUKEwid1_mxz5qKAxVB_bsIHbX1Ow0Q3ewLegQIDhAU\" aria-label=\"Text tradus: Indulge in the elegance of pure luxury. Crafted from the finest materials, this custom fur coat is more than just a coat, it's a statement of timeless sophistication. Tailored exclusively for you, because luxury should be personal. Message us for your own bespoke luxury experience.\"><span class=\"Y2IQFc\" lang=\"en\">R\u0103sf\u0103\u021ba\u021bi-v\u0103 cu elegan\u021ba luxului pur.<\/span><\/p>\n<p class=\"tw-data-text tw-text-large tw-ta\" dir=\"ltr\" data-placeholder=\"Traducere\" data-ved=\"2ahUKEwid1_mxz5qKAxVB_bsIHbX1Ow0Q3ewLegQIDhAU\" aria-label=\"Text tradus: Indulge in the elegance of pure luxury. Crafted from the finest materials, this custom fur coat is more than just a coat, it's a statement of timeless sophistication. Tailored exclusively for you, because luxury should be personal. Message us for your own bespoke luxury experience.\"><span class=\"Y2IQFc\" lang=\"en\">Confec\u021bionat\u0103 din cele mai bune materiale, aceast\u0103 hain\u0103 din blan\u0103 natural\u0103 de chinchilla rex personalizat\u0103 este mai mult dec\u00e2t o hain\u0103, este o declara\u021bie de sofisticare atemporal\u0103.<\/span><\/p>\n<p class=\"tw-data-text tw-text-large tw-ta\" dir=\"ltr\" data-placeholder=\"Traducere\" data-ved=\"2ahUKEwid1_mxz5qKAxVB_bsIHbX1Ow0Q3ewLegQIDhAU\" aria-label=\"Text tradus: Indulge in the elegance of pure luxury. Crafted from the finest materials, this custom fur coat is more than just a coat, it's a statement of timeless sophistication. Tailored exclusively for you, because luxury should be personal. Message us for your own bespoke luxury experience.\"><span class=\"Y2IQFc\" lang=\"en\">Conceput exclusiv pentru tine, pentru c\u0103 luxul trebuie s\u0103 fie personal.<\/span><\/p>\n<p class=\"tw-data-text tw-text-large tw-ta\" dir=\"ltr\" data-placeholder=\"Traducere\" data-ved=\"2ahUKEwid1_mxz5qKAxVB_bsIHbX1Ow0Q3ewLegQIDhAU\" aria-label=\"Text tradus: Indulge in the elegance of pure luxury. Crafted from the finest materials, this custom fur coat is more than just a coat, it's a statement of timeless sophistication. Tailored exclusively for you, because luxury should be personal. Message us for your own bespoke luxury experience.\"><span class=\"Y2IQFc\" lang=\"en\">Trimite\u021bi-ne un mesaj pentru propria dvs. experien\u021b\u0103 de lux personalizat\u0103.<\/span><\/p>\n","protected":false},"featured_media":5540735,"comment_status":"closed","ping_status":"closed","template":"","meta":[],"product_cat":[444,452],"product_tag":[],"class_list":["post-5540737","product","type-product","status-publish","has-post-thumbnail","hentry","product_cat-femei-2","product_cat-haine-din-blana-2"],"acf":[],"_links":{"self":[{"href":"https:\/\/www.ccmboutique.ro\/ro\/wp-json\/wp\/v2\/product\/5540737","targetHints":{"allow":["GET"]}}],"collection":[{"href":"https:\/\/www.ccmboutique.ro\/ro\/wp-json\/wp\/v2\/product"}],"about":[{"href":"https:\/\/www.ccmboutique.ro\/ro\/wp-json\/wp\/v2\/types\/product"}],"replies":[{"embeddable":true,"href":"https:\/\/www.ccmboutique.ro\/ro\/wp-json\/wp\/v2\/comments?post=5540737"}],"version-history":[{"count":0,"href":"https:\/\/www.ccmboutique.ro\/ro\/wp-json\/wp\/v2\/product\/5540737\/revisions"}],"wp:featuredmedia":[{"embeddable":true,"href":"https:\/\/www.ccmboutique.ro\/ro\/wp-json\/wp\/v2\/media\/5540735"}],"wp:attachment":[{"href":"https:\/\/www.ccmboutique.ro\/ro\/wp-json\/wp\/v2\/media?parent=5540737"}],"wp:term":[{"taxonomy":"product_cat","embeddable":true,"href":"https:\/\/www.ccmboutique.ro\/ro\/wp-json\/wp\/v2\/product_cat?post=5540737"},{"taxonomy":"product_tag","embeddable":true,"href":"https:\/\/www.ccmboutique.ro\/ro\/wp-json\/wp\/v2\/product_tag?post=5540737"}],"curies":[{"name":"wp","href":"https:\/\/api.w.org\/{rel}","templated":true}]}}