{"id":5540685,"date":"2024-12-09T19:07:38","date_gmt":"2024-12-09T17:07:38","guid":{"rendered":"https:\/\/www.ccmboutique.ro\/shop\/cojoc-kateryna-shearling\/"},"modified":"2026-01-29T14:24:47","modified_gmt":"2026-01-29T12:24:47","slug":"kateryna-shearling-coat","status":"publish","type":"product","link":"https:\/\/www.ccmboutique.ro\/ro\/shop\/kateryna-shearling-coat\/","title":{"rendered":"Cojoc Shearling KATERYNA"},"content":{"rendered":"","protected":false},"excerpt":{"rendered":"<p id=\"tw-target-text\" class=\"tw-data-text tw-text-large tw-ta\" dir=\"ltr\" tabindex=\"-1\" role=\"text\" data-placeholder=\"Traducere\" data-ved=\"2ahUKEwjV_oyD0rCSAxVs9rsIHQF9BJkQ3ewLegQIDBAW\" aria-label=\"Text tradus: This fur and genuine lambskin coat, accessorized with a large and luxurious hood, is the ideal piece for the cold season. The soft interior of genuine lambskin provides excellent insulation, while the exterior is made of genuine leather. Made to order, according to the client's measurements, from premium natural materials, 100% fur and lambskin, chosen for their texture, durability and elegance. Each piece is created individually, according to the client's measurements, with attention to details and proportions. We do not work in series, each coat is unique. Details of your choice: buttons, zippers, collar, pockets. Personalized cut for shoulders, bust, waist, hips and length. Production time: 7\u201314 working days. After placing the order, a CCM Boutique consultant will contact you to confirm the desired dimensions and details. Exclusive and handmade design.\"><span class=\"Y2IQFc\" lang=\"en\">Acest cojoc din blan\u0103 si piele natural\u0103 de miel accesorizat cu o gluga ampla si luxoasa este piesa ideal\u0103 pentru sezonul rece.<\/span><\/p>\n<p class=\"tw-data-text tw-text-large tw-ta\" dir=\"ltr\" tabindex=\"-1\" role=\"text\" data-placeholder=\"Traducere\" data-ved=\"2ahUKEwjV_oyD0rCSAxVs9rsIHQF9BJkQ3ewLegQIDBAW\" aria-label=\"Text tradus: This fur and genuine lambskin coat, accessorized with a large and luxurious hood, is the ideal piece for the cold season. The soft interior of genuine lambskin provides excellent insulation, while the exterior is made of genuine leather. Made to order, according to the client's measurements, from premium natural materials, 100% fur and lambskin, chosen for their texture, durability and elegance. Each piece is created individually, according to the client's measurements, with attention to details and proportions. We do not work in series, each coat is unique. Details of your choice: buttons, zippers, collar, pockets. Personalized cut for shoulders, bust, waist, hips and length. Production time: 7\u201314 working days. After placing the order, a CCM Boutique consultant will contact you to confirm the desired dimensions and details. Exclusive and handmade design.\"><span class=\"Y2IQFc\" lang=\"en\">Interiorul moale din blan\u0103 natural\u0103 de miel asigur\u0103 o izola\u021bie excelent\u0103, \u00een timp ce exteriorul este din piele natural\u0103.<\/span><\/p>\n<p class=\"tw-data-text tw-text-large tw-ta\" dir=\"ltr\" tabindex=\"-1\" role=\"text\" data-placeholder=\"Traducere\" data-ved=\"2ahUKEwjV_oyD0rCSAxVs9rsIHQF9BJkQ3ewLegQIDBAW\" aria-label=\"Text tradus: This fur and genuine lambskin coat, accessorized with a large and luxurious hood, is the ideal piece for the cold season. The soft interior of genuine lambskin provides excellent insulation, while the exterior is made of genuine leather. Made to order, according to the client's measurements, from premium natural materials, 100% fur and lambskin, chosen for their texture, durability and elegance. Each piece is created individually, according to the client's measurements, with attention to details and proportions. We do not work in series, each coat is unique. Details of your choice: buttons, zippers, collar, pockets. Personalized cut for shoulders, bust, waist, hips and length. Production time: 7\u201314 working days. After placing the order, a CCM Boutique consultant will contact you to confirm the desired dimensions and details. Exclusive and handmade design.\"><span class=\"Y2IQFc\" lang=\"en\">Made to order, according to the client&#8217;s measurements, from premium natural materials, 100% fur and lambskin, chosen for their texture, durability and elegance.<\/span><\/p>\n<p class=\"tw-data-text tw-text-large tw-ta\" dir=\"ltr\" tabindex=\"-1\" role=\"text\" data-placeholder=\"Traducere\" data-ved=\"2ahUKEwjV_oyD0rCSAxVs9rsIHQF9BJkQ3ewLegQIDBAW\" aria-label=\"Text tradus: This fur and genuine lambskin coat, accessorized with a large and luxurious hood, is the ideal piece for the cold season. The soft interior of genuine lambskin provides excellent insulation, while the exterior is made of genuine leather. Made to order, according to the client's measurements, from premium natural materials, 100% fur and lambskin, chosen for their texture, durability and elegance. Each piece is created individually, according to the client's measurements, with attention to details and proportions. We do not work in series, each coat is unique. Details of your choice: buttons, zippers, collar, pockets. Personalized cut for shoulders, bust, waist, hips and length. Production time: 7\u201314 working days. After placing the order, a CCM Boutique consultant will contact you to confirm the desired dimensions and details. Exclusive and handmade design.\"><span class=\"Y2IQFc\" lang=\"en\">Fiecare pies\u0103 este creat\u0103 individual, conform m\u0103sur\u0103torilor clientei, cu aten\u021bie la detalii \u0219i propor\u021bii.<\/span><\/p>\n<p class=\"tw-data-text tw-text-large tw-ta\" dir=\"ltr\" tabindex=\"-1\" role=\"text\" data-placeholder=\"Traducere\" data-ved=\"2ahUKEwjV_oyD0rCSAxVs9rsIHQF9BJkQ3ewLegQIDBAW\" aria-label=\"Text tradus: This fur and genuine lambskin coat, accessorized with a large and luxurious hood, is the ideal piece for the cold season. The soft interior of genuine lambskin provides excellent insulation, while the exterior is made of genuine leather. Made to order, according to the client's measurements, from premium natural materials, 100% fur and lambskin, chosen for their texture, durability and elegance. Each piece is created individually, according to the client's measurements, with attention to details and proportions. We do not work in series, each coat is unique. Details of your choice: buttons, zippers, collar, pockets. Personalized cut for shoulders, bust, waist, hips and length. Production time: 7\u201314 working days. After placing the order, a CCM Boutique consultant will contact you to confirm the desired dimensions and details. Exclusive and handmade design.\"><span class=\"Y2IQFc\" lang=\"en\">Nu lucr\u0103m \u00een serie, fiecare cojoc este unic.<\/span><\/p>\n<p class=\"tw-data-text tw-text-large tw-ta\" dir=\"ltr\" tabindex=\"-1\" role=\"text\" data-placeholder=\"Traducere\" data-ved=\"2ahUKEwjV_oyD0rCSAxVs9rsIHQF9BJkQ3ewLegQIDBAW\" aria-label=\"Text tradus: This fur and genuine lambskin coat, accessorized with a large and luxurious hood, is the ideal piece for the cold season. The soft interior of genuine lambskin provides excellent insulation, while the exterior is made of genuine leather. Made to order, according to the client's measurements, from premium natural materials, 100% fur and lambskin, chosen for their texture, durability and elegance. Each piece is created individually, according to the client's measurements, with attention to details and proportions. We do not work in series, each coat is unique. Details of your choice: buttons, zippers, collar, pockets. Personalized cut for shoulders, bust, waist, hips and length. Production time: 7\u201314 working days. After placing the order, a CCM Boutique consultant will contact you to confirm the desired dimensions and details. Exclusive and handmade design.\"><span class=\"Y2IQFc\" lang=\"en\">Detalii la alegere: nasturi, fermoare, guler, buzunare. Croial\u0103 personalizat\u0103 pentru umeri, bust, talie, \u0219olduri \u0219i lungime.<\/span><\/p>\n<p class=\"tw-data-text tw-text-large tw-ta\" dir=\"ltr\" tabindex=\"-1\" role=\"text\" data-placeholder=\"Traducere\" data-ved=\"2ahUKEwjV_oyD0rCSAxVs9rsIHQF9BJkQ3ewLegQIDBAW\" aria-label=\"Text tradus: This fur and genuine lambskin coat, accessorized with a large and luxurious hood, is the ideal piece for the cold season. The soft interior of genuine lambskin provides excellent insulation, while the exterior is made of genuine leather. Made to order, according to the client's measurements, from premium natural materials, 100% fur and lambskin, chosen for their texture, durability and elegance. Each piece is created individually, according to the client's measurements, with attention to details and proportions. We do not work in series, each coat is unique. Details of your choice: buttons, zippers, collar, pockets. Personalized cut for shoulders, bust, waist, hips and length. Production time: 7\u201314 working days. After placing the order, a CCM Boutique consultant will contact you to confirm the desired dimensions and details. Exclusive and handmade design.\"><span class=\"Y2IQFc\" lang=\"en\">Timp de produc\u021bie: 7\u201314 zile lucr\u0103toare.<\/span><\/p>\n<p class=\"tw-data-text tw-text-large tw-ta\" dir=\"ltr\" tabindex=\"-1\" role=\"text\" data-placeholder=\"Traducere\" data-ved=\"2ahUKEwjV_oyD0rCSAxVs9rsIHQF9BJkQ3ewLegQIDBAW\" aria-label=\"Text tradus: This fur and genuine lambskin coat, accessorized with a large and luxurious hood, is the ideal piece for the cold season. The soft interior of genuine lambskin provides excellent insulation, while the exterior is made of genuine leather. Made to order, according to the client's measurements, from premium natural materials, 100% fur and lambskin, chosen for their texture, durability and elegance. Each piece is created individually, according to the client's measurements, with attention to details and proportions. We do not work in series, each coat is unique. Details of your choice: buttons, zippers, collar, pockets. Personalized cut for shoulders, bust, waist, hips and length. Production time: 7\u201314 working days. After placing the order, a CCM Boutique consultant will contact you to confirm the desired dimensions and details. Exclusive and handmade design.\"><span class=\"Y2IQFc\" lang=\"en\">Dup\u0103 plasarea comenzii, un consultant CCM Boutique v\u0103 va contacta pentru a confirma dimensiunile \u0219i detaliile dorite.<\/span><\/p>\n","protected":false},"featured_media":5540671,"comment_status":"closed","ping_status":"closed","template":"","meta":[],"product_cat":[446,444],"product_tag":[],"class_list":["post-5540685","product","type-product","status-publish","has-post-thumbnail","hentry","product_cat-cojoace-shearling","product_cat-femei-2"],"acf":[],"_links":{"self":[{"href":"https:\/\/www.ccmboutique.ro\/ro\/wp-json\/wp\/v2\/product\/5540685","targetHints":{"allow":["GET"]}}],"collection":[{"href":"https:\/\/www.ccmboutique.ro\/ro\/wp-json\/wp\/v2\/product"}],"about":[{"href":"https:\/\/www.ccmboutique.ro\/ro\/wp-json\/wp\/v2\/types\/product"}],"replies":[{"embeddable":true,"href":"https:\/\/www.ccmboutique.ro\/ro\/wp-json\/wp\/v2\/comments?post=5540685"}],"version-history":[{"count":3,"href":"https:\/\/www.ccmboutique.ro\/ro\/wp-json\/wp\/v2\/product\/5540685\/revisions"}],"predecessor-version":[{"id":5543473,"href":"https:\/\/www.ccmboutique.ro\/ro\/wp-json\/wp\/v2\/product\/5540685\/revisions\/5543473"}],"wp:featuredmedia":[{"embeddable":true,"href":"https:\/\/www.ccmboutique.ro\/ro\/wp-json\/wp\/v2\/media\/5540671"}],"wp:attachment":[{"href":"https:\/\/www.ccmboutique.ro\/ro\/wp-json\/wp\/v2\/media?parent=5540685"}],"wp:term":[{"taxonomy":"product_cat","embeddable":true,"href":"https:\/\/www.ccmboutique.ro\/ro\/wp-json\/wp\/v2\/product_cat?post=5540685"},{"taxonomy":"product_tag","embeddable":true,"href":"https:\/\/www.ccmboutique.ro\/ro\/wp-json\/wp\/v2\/product_tag?post=5540685"}],"curies":[{"name":"wp","href":"https:\/\/api.w.org\/{rel}","templated":true}]}}