{"id":5540463,"date":"2024-12-02T12:37:38","date_gmt":"2024-12-02T10:37:38","guid":{"rendered":"https:\/\/www.ccmboutique.ro\/shop\/vesta-de-blana-gold-fox-amber\/"},"modified":"2024-12-02T12:51:49","modified_gmt":"2024-12-02T10:51:49","slug":"amber-gold-fox-fur-vest","status":"publish","type":"product","link":"https:\/\/www.ccmboutique.ro\/ro\/shop\/amber-gold-fox-fur-vest\/","title":{"rendered":"Vest\u0103 De Blan\u0103 Gold Fox AMBER"},"content":{"rendered":"","protected":false},"excerpt":{"rendered":"<p>O vest\u0103 din blan\u0103 de vulpe gold adaug\u0103 o not\u0103 de lux oric\u0103rei \u021binute.<\/p>\n<p><span class=\"Y2IQFc\" lang=\"en\">Este o piesa statement si poate fi purtata in cat mai multe combinatii.<\/span><\/p>\n<p><span class=\"Y2IQFc\" lang=\"en\">Nu ezita\u021bi s\u0103 o purta\u021bi cu elemente din piele sau texturi diferite ,s<\/span><span class=\"Y2IQFc\" lang=\"en\">u\u0219or peste bluze \u0219i chiar jachete.<\/span><\/p>\n<p><span class=\"Y2IQFc\" lang=\"en\">Gam\u0103 larg\u0103 de culori, pot fi f\u0103cute pe orice lungime,<\/span><span class=\"Y2IQFc\" lang=\"en\">\u00eenchiderea poate fi cu fermoar sau agrafe.<\/span><\/p>\n<p class=\"p1\">Vom avea nevoie de m\u0103sur\u0103torile dvs. exacte pentru a asigura o potrivire perfect\u0103 pentru vesta dvs. Dac\u0103 nu le ave\u021bi disponibile acum, v\u0103 rug\u0103m s\u0103 selecta\u021bi una dintre m\u0103rimile prestabilite ( XS, S, M, L ).<\/p>\n<p class=\"p1\">\u00cen ambele cazuri, v\u0103 vom contacta dup\u0103 ce a\u021bi finalizat comanda, pentru a ne asigura c\u0103 totul este \u00een ordine.<\/p>\n<p class=\"p1\">Pentru m\u0103suri personalizate, putem lucra pe baz\u0103 de comand\u0103.<\/p>\n<p class=\"p1\">Pentru orice informa\u021bii suplimentare, v\u0103 st\u0103m la dispozi\u021bie : 0040766914884.<\/p>\n","protected":false},"featured_media":5540438,"comment_status":"closed","ping_status":"closed","template":"","meta":[],"product_cat":[444,456],"product_tag":[],"class_list":["post-5540463","product","type-product","status-publish","has-post-thumbnail","hentry","product_cat-femei-2","product_cat-veste-din-blana-2"],"acf":[],"_links":{"self":[{"href":"https:\/\/www.ccmboutique.ro\/ro\/wp-json\/wp\/v2\/product\/5540463","targetHints":{"allow":["GET"]}}],"collection":[{"href":"https:\/\/www.ccmboutique.ro\/ro\/wp-json\/wp\/v2\/product"}],"about":[{"href":"https:\/\/www.ccmboutique.ro\/ro\/wp-json\/wp\/v2\/types\/product"}],"replies":[{"embeddable":true,"href":"https:\/\/www.ccmboutique.ro\/ro\/wp-json\/wp\/v2\/comments?post=5540463"}],"version-history":[{"count":1,"href":"https:\/\/www.ccmboutique.ro\/ro\/wp-json\/wp\/v2\/product\/5540463\/revisions"}],"predecessor-version":[{"id":5540470,"href":"https:\/\/www.ccmboutique.ro\/ro\/wp-json\/wp\/v2\/product\/5540463\/revisions\/5540470"}],"wp:featuredmedia":[{"embeddable":true,"href":"https:\/\/www.ccmboutique.ro\/ro\/wp-json\/wp\/v2\/media\/5540438"}],"wp:attachment":[{"href":"https:\/\/www.ccmboutique.ro\/ro\/wp-json\/wp\/v2\/media?parent=5540463"}],"wp:term":[{"taxonomy":"product_cat","embeddable":true,"href":"https:\/\/www.ccmboutique.ro\/ro\/wp-json\/wp\/v2\/product_cat?post=5540463"},{"taxonomy":"product_tag","embeddable":true,"href":"https:\/\/www.ccmboutique.ro\/ro\/wp-json\/wp\/v2\/product_tag?post=5540463"}],"curies":[{"name":"wp","href":"https:\/\/api.w.org\/{rel}","templated":true}]}}