{"id":5540375,"date":"2024-12-02T11:15:23","date_gmt":"2024-12-02T09:15:23","guid":{"rendered":"https:\/\/www.ccmboutique.ro\/shop\/palton-alaiya-din-lana-pura-cu-samur\/"},"modified":"2026-02-13T16:12:37","modified_gmt":"2026-02-13T14:12:37","slug":"alaiya-pura-lana-cu-sable-coat","status":"publish","type":"product","link":"https:\/\/www.ccmboutique.ro\/ro\/shop\/alaiya-pura-lana-cu-sable-coat\/","title":{"rendered":"Palton ALAIYA Din Lana Pura Cu Samur"},"content":{"rendered":"","protected":false},"excerpt":{"rendered":"<p id=\"tw-target-text\" class=\"tw-data-text tw-text-large tw-ta\" dir=\"ltr\" data-placeholder=\"Traducere\" data-ved=\"2ahUKEwj038_Z8rCJAxVt8bsIHaFcLj0Q3ewLegQIChAU\" aria-label=\"Text tradus: A new definition of luxury for this winter! Do you want to enjoy warmth, style and exclusivity in the cold season? Crafted from natural wool with fine mink fur accents, this coat is the staple piece your wardrobe needs! Perfect for the woman who appreciates discreet elegance and impeccable quality. We know how hard it is to find a piece that perfectly combines comfort and luxury. This coat is the answer to your need to feel both protected from the cold and confident and sophisticated! Crafted from high-quality natural materials, the coat is versatile and easy to accessorize for a variety of occasions, from urban walks to special events. Plus, the mink fur adds an air of uncompromising luxury! Don't let the opportunity pass! Enter our website ccmboutique.ro and discover the collection that redefines winter fashion. It's time to invest in a luxury piece, built to last!\"><span class=\"Y2IQFc\" lang=\"en\">Dori\u021bi s\u0103 v\u0103 bucura\u021bi de c\u0103ldur\u0103, stil \u0219i exclusivitate \u00een sezonul rece?<\/span><\/p>\n<p class=\"tw-data-text tw-text-large tw-ta\" dir=\"ltr\" data-placeholder=\"Traducere\" data-ved=\"2ahUKEwj038_Z8rCJAxVt8bsIHaFcLj0Q3ewLegQIChAU\" aria-label=\"Text tradus: A new definition of luxury for this winter! Do you want to enjoy warmth, style and exclusivity in the cold season? Crafted from natural wool with fine mink fur accents, this coat is the staple piece your wardrobe needs! Perfect for the woman who appreciates discreet elegance and impeccable quality. We know how hard it is to find a piece that perfectly combines comfort and luxury. This coat is the answer to your need to feel both protected from the cold and confident and sophisticated! Crafted from high-quality natural materials, the coat is versatile and easy to accessorize for a variety of occasions, from urban walks to special events. Plus, the mink fur adds an air of uncompromising luxury! Don't let the opportunity pass! Enter our website ccmboutique.ro and discover the collection that redefines winter fashion. It's time to invest in a luxury piece, built to last!\"><span class=\"Y2IQFc\" lang=\"en\">Acest palton este confec\u021bionat din l\u00e2n\u0103 pura, virgin\u0103, natural\u0103, cu accente fine de blan\u0103 de samur.<\/span><\/p>\n<p id=\"tw-target-text\" class=\"tw-data-text tw-text-large tw-ta\" dir=\"ltr\" tabindex=\"-1\" role=\"text\" data-placeholder=\"Traducere\" data-ved=\"2ahUKEwiazvfXm9aSAxXOgP0HHb7cGvIQ3ewLegQIBBAW\" aria-label=\"Text tradus: Each coat is created individually, according to your measurements, from the materials and colors you choose. We do not produce in series \u2013 each piece is unique. The fur collar can be chosen tone-on-tone, for a refined look, or in a different shade, for an elegant accent. A custom coat, made especially for the tine.\"><span class=\"Y2IQFc\" lang=\"en\">Fiecare palton este creat individual, conform m\u0103sur\u0103torilor dumneavoastr\u0103, din materialele \u0219i culorile pe care le alege\u021bi.<\/span><\/p>\n<p class=\"tw-data-text tw-text-large tw-ta\" dir=\"ltr\" tabindex=\"-1\" role=\"text\" data-placeholder=\"Traducere\" data-ved=\"2ahUKEwiazvfXm9aSAxXOgP0HHb7cGvIQ3ewLegQIBBAW\" aria-label=\"Text tradus: Each coat is created individually, according to your measurements, from the materials and colors you choose. We do not produce in series \u2013 each piece is unique. The fur collar can be chosen tone-on-tone, for a refined look, or in a different shade, for an elegant accent. A custom coat, made especially for the tine.\"><span class=\"Y2IQFc\" lang=\"en\">Nu producem \u00een serie \u2013 fiecare pies\u0103 este unic\u0103.<\/span><\/p>\n<p class=\"tw-data-text tw-text-large tw-ta\" dir=\"ltr\" data-placeholder=\"Traducere\" data-ved=\"2ahUKEwj038_Z8rCJAxVt8bsIHaFcLj0Q3ewLegQIChAU\" aria-label=\"Text tradus: A new definition of luxury for this winter! Do you want to enjoy warmth, style and exclusivity in the cold season? Crafted from natural wool with fine mink fur accents, this coat is the staple piece your wardrobe needs! Perfect for the woman who appreciates discreet elegance and impeccable quality. We know how hard it is to find a piece that perfectly combines comfort and luxury. This coat is the answer to your need to feel both protected from the cold and confident and sophisticated! Crafted from high-quality natural materials, the coat is versatile and easy to accessorize for a variety of occasions, from urban walks to special events. Plus, the mink fur adds an air of uncompromising luxury! Don't let the opportunity pass! Enter our website ccmboutique.ro and discover the collection that redefines winter fashion. It's time to invest in a luxury piece, built to last!\"><span class=\"Y2IQFc\" lang=\"en\">Perfect pentru femeia care apreciaz\u0103 elegan\u021ba discret\u0103 \u0219i calitatea impecabil\u0103.<\/span><\/p>\n<p class=\"tw-data-text tw-text-large tw-ta\" dir=\"ltr\" data-placeholder=\"Traducere\" data-ved=\"2ahUKEwj038_Z8rCJAxVt8bsIHaFcLj0Q3ewLegQIChAU\" aria-label=\"Text tradus: A new definition of luxury for this winter! Do you want to enjoy warmth, style and exclusivity in the cold season? Crafted from natural wool with fine mink fur accents, this coat is the staple piece your wardrobe needs! Perfect for the woman who appreciates discreet elegance and impeccable quality. We know how hard it is to find a piece that perfectly combines comfort and luxury. This coat is the answer to your need to feel both protected from the cold and confident and sophisticated! Crafted from high-quality natural materials, the coat is versatile and easy to accessorize for a variety of occasions, from urban walks to special events. Plus, the mink fur adds an air of uncompromising luxury! Don't let the opportunity pass! Enter our website ccmboutique.ro and discover the collection that redefines winter fashion. It's time to invest in a luxury piece, built to last!\"><span class=\"Y2IQFc\" lang=\"en\">\u0218tim c\u00e2t de greu este s\u0103 g\u0103se\u0219ti o pies\u0103 care s\u0103 combine perfect confortul \u0219i luxul.<\/span><\/p>\n<p class=\"tw-data-text tw-text-large tw-ta\" dir=\"ltr\" data-placeholder=\"Traducere\" data-ved=\"2ahUKEwj038_Z8rCJAxVt8bsIHaFcLj0Q3ewLegQIChAU\" aria-label=\"Text tradus: A new definition of luxury for this winter! Do you want to enjoy warmth, style and exclusivity in the cold season? Crafted from natural wool with fine mink fur accents, this coat is the staple piece your wardrobe needs! Perfect for the woman who appreciates discreet elegance and impeccable quality. We know how hard it is to find a piece that perfectly combines comfort and luxury. This coat is the answer to your need to feel both protected from the cold and confident and sophisticated! Crafted from high-quality natural materials, the coat is versatile and easy to accessorize for a variety of occasions, from urban walks to special events. Plus, the mink fur adds an air of uncompromising luxury! Don't let the opportunity pass! Enter our website ccmboutique.ro and discover the collection that redefines winter fashion. It's time to invest in a luxury piece, built to last!\"><span class=\"Y2IQFc\" lang=\"en\">Fabricat din materiale naturale de \u00eenalt\u0103 calitate, versatil \u0219i u\u0219or de accesorizat pentru o varietate de ocazii, de la plimb\u0103ri urbane la evenimente speciale.<\/span><\/p>\n<p class=\"tw-data-text tw-text-large tw-ta\" dir=\"ltr\" data-placeholder=\"Traducere\" data-ved=\"2ahUKEwj038_Z8rCJAxVt8bsIHaFcLj0Q3ewLegQIChAU\" aria-label=\"Text tradus: A new definition of luxury for this winter! Do you want to enjoy warmth, style and exclusivity in the cold season? Crafted from natural wool with fine mink fur accents, this coat is the staple piece your wardrobe needs! Perfect for the woman who appreciates discreet elegance and impeccable quality. We know how hard it is to find a piece that perfectly combines comfort and luxury. This coat is the answer to your need to feel both protected from the cold and confident and sophisticated! Crafted from high-quality natural materials, the coat is versatile and easy to accessorize for a variety of occasions, from urban walks to special events. Plus, the mink fur adds an air of uncompromising luxury! Don't let the opportunity pass! Enter our website ccmboutique.ro and discover the collection that redefines winter fashion. It's time to invest in a luxury piece, built to last!\"><span class=\"Y2IQFc\" lang=\"en\">\u00cen plus, blana ssmur adaug\u0103 un aer de lux f\u0103r\u0103 compromisuri!<\/span><\/p>\n<p class=\"tw-data-text tw-text-large tw-ta\" dir=\"ltr\" tabindex=\"-1\" role=\"text\" data-placeholder=\"Traducere\" data-ved=\"2ahUKEwiazvfXm9aSAxXOgP0HHb7cGvIQ3ewLegQIBBAW\" aria-label=\"Text tradus: Each coat is created individually, according to your measurements, from the materials and colors you choose. We do not produce in series \u2013 each piece is unique. The fur collar can be chosen tone-on-tone, for a refined look, or in a different shade, for an elegant accent. A custom coat, made especially for the tine.\"><span class=\"Y2IQFc\" lang=\"en\">Blana poate fi aleasa ton pe ton, pentru un aspect rafinat, sau \u00eentr-o nuan\u021b\u0103 diferit\u0103, pentru un accent elegant.<\/span><\/p>\n<p class=\"tw-data-text tw-text-large tw-ta\" dir=\"ltr\" tabindex=\"-1\" role=\"text\" data-placeholder=\"Traducere\" data-ved=\"2ahUKEwjA-f2F956QAxVelP0HHWNFJSQQ3ewLegQICxAV\" aria-label=\"Text tradus: Handcrafted, every detail is carefully finished to provide a feminine, sophisticated and perfectly proportioned silhouette. Perfect for the woman who appreciates exclusivity and quality, this fur coat becomes the center of any appearance. Handmade to order. Production time: 7\u201314 working days. The product is made individually, according to your measurements. After placing the order, a CCM Boutique consultant will contact you to confirm the desired dimensions and details. Exclusive design and handmade execution. Natural materials of the highest quality. Each piece is unique, made especially for you.\"><span class=\"Y2IQFc\" lang=\"en\">Timp de produc\u021bie: 7\u201314 zile lucr\u0103toare.<\/span><\/p>\n<p class=\"tw-data-text tw-text-large tw-ta\" dir=\"ltr\" tabindex=\"-1\" role=\"text\" data-placeholder=\"Traducere\" data-ved=\"2ahUKEwjA-f2F956QAxVelP0HHWNFJSQQ3ewLegQICxAV\" aria-label=\"Text tradus: Handcrafted, every detail is carefully finished to provide a feminine, sophisticated and perfectly proportioned silhouette. Perfect for the woman who appreciates exclusivity and quality, this fur coat becomes the center of any appearance. Handmade to order. Production time: 7\u201314 working days. The product is made individually, according to your measurements. After placing the order, a CCM Boutique consultant will contact you to confirm the desired dimensions and details. Exclusive design and handmade execution. Natural materials of the highest quality. Each piece is unique, made especially for you.\"><span class=\"Y2IQFc\" lang=\"en\">Produsul este realizat individual, conform m\u0103sur\u0103torilor dumneavoastr\u0103.<\/span><\/p>\n<p class=\"tw-data-text tw-text-large tw-ta\" dir=\"ltr\" tabindex=\"-1\" role=\"text\" data-placeholder=\"Traducere\" data-ved=\"2ahUKEwjA-f2F956QAxVelP0HHWNFJSQQ3ewLegQICxAV\" aria-label=\"Text tradus: Handcrafted, every detail is carefully finished to provide a feminine, sophisticated and perfectly proportioned silhouette. Perfect for the woman who appreciates exclusivity and quality, this fur coat becomes the center of any appearance. Handmade to order. Production time: 7\u201314 working days. The product is made individually, according to your measurements. After placing the order, a CCM Boutique consultant will contact you to confirm the desired dimensions and details. Exclusive design and handmade execution. Natural materials of the highest quality. Each piece is unique, made especially for you.\"><span class=\"Y2IQFc\" lang=\"en\">Dup\u0103 plasarea comenzii, un consultant CCM Boutique v\u0103 va contacta pentru a confirma dimensiunile \u0219i detaliile dorite.<\/span><\/p>\n","protected":false},"featured_media":5540363,"comment_status":"closed","ping_status":"closed","template":"","meta":[],"product_cat":[444,449],"product_tag":[],"class_list":["post-5540375","product","type-product","status-publish","has-post-thumbnail","hentry","product_cat-femei-2","product_cat-haine-din-lana-casmir-alpaca-2"],"acf":[],"_links":{"self":[{"href":"https:\/\/www.ccmboutique.ro\/ro\/wp-json\/wp\/v2\/product\/5540375","targetHints":{"allow":["GET"]}}],"collection":[{"href":"https:\/\/www.ccmboutique.ro\/ro\/wp-json\/wp\/v2\/product"}],"about":[{"href":"https:\/\/www.ccmboutique.ro\/ro\/wp-json\/wp\/v2\/types\/product"}],"replies":[{"embeddable":true,"href":"https:\/\/www.ccmboutique.ro\/ro\/wp-json\/wp\/v2\/comments?post=5540375"}],"version-history":[{"count":1,"href":"https:\/\/www.ccmboutique.ro\/ro\/wp-json\/wp\/v2\/product\/5540375\/revisions"}],"predecessor-version":[{"id":5543716,"href":"https:\/\/www.ccmboutique.ro\/ro\/wp-json\/wp\/v2\/product\/5540375\/revisions\/5543716"}],"wp:featuredmedia":[{"embeddable":true,"href":"https:\/\/www.ccmboutique.ro\/ro\/wp-json\/wp\/v2\/media\/5540363"}],"wp:attachment":[{"href":"https:\/\/www.ccmboutique.ro\/ro\/wp-json\/wp\/v2\/media?parent=5540375"}],"wp:term":[{"taxonomy":"product_cat","embeddable":true,"href":"https:\/\/www.ccmboutique.ro\/ro\/wp-json\/wp\/v2\/product_cat?post=5540375"},{"taxonomy":"product_tag","embeddable":true,"href":"https:\/\/www.ccmboutique.ro\/ro\/wp-json\/wp\/v2\/product_tag?post=5540375"}],"curies":[{"name":"wp","href":"https:\/\/api.w.org\/{rel}","templated":true}]}}