{"id":5540278,"date":"2024-12-01T22:13:35","date_gmt":"2024-12-01T20:13:35","guid":{"rendered":"https:\/\/www.ccmboutique.ro\/shop\/trench-aliya-pink\/"},"modified":"2024-12-01T22:19:07","modified_gmt":"2024-12-01T20:19:07","slug":"aliya-pink-trench-coat","status":"publish","type":"product","link":"https:\/\/www.ccmboutique.ro\/ro\/shop\/aliya-pink-trench-coat\/","title":{"rendered":"Trench ALIYA Pink"},"content":{"rendered":"","protected":false},"excerpt":{"rendered":"<p id=\"tw-target-text\" class=\"tw-data-text tw-text-large tw-ta\" dir=\"ltr\" data-placeholder=\"Traducere\" data-ved=\"2ahUKEwiw9d7AsIeKAxXf9wIHHQzQKoIQ3ewLegQIDhAW\" aria-label=\"Text tradus: Discover elegance in the cold season! This premium coat, accessorized with natural fur of exceptional quality, offers you: Absolute refinement in every detail. Thermal comfort thanks to the fur interior. Unique style for any occasion. Perfect for the woman who wants to turn heads but stay protected from the cold! Write to us now for a coat made to your measurements! Limited stock! Turn your winter into a luxury story - add this piece to your wardrobe today!\"><span class=\"Y2IQFc\" lang=\"en\">Descoperi\u021bi elegan\u021ba \u00een sezonul rece!<\/span><\/p>\n<p class=\"tw-data-text tw-text-large tw-ta\" dir=\"ltr\" data-placeholder=\"Traducere\" data-ved=\"2ahUKEwiw9d7AsIeKAxXf9wIHHQzQKoIQ3ewLegQIDhAW\" aria-label=\"Text tradus: Discover elegance in the cold season! This premium coat, accessorized with natural fur of exceptional quality, offers you: Absolute refinement in every detail. Thermal comfort thanks to the fur interior. Unique style for any occasion. Perfect for the woman who wants to turn heads but stay protected from the cold! Write to us now for a coat made to your measurements! Limited stock! Turn your winter into a luxury story - add this piece to your wardrobe today!\"><span class=\"Y2IQFc\" lang=\"en\">Aceast\u0103 hain\u0103 premium, accesorizat\u0103 cu blan\u0103 natural\u0103 de calitate excep\u021bional\u0103, v\u0103 ofer\u0103:<\/span><\/p>\n<p class=\"tw-data-text tw-text-large tw-ta\" dir=\"ltr\" data-placeholder=\"Traducere\" data-ved=\"2ahUKEwiw9d7AsIeKAxXf9wIHHQzQKoIQ3ewLegQIDhAW\" aria-label=\"Text tradus: Discover elegance in the cold season! This premium coat, accessorized with natural fur of exceptional quality, offers you: Absolute refinement in every detail. Thermal comfort thanks to the fur interior. Unique style for any occasion. Perfect for the woman who wants to turn heads but stay protected from the cold! Write to us now for a coat made to your measurements! Limited stock! Turn your winter into a luxury story - add this piece to your wardrobe today!\"><span class=\"Y2IQFc\" lang=\"en\">Rafinament absolut \u00een fiecare detaliu.<\/span><\/p>\n<p class=\"tw-data-text tw-text-large tw-ta\" dir=\"ltr\" data-placeholder=\"Traducere\" data-ved=\"2ahUKEwiw9d7AsIeKAxXf9wIHHQzQKoIQ3ewLegQIDhAW\" aria-label=\"Text tradus: Discover elegance in the cold season! This premium coat, accessorized with natural fur of exceptional quality, offers you: Absolute refinement in every detail. Thermal comfort thanks to the fur interior. Unique style for any occasion. Perfect for the woman who wants to turn heads but stay protected from the cold! Write to us now for a coat made to your measurements! Limited stock! Turn your winter into a luxury story - add this piece to your wardrobe today!\"><span class=\"Y2IQFc\" lang=\"en\">Confort termic.<\/span><\/p>\n<p class=\"tw-data-text tw-text-large tw-ta\" dir=\"ltr\" data-placeholder=\"Traducere\" data-ved=\"2ahUKEwiw9d7AsIeKAxXf9wIHHQzQKoIQ3ewLegQIDhAW\" aria-label=\"Text tradus: Discover elegance in the cold season! This premium coat, accessorized with natural fur of exceptional quality, offers you: Absolute refinement in every detail. Thermal comfort thanks to the fur interior. Unique style for any occasion. Perfect for the woman who wants to turn heads but stay protected from the cold! Write to us now for a coat made to your measurements! Limited stock! Turn your winter into a luxury story - add this piece to your wardrobe today!\"><span class=\"Y2IQFc\" lang=\"en\">Stil unic pentru orice ocazie.<\/span><\/p>\n<p class=\"tw-data-text tw-text-large tw-ta\" dir=\"ltr\" data-placeholder=\"Traducere\" data-ved=\"2ahUKEwiw9d7AsIeKAxXf9wIHHQzQKoIQ3ewLegQIDhAW\" aria-label=\"Text tradus: Discover elegance in the cold season! This premium coat, accessorized with natural fur of exceptional quality, offers you: Absolute refinement in every detail. Thermal comfort thanks to the fur interior. Unique style for any occasion. Perfect for the woman who wants to turn heads but stay protected from the cold! Write to us now for a coat made to your measurements! Limited stock! Turn your winter into a luxury story - add this piece to your wardrobe today!\"><span class=\"Y2IQFc\" lang=\"en\">Perfect pentru femeia care vrea s\u0103 \u00eentoarc\u0103 privirile , dar s\u0103 r\u0103m\u00e2n\u0103 protejat\u0103 de frig!<\/span><\/p>\n<p class=\"tw-data-text tw-text-large tw-ta\" dir=\"ltr\" data-placeholder=\"Traducere\" data-ved=\"2ahUKEwiw9d7AsIeKAxXf9wIHHQzQKoIQ3ewLegQIDhAW\" aria-label=\"Text tradus: Discover elegance in the cold season! This premium coat, accessorized with natural fur of exceptional quality, offers you: Absolute refinement in every detail. Thermal comfort thanks to the fur interior. Unique style for any occasion. Perfect for the woman who wants to turn heads but stay protected from the cold! Write to us now for a coat made to your measurements! Limited stock! Turn your winter into a luxury story - add this piece to your wardrobe today!\"><span class=\"Y2IQFc\" lang=\"en\">Scrie\u021bi-ne acum pentru o hain\u0103 f\u0103cut\u0103 la m\u0103surile dumneavoastr\u0103!<\/span><\/p>\n<p class=\"tw-data-text tw-text-large tw-ta\" dir=\"ltr\" data-placeholder=\"Traducere\" data-ved=\"2ahUKEwiw9d7AsIeKAxXf9wIHHQzQKoIQ3ewLegQIDhAW\" aria-label=\"Text tradus: Discover elegance in the cold season! This premium coat, accessorized with natural fur of exceptional quality, offers you: Absolute refinement in every detail. Thermal comfort thanks to the fur interior. Unique style for any occasion. Perfect for the woman who wants to turn heads but stay protected from the cold! Write to us now for a coat made to your measurements! Limited stock! Turn your winter into a luxury story - add this piece to your wardrobe today!\"><span class=\"Y2IQFc\" lang=\"en\">Stoc limitat!<\/span><\/p>\n<p class=\"tw-data-text tw-text-large tw-ta\" dir=\"ltr\" data-placeholder=\"Traducere\" data-ved=\"2ahUKEwiw9d7AsIeKAxXf9wIHHQzQKoIQ3ewLegQIDhAW\" aria-label=\"Text tradus: Discover elegance in the cold season! This premium coat, accessorized with natural fur of exceptional quality, offers you: Absolute refinement in every detail. Thermal comfort thanks to the fur interior. Unique style for any occasion. Perfect for the woman who wants to turn heads but stay protected from the cold! Write to us now for a coat made to your measurements! Limited stock! Turn your winter into a luxury story - add this piece to your wardrobe today!\"><span class=\"Y2IQFc\" lang=\"en\">Transform\u0103-\u021bi iarna \u00eentr-o poveste de lux &#8211; adaug\u0103 aceast\u0103 pies\u0103 la garderoba ta ast\u0103zi!<\/span><\/p>\n","protected":false},"featured_media":5540272,"comment_status":"closed","ping_status":"closed","template":"","meta":[],"product_cat":[444,455],"product_tag":[],"class_list":["post-5540278","product","type-product","status-publish","has-post-thumbnail","hentry","product_cat-femei-2","product_cat-trenciuri-2"],"acf":[],"_links":{"self":[{"href":"https:\/\/www.ccmboutique.ro\/ro\/wp-json\/wp\/v2\/product\/5540278","targetHints":{"allow":["GET"]}}],"collection":[{"href":"https:\/\/www.ccmboutique.ro\/ro\/wp-json\/wp\/v2\/product"}],"about":[{"href":"https:\/\/www.ccmboutique.ro\/ro\/wp-json\/wp\/v2\/types\/product"}],"replies":[{"embeddable":true,"href":"https:\/\/www.ccmboutique.ro\/ro\/wp-json\/wp\/v2\/comments?post=5540278"}],"version-history":[{"count":1,"href":"https:\/\/www.ccmboutique.ro\/ro\/wp-json\/wp\/v2\/product\/5540278\/revisions"}],"predecessor-version":[{"id":5540285,"href":"https:\/\/www.ccmboutique.ro\/ro\/wp-json\/wp\/v2\/product\/5540278\/revisions\/5540285"}],"wp:featuredmedia":[{"embeddable":true,"href":"https:\/\/www.ccmboutique.ro\/ro\/wp-json\/wp\/v2\/media\/5540272"}],"wp:attachment":[{"href":"https:\/\/www.ccmboutique.ro\/ro\/wp-json\/wp\/v2\/media?parent=5540278"}],"wp:term":[{"taxonomy":"product_cat","embeddable":true,"href":"https:\/\/www.ccmboutique.ro\/ro\/wp-json\/wp\/v2\/product_cat?post=5540278"},{"taxonomy":"product_tag","embeddable":true,"href":"https:\/\/www.ccmboutique.ro\/ro\/wp-json\/wp\/v2\/product_tag?post=5540278"}],"curies":[{"name":"wp","href":"https:\/\/api.w.org\/{rel}","templated":true}]}}