{"id":5540219,"date":"2024-11-24T00:08:15","date_gmt":"2024-11-23T22:08:15","guid":{"rendered":"https:\/\/www.ccmboutique.ro\/shop\/jacheta-bomber-juliya\/"},"modified":"2024-11-24T00:08:15","modified_gmt":"2024-11-23T22:08:15","slug":"juliya-bomber-parka-jacket","status":"publish","type":"product","link":"https:\/\/www.ccmboutique.ro\/ro\/shop\/juliya-bomber-parka-jacket\/","title":{"rendered":"Jacheta Bomber Juliya"},"content":{"rendered":"","protected":false},"excerpt":{"rendered":"<p id=\"tw-target-text\" class=\"tw-data-text tw-text-large tw-ta\" dir=\"ltr\" data-placeholder=\"Traducere\" data-ved=\"2ahUKEwj73JekvfOJAxXPDRAIHWdeJAkQ3ewLegQIDBAU\" aria-label=\"Text tradus: Discover the bomber parka with removable natural fur, designed to impress and last. 100% personalized \u2013 Choose the color, size and details that represent you. Premium materials resistant to water and wind - Perfect for all weather conditions. Detachable premium natural fur \u2013 Elegance and versatility in one piece. Made to measure \u2013 The perfect cut for a flawless look and maximum comfort.\"><span class=\"Y2IQFc\" lang=\"en\">Descoperi\u021bi jacheta parka bomber cu blan\u0103 natural\u0103 deta\u0219abil\u0103, conceput\u0103 pentru a impresiona \u0219i a dura. <\/span><\/p>\n<p class=\"tw-data-text tw-text-large tw-ta\" dir=\"ltr\" data-placeholder=\"Traducere\" data-ved=\"2ahUKEwj73JekvfOJAxXPDRAIHWdeJAkQ3ewLegQIDBAU\" aria-label=\"Text tradus: Discover the bomber parka with removable natural fur, designed to impress and last. 100% personalized \u2013 Choose the color, size and details that represent you. Premium materials resistant to water and wind - Perfect for all weather conditions. Detachable premium natural fur \u2013 Elegance and versatility in one piece. Made to measure \u2013 The perfect cut for a flawless look and maximum comfort.\"><span class=\"Y2IQFc\" lang=\"en\">100% personalizat &#8211; Alege\u021bi culoarea, dimensiunea \u0219i detaliile care v\u0103 reprezint\u0103. <\/span><\/p>\n<p class=\"tw-data-text tw-text-large tw-ta\" dir=\"ltr\" data-placeholder=\"Traducere\" data-ved=\"2ahUKEwj73JekvfOJAxXPDRAIHWdeJAkQ3ewLegQIDBAU\" aria-label=\"Text tradus: Discover the bomber parka with removable natural fur, designed to impress and last. 100% personalized \u2013 Choose the color, size and details that represent you. Premium materials resistant to water and wind - Perfect for all weather conditions. Detachable premium natural fur \u2013 Elegance and versatility in one piece. Made to measure \u2013 The perfect cut for a flawless look and maximum comfort.\"><span class=\"Y2IQFc\" lang=\"en\">Materiale premium rezistente la ap\u0103 \u0219i v\u00e2nt &#8211; Perfect pentru toate condi\u021biile meteorologice.<\/span><\/p>\n<p class=\"tw-data-text tw-text-large tw-ta\" dir=\"ltr\" data-placeholder=\"Traducere\" data-ved=\"2ahUKEwj73JekvfOJAxXPDRAIHWdeJAkQ3ewLegQIDBAU\" aria-label=\"Text tradus: Discover the bomber parka with removable natural fur, designed to impress and last. 100% personalized \u2013 Choose the color, size and details that represent you. Premium materials resistant to water and wind - Perfect for all weather conditions. Detachable premium natural fur \u2013 Elegance and versatility in one piece. Made to measure \u2013 The perfect cut for a flawless look and maximum comfort.\"><span class=\"Y2IQFc\" lang=\"en\">Blana natural\u0103 premium deta\u0219abil\u0103 &#8211; Elegan\u021b\u0103 \u0219i versatilitate \u00eentr-o singur\u0103 pies\u0103.<\/span><\/p>\n<p class=\"tw-data-text tw-text-large tw-ta\" dir=\"ltr\" data-placeholder=\"Traducere\" data-ved=\"2ahUKEwj73JekvfOJAxXPDRAIHWdeJAkQ3ewLegQIDBAU\" aria-label=\"Text tradus: Discover the bomber parka with removable natural fur, designed to impress and last. 100% personalized \u2013 Choose the color, size and details that represent you. Premium materials resistant to water and wind - Perfect for all weather conditions. Detachable premium natural fur \u2013 Elegance and versatility in one piece. Made to measure \u2013 The perfect cut for a flawless look and maximum comfort.\"><span class=\"Y2IQFc\" lang=\"en\">Croita pe m\u0103sura ta &#8211; Tipar perfect pentru un aspect impecabil \u0219i confort maxim.<\/span><\/p>\n<p class=\"p1\">Pentru un serviciu de comand\u0103 personalizat \u0219i mai multe detalii ne pute\u021bi contacta la numerele de telefon 0040766914884 \/ 0040766914901 \u0219i ve\u021bi avea produse care vor fi realizate cu minu\u021biozitate pentru dvs.<\/p>\n","protected":false},"featured_media":5540205,"comment_status":"closed","ping_status":"closed","template":"","meta":[],"product_cat":[444,454],"product_tag":[],"class_list":["post-5540219","product","type-product","status-publish","has-post-thumbnail","hentry","product_cat-femei-2","product_cat-jachete-parka"],"acf":[],"_links":{"self":[{"href":"https:\/\/www.ccmboutique.ro\/ro\/wp-json\/wp\/v2\/product\/5540219","targetHints":{"allow":["GET"]}}],"collection":[{"href":"https:\/\/www.ccmboutique.ro\/ro\/wp-json\/wp\/v2\/product"}],"about":[{"href":"https:\/\/www.ccmboutique.ro\/ro\/wp-json\/wp\/v2\/types\/product"}],"replies":[{"embeddable":true,"href":"https:\/\/www.ccmboutique.ro\/ro\/wp-json\/wp\/v2\/comments?post=5540219"}],"version-history":[{"count":0,"href":"https:\/\/www.ccmboutique.ro\/ro\/wp-json\/wp\/v2\/product\/5540219\/revisions"}],"wp:featuredmedia":[{"embeddable":true,"href":"https:\/\/www.ccmboutique.ro\/ro\/wp-json\/wp\/v2\/media\/5540205"}],"wp:attachment":[{"href":"https:\/\/www.ccmboutique.ro\/ro\/wp-json\/wp\/v2\/media?parent=5540219"}],"wp:term":[{"taxonomy":"product_cat","embeddable":true,"href":"https:\/\/www.ccmboutique.ro\/ro\/wp-json\/wp\/v2\/product_cat?post=5540219"},{"taxonomy":"product_tag","embeddable":true,"href":"https:\/\/www.ccmboutique.ro\/ro\/wp-json\/wp\/v2\/product_tag?post=5540219"}],"curies":[{"name":"wp","href":"https:\/\/api.w.org\/{rel}","templated":true}]}}