{"id":5540089,"date":"2024-11-14T14:04:53","date_gmt":"2024-11-14T12:04:53","guid":{"rendered":"https:\/\/www.ccmboutique.ro\/shop\/jacheta-anouska-sporty\/"},"modified":"2024-11-14T14:18:46","modified_gmt":"2024-11-14T12:18:46","slug":"anouska-sporty-jacket","status":"publish","type":"product","link":"https:\/\/www.ccmboutique.ro\/ro\/shop\/anouska-sporty-jacket\/","title":{"rendered":"Jachet\u0103 ANOUSKA Sporty"},"content":{"rendered":"","protected":false},"excerpt":{"rendered":"<p class=\"p1\">Transforma-ti garderoba de iarna cu un plus de lux!<\/p>\n<p class=\"p1\">Iti doresti combina\u021bia perfect\u0103 intre stil \u0219i confort? Noua noastra jachet\u0103 imbina calitatea premium cu un design atent gandit. Iat\u0103 de ce o vei adora:  <\/p>\n<p class=\"p1\">Blana natural\u0103, deta\u0219abil\u0103 &#8211; Bucura\u021bi-v\u0103 de aspectul versatil prin ad\u0103ugarea sau \u00eendep\u0103rtarea gulerului de blan\u0103.<\/p>\n<p class=\"p1\">U\u0219oara \u0219i calduroasa &#8211; Sim\u021bi\u021bi-v\u0103 confortabil f\u0103r\u0103 volum inutil, datorit\u0103 umpluturii de \u00eenalt\u0103 calitate.<\/p>\n<p class=\"p1\">Materiale premium &#8211; Fabricata la perfec\u021biune cu cele mai bune materiale, concepute pentru a rezista in timp.<\/p>\n<p>Nu te multumi doar sa fii in c\u0103ldur\u0103, fii si in eleganta ! R\u0103sfata-te cu elegan\u021ba pe care o meriti \u00een acest sezon. Scrie-ne ast\u0103zi pentru a-ti personaliza comanda!  <\/p>\n","protected":false},"featured_media":5540629,"comment_status":"closed","ping_status":"closed","template":"","meta":[],"product_cat":[444,454],"product_tag":[],"class_list":["post-5540089","product","type-product","status-publish","has-post-thumbnail","hentry","product_cat-femei-2","product_cat-jachete-parka"],"acf":[],"_links":{"self":[{"href":"https:\/\/www.ccmboutique.ro\/ro\/wp-json\/wp\/v2\/product\/5540089","targetHints":{"allow":["GET"]}}],"collection":[{"href":"https:\/\/www.ccmboutique.ro\/ro\/wp-json\/wp\/v2\/product"}],"about":[{"href":"https:\/\/www.ccmboutique.ro\/ro\/wp-json\/wp\/v2\/types\/product"}],"replies":[{"embeddable":true,"href":"https:\/\/www.ccmboutique.ro\/ro\/wp-json\/wp\/v2\/comments?post=5540089"}],"version-history":[{"count":1,"href":"https:\/\/www.ccmboutique.ro\/ro\/wp-json\/wp\/v2\/product\/5540089\/revisions"}],"predecessor-version":[{"id":5540095,"href":"https:\/\/www.ccmboutique.ro\/ro\/wp-json\/wp\/v2\/product\/5540089\/revisions\/5540095"}],"wp:featuredmedia":[{"embeddable":true,"href":"https:\/\/www.ccmboutique.ro\/ro\/wp-json\/wp\/v2\/media\/5540629"}],"wp:attachment":[{"href":"https:\/\/www.ccmboutique.ro\/ro\/wp-json\/wp\/v2\/media?parent=5540089"}],"wp:term":[{"taxonomy":"product_cat","embeddable":true,"href":"https:\/\/www.ccmboutique.ro\/ro\/wp-json\/wp\/v2\/product_cat?post=5540089"},{"taxonomy":"product_tag","embeddable":true,"href":"https:\/\/www.ccmboutique.ro\/ro\/wp-json\/wp\/v2\/product_tag?post=5540089"}],"curies":[{"name":"wp","href":"https:\/\/api.w.org\/{rel}","templated":true}]}}