{"id":5539723,"date":"2024-10-28T20:21:15","date_gmt":"2024-10-28T18:21:15","guid":{"rendered":"https:\/\/www.ccmboutique.ro\/shop\/palton-din-lana-pura-anita\/"},"modified":"2024-10-28T20:21:15","modified_gmt":"2024-10-28T18:21:15","slug":"anita-pure-wool-coat","status":"publish","type":"product","link":"https:\/\/www.ccmboutique.ro\/ro\/shop\/anita-pure-wool-coat\/","title":{"rendered":"Palton Din Lana Pura ANITA"},"content":{"rendered":"","protected":false},"excerpt":{"rendered":"<p id=\"tw-target-text\" class=\"tw-data-text tw-text-large tw-ta\" dir=\"ltr\" data-placeholder=\"Traducere\" data-ved=\"2ahUKEwj038_Z8rCJAxVt8bsIHaFcLj0Q3ewLegQIChAU\" aria-label=\"Text tradus: Bring some magic to chilly days with a fairytale piece! Dress in timeless elegance with this pure wool coat. Perfect for those moments when you want to shine effortlessly, giving you comfort and sophistication with every step. It's more than a coat \u2013 it's a style statement that tells a story of luxury and sophistication.\"><span class=\"Y2IQFc\" lang=\"en\">Aduce\u021bi pu\u021bin\u0103 magie zilelor reci cu o pies\u0103 de basm!<\/span><\/p>\n<p class=\"tw-data-text tw-text-large tw-ta\" dir=\"ltr\" data-placeholder=\"Traducere\" data-ved=\"2ahUKEwj038_Z8rCJAxVt8bsIHaFcLj0Q3ewLegQIChAU\" aria-label=\"Text tradus: Bring some magic to chilly days with a fairytale piece! Dress in timeless elegance with this pure wool coat. Perfect for those moments when you want to shine effortlessly, giving you comfort and sophistication with every step. It's more than a coat \u2013 it's a style statement that tells a story of luxury and sophistication.\"><span class=\"Y2IQFc\" lang=\"en\">\u00cembrac\u0103-te \u00een elegan\u021b\u0103 atemporal\u0103 cu acest palton din l\u00e2n\u0103 pur\u0103.<\/span><\/p>\n<p class=\"tw-data-text tw-text-large tw-ta\" dir=\"ltr\" data-placeholder=\"Traducere\" data-ved=\"2ahUKEwj038_Z8rCJAxVt8bsIHaFcLj0Q3ewLegQIChAU\" aria-label=\"Text tradus: Bring some magic to chilly days with a fairytale piece! Dress in timeless elegance with this pure wool coat. Perfect for those moments when you want to shine effortlessly, giving you comfort and sophistication with every step. It's more than a coat \u2013 it's a style statement that tells a story of luxury and sophistication.\"><span class=\"Y2IQFc\" lang=\"en\">Perfect pentru momentele \u00een care vrei s\u0103 str\u0103luce\u0219ti f\u0103r\u0103 efort, oferindu-\u021bi confort \u0219i rafinament la fiecare pas.<\/span><\/p>\n<p class=\"tw-data-text tw-text-large tw-ta\" dir=\"ltr\" data-placeholder=\"Traducere\" data-ved=\"2ahUKEwj038_Z8rCJAxVt8bsIHaFcLj0Q3ewLegQIChAU\" aria-label=\"Text tradus: Bring some magic to chilly days with a fairytale piece! Dress in timeless elegance with this pure wool coat. Perfect for those moments when you want to shine effortlessly, giving you comfort and sophistication with every step. It's more than a coat \u2013 it's a style statement that tells a story of luxury and sophistication.\"><span class=\"Y2IQFc\" lang=\"en\">  Este mai mult dec\u00e2t o hain\u0103 &#8211; este o declara\u021bie de stil care spune o poveste de lux \u0219i rafinament.<\/span><\/p>\n","protected":false},"featured_media":5539721,"comment_status":"closed","ping_status":"closed","template":"","meta":[],"product_cat":[444,449],"product_tag":[],"class_list":["post-5539723","product","type-product","status-publish","has-post-thumbnail","hentry","product_cat-femei-2","product_cat-haine-din-lana-casmir-alpaca-2"],"acf":[],"_links":{"self":[{"href":"https:\/\/www.ccmboutique.ro\/ro\/wp-json\/wp\/v2\/product\/5539723","targetHints":{"allow":["GET"]}}],"collection":[{"href":"https:\/\/www.ccmboutique.ro\/ro\/wp-json\/wp\/v2\/product"}],"about":[{"href":"https:\/\/www.ccmboutique.ro\/ro\/wp-json\/wp\/v2\/types\/product"}],"replies":[{"embeddable":true,"href":"https:\/\/www.ccmboutique.ro\/ro\/wp-json\/wp\/v2\/comments?post=5539723"}],"version-history":[{"count":0,"href":"https:\/\/www.ccmboutique.ro\/ro\/wp-json\/wp\/v2\/product\/5539723\/revisions"}],"wp:featuredmedia":[{"embeddable":true,"href":"https:\/\/www.ccmboutique.ro\/ro\/wp-json\/wp\/v2\/media\/5539721"}],"wp:attachment":[{"href":"https:\/\/www.ccmboutique.ro\/ro\/wp-json\/wp\/v2\/media?parent=5539723"}],"wp:term":[{"taxonomy":"product_cat","embeddable":true,"href":"https:\/\/www.ccmboutique.ro\/ro\/wp-json\/wp\/v2\/product_cat?post=5539723"},{"taxonomy":"product_tag","embeddable":true,"href":"https:\/\/www.ccmboutique.ro\/ro\/wp-json\/wp\/v2\/product_tag?post=5539723"}],"curies":[{"name":"wp","href":"https:\/\/api.w.org\/{rel}","templated":true}]}}