{"id":5539696,"date":"2024-10-28T19:37:04","date_gmt":"2024-10-28T17:37:04","guid":{"rendered":"https:\/\/www.ccmboutique.ro\/shop\/palton-din-lana-pura-anayeli-mink\/"},"modified":"2024-10-28T19:37:04","modified_gmt":"2024-10-28T17:37:04","slug":"anayeli-pure-wool-mink-coat","status":"publish","type":"product","link":"https:\/\/www.ccmboutique.ro\/ro\/shop\/anayeli-pure-wool-mink-coat\/","title":{"rendered":"Palton Din Lana Pura ANAYELI Mink"},"content":{"rendered":"","protected":false},"excerpt":{"rendered":"<p id=\"tw-target-text\" class=\"tw-data-text tw-text-large tw-ta\" dir=\"ltr\" data-placeholder=\"Traducere\" data-ved=\"2ahUKEwj038_Z8rCJAxVt8bsIHaFcLj0Q3ewLegQIChAU\" aria-label=\"Text tradus: A new definition of luxury for this winter! Do you want to enjoy warmth, style and exclusivity in the cold season? Crafted from natural wool with fine mink fur accents, this coat is the staple piece your wardrobe needs! Perfect for the woman who appreciates discreet elegance and impeccable quality. We know how hard it is to find a piece that perfectly combines comfort and luxury. This coat is the answer to your need to feel both protected from the cold and confident and sophisticated! Crafted from high-quality natural materials, the coat is versatile and easy to accessorize for a variety of occasions, from urban walks to special events. Plus, the mink fur adds an air of uncompromising luxury! Don't let the opportunity pass! Enter our website ccmboutique.ro and discover the collection that redefines winter fashion. It's time to invest in a luxury piece, built to last!\"><span class=\"Y2IQFc\" lang=\"en\">O nou\u0103 defini\u021bie a luxului pentru aceast\u0103 iarn\u0103!<\/span><\/p>\n<p class=\"tw-data-text tw-text-large tw-ta\" dir=\"ltr\" data-placeholder=\"Traducere\" data-ved=\"2ahUKEwj038_Z8rCJAxVt8bsIHaFcLj0Q3ewLegQIChAU\" aria-label=\"Text tradus: A new definition of luxury for this winter! Do you want to enjoy warmth, style and exclusivity in the cold season? Crafted from natural wool with fine mink fur accents, this coat is the staple piece your wardrobe needs! Perfect for the woman who appreciates discreet elegance and impeccable quality. We know how hard it is to find a piece that perfectly combines comfort and luxury. This coat is the answer to your need to feel both protected from the cold and confident and sophisticated! Crafted from high-quality natural materials, the coat is versatile and easy to accessorize for a variety of occasions, from urban walks to special events. Plus, the mink fur adds an air of uncompromising luxury! Don't let the opportunity pass! Enter our website ccmboutique.ro and discover the collection that redefines winter fashion. It's time to invest in a luxury piece, built to last!\"><span class=\"Y2IQFc\" lang=\"en\">Dori\u021bi s\u0103 v\u0103 bucura\u021bi de c\u0103ldur\u0103, stil \u0219i exclusivitate \u00een sezonul rece?<\/span><\/p>\n<p class=\"tw-data-text tw-text-large tw-ta\" dir=\"ltr\" data-placeholder=\"Traducere\" data-ved=\"2ahUKEwj038_Z8rCJAxVt8bsIHaFcLj0Q3ewLegQIChAU\" aria-label=\"Text tradus: A new definition of luxury for this winter! Do you want to enjoy warmth, style and exclusivity in the cold season? Crafted from natural wool with fine mink fur accents, this coat is the staple piece your wardrobe needs! Perfect for the woman who appreciates discreet elegance and impeccable quality. We know how hard it is to find a piece that perfectly combines comfort and luxury. This coat is the answer to your need to feel both protected from the cold and confident and sophisticated! Crafted from high-quality natural materials, the coat is versatile and easy to accessorize for a variety of occasions, from urban walks to special events. Plus, the mink fur adds an air of uncompromising luxury! Don't let the opportunity pass! Enter our website ccmboutique.ro and discover the collection that redefines winter fashion. It's time to invest in a luxury piece, built to last!\"><span class=\"Y2IQFc\" lang=\"en\">Confec\u021bionat\u0103 din l\u00e2n\u0103 natural\u0103 cu accente fine de blan\u0103 de nurc\u0103, aceast\u0103 hain\u0103 este piesa de baz\u0103 de care are nevoie garderoba ta!<\/span><\/p>\n<p class=\"tw-data-text tw-text-large tw-ta\" dir=\"ltr\" data-placeholder=\"Traducere\" data-ved=\"2ahUKEwj038_Z8rCJAxVt8bsIHaFcLj0Q3ewLegQIChAU\" aria-label=\"Text tradus: A new definition of luxury for this winter! Do you want to enjoy warmth, style and exclusivity in the cold season? Crafted from natural wool with fine mink fur accents, this coat is the staple piece your wardrobe needs! Perfect for the woman who appreciates discreet elegance and impeccable quality. We know how hard it is to find a piece that perfectly combines comfort and luxury. This coat is the answer to your need to feel both protected from the cold and confident and sophisticated! Crafted from high-quality natural materials, the coat is versatile and easy to accessorize for a variety of occasions, from urban walks to special events. Plus, the mink fur adds an air of uncompromising luxury! Don't let the opportunity pass! Enter our website ccmboutique.ro and discover the collection that redefines winter fashion. It's time to invest in a luxury piece, built to last!\"><span class=\"Y2IQFc\" lang=\"en\">Perfect pentru femeia care apreciaz\u0103 elegan\u021ba discret\u0103 \u0219i calitatea impecabil\u0103.<\/span><\/p>\n<p class=\"tw-data-text tw-text-large tw-ta\" dir=\"ltr\" data-placeholder=\"Traducere\" data-ved=\"2ahUKEwj038_Z8rCJAxVt8bsIHaFcLj0Q3ewLegQIChAU\" aria-label=\"Text tradus: A new definition of luxury for this winter! Do you want to enjoy warmth, style and exclusivity in the cold season? Crafted from natural wool with fine mink fur accents, this coat is the staple piece your wardrobe needs! Perfect for the woman who appreciates discreet elegance and impeccable quality. We know how hard it is to find a piece that perfectly combines comfort and luxury. This coat is the answer to your need to feel both protected from the cold and confident and sophisticated! Crafted from high-quality natural materials, the coat is versatile and easy to accessorize for a variety of occasions, from urban walks to special events. Plus, the mink fur adds an air of uncompromising luxury! Don't let the opportunity pass! Enter our website ccmboutique.ro and discover the collection that redefines winter fashion. It's time to invest in a luxury piece, built to last!\"><span class=\"Y2IQFc\" lang=\"en\">\u0218tim c\u00e2t de greu este s\u0103 g\u0103se\u0219ti o pies\u0103 care s\u0103 combine perfect confortul \u0219i luxul.<\/span><\/p>\n<p class=\"tw-data-text tw-text-large tw-ta\" dir=\"ltr\" data-placeholder=\"Traducere\" data-ved=\"2ahUKEwj038_Z8rCJAxVt8bsIHaFcLj0Q3ewLegQIChAU\" aria-label=\"Text tradus: A new definition of luxury for this winter! Do you want to enjoy warmth, style and exclusivity in the cold season? Crafted from natural wool with fine mink fur accents, this coat is the staple piece your wardrobe needs! Perfect for the woman who appreciates discreet elegance and impeccable quality. We know how hard it is to find a piece that perfectly combines comfort and luxury. This coat is the answer to your need to feel both protected from the cold and confident and sophisticated! Crafted from high-quality natural materials, the coat is versatile and easy to accessorize for a variety of occasions, from urban walks to special events. Plus, the mink fur adds an air of uncompromising luxury! Don't let the opportunity pass! Enter our website ccmboutique.ro and discover the collection that redefines winter fashion. It's time to invest in a luxury piece, built to last!\"><span class=\"Y2IQFc\" lang=\"en\">Aceast\u0103 hain\u0103 este r\u0103spunsul la nevoia ta de a te sim\u021bi at\u00e2t protejat\u0103 de frig, c\u00e2t \u0219i \u00eencrez\u0103toare \u0219i sofisticat\u0103!<\/span><\/p>\n<p class=\"tw-data-text tw-text-large tw-ta\" dir=\"ltr\" data-placeholder=\"Traducere\" data-ved=\"2ahUKEwj038_Z8rCJAxVt8bsIHaFcLj0Q3ewLegQIChAU\" aria-label=\"Text tradus: A new definition of luxury for this winter! Do you want to enjoy warmth, style and exclusivity in the cold season? Crafted from natural wool with fine mink fur accents, this coat is the staple piece your wardrobe needs! Perfect for the woman who appreciates discreet elegance and impeccable quality. We know how hard it is to find a piece that perfectly combines comfort and luxury. This coat is the answer to your need to feel both protected from the cold and confident and sophisticated! Crafted from high-quality natural materials, the coat is versatile and easy to accessorize for a variety of occasions, from urban walks to special events. Plus, the mink fur adds an air of uncompromising luxury! Don't let the opportunity pass! Enter our website ccmboutique.ro and discover the collection that redefines winter fashion. It's time to invest in a luxury piece, built to last!\"><span class=\"Y2IQFc\" lang=\"en\">Fabricat\u0103 din materiale naturale de \u00eenalt\u0103 calitate, haina este versatil\u0103 \u0219i u\u0219or de accesorizat pentru o varietate de ocazii, de la plimb\u0103ri urbane la evenimente speciale.<\/span><\/p>\n<p class=\"tw-data-text tw-text-large tw-ta\" dir=\"ltr\" data-placeholder=\"Traducere\" data-ved=\"2ahUKEwj038_Z8rCJAxVt8bsIHaFcLj0Q3ewLegQIChAU\" aria-label=\"Text tradus: A new definition of luxury for this winter! Do you want to enjoy warmth, style and exclusivity in the cold season? Crafted from natural wool with fine mink fur accents, this coat is the staple piece your wardrobe needs! Perfect for the woman who appreciates discreet elegance and impeccable quality. We know how hard it is to find a piece that perfectly combines comfort and luxury. This coat is the answer to your need to feel both protected from the cold and confident and sophisticated! Crafted from high-quality natural materials, the coat is versatile and easy to accessorize for a variety of occasions, from urban walks to special events. Plus, the mink fur adds an air of uncompromising luxury! Don't let the opportunity pass! Enter our website ccmboutique.ro and discover the collection that redefines winter fashion. It's time to invest in a luxury piece, built to last!\"><span class=\"Y2IQFc\" lang=\"en\">\u00cen plus, blana de nurc\u0103 adaug\u0103 un aer de lux f\u0103r\u0103 compromisuri!<\/span><\/p>\n<p class=\"tw-data-text tw-text-large tw-ta\" dir=\"ltr\" data-placeholder=\"Traducere\" data-ved=\"2ahUKEwj038_Z8rCJAxVt8bsIHaFcLj0Q3ewLegQIChAU\" aria-label=\"Text tradus: A new definition of luxury for this winter! Do you want to enjoy warmth, style and exclusivity in the cold season? Crafted from natural wool with fine mink fur accents, this coat is the staple piece your wardrobe needs! Perfect for the woman who appreciates discreet elegance and impeccable quality. We know how hard it is to find a piece that perfectly combines comfort and luxury. This coat is the answer to your need to feel both protected from the cold and confident and sophisticated! Crafted from high-quality natural materials, the coat is versatile and easy to accessorize for a variety of occasions, from urban walks to special events. Plus, the mink fur adds an air of uncompromising luxury! Don't let the opportunity pass! Enter our website ccmboutique.ro and discover the collection that redefines winter fashion. It's time to invest in a luxury piece, built to last!\"><span class=\"Y2IQFc\" lang=\"en\">Nu l\u0103sa\u021bi ocazia s\u0103 treac\u0103!  <\/span><\/p>\n<p class=\"tw-data-text tw-text-large tw-ta\" dir=\"ltr\" data-placeholder=\"Traducere\" data-ved=\"2ahUKEwj038_Z8rCJAxVt8bsIHaFcLj0Q3ewLegQIChAU\" aria-label=\"Text tradus: A new definition of luxury for this winter! Do you want to enjoy warmth, style and exclusivity in the cold season? Crafted from natural wool with fine mink fur accents, this coat is the staple piece your wardrobe needs! Perfect for the woman who appreciates discreet elegance and impeccable quality. We know how hard it is to find a piece that perfectly combines comfort and luxury. This coat is the answer to your need to feel both protected from the cold and confident and sophisticated! Crafted from high-quality natural materials, the coat is versatile and easy to accessorize for a variety of occasions, from urban walks to special events. Plus, the mink fur adds an air of uncompromising luxury! Don't let the opportunity pass! Enter our website ccmboutique.ro and discover the collection that redefines winter fashion. It's time to invest in a luxury piece, built to last!\"><span class=\"Y2IQFc\" lang=\"en\">Este timpul s\u0103 investe\u0219ti \u00eentr-o pies\u0103 de lux, construit\u0103 pentru a dura!<\/span><\/p>\n","protected":false},"featured_media":5539686,"comment_status":"closed","ping_status":"closed","template":"","meta":[],"product_cat":[444,449],"product_tag":[],"class_list":["post-5539696","product","type-product","status-publish","has-post-thumbnail","hentry","product_cat-femei-2","product_cat-haine-din-lana-casmir-alpaca-2"],"acf":[],"_links":{"self":[{"href":"https:\/\/www.ccmboutique.ro\/ro\/wp-json\/wp\/v2\/product\/5539696","targetHints":{"allow":["GET"]}}],"collection":[{"href":"https:\/\/www.ccmboutique.ro\/ro\/wp-json\/wp\/v2\/product"}],"about":[{"href":"https:\/\/www.ccmboutique.ro\/ro\/wp-json\/wp\/v2\/types\/product"}],"replies":[{"embeddable":true,"href":"https:\/\/www.ccmboutique.ro\/ro\/wp-json\/wp\/v2\/comments?post=5539696"}],"version-history":[{"count":0,"href":"https:\/\/www.ccmboutique.ro\/ro\/wp-json\/wp\/v2\/product\/5539696\/revisions"}],"wp:featuredmedia":[{"embeddable":true,"href":"https:\/\/www.ccmboutique.ro\/ro\/wp-json\/wp\/v2\/media\/5539686"}],"wp:attachment":[{"href":"https:\/\/www.ccmboutique.ro\/ro\/wp-json\/wp\/v2\/media?parent=5539696"}],"wp:term":[{"taxonomy":"product_cat","embeddable":true,"href":"https:\/\/www.ccmboutique.ro\/ro\/wp-json\/wp\/v2\/product_cat?post=5539696"},{"taxonomy":"product_tag","embeddable":true,"href":"https:\/\/www.ccmboutique.ro\/ro\/wp-json\/wp\/v2\/product_tag?post=5539696"}],"curies":[{"name":"wp","href":"https:\/\/api.w.org\/{rel}","templated":true}]}}