{"id":5539673,"date":"2024-10-28T19:23:08","date_gmt":"2024-10-28T17:23:08","guid":{"rendered":"https:\/\/www.ccmboutique.ro\/shop\/jacheta-ansley-mink-khaki\/"},"modified":"2024-10-28T19:23:08","modified_gmt":"2024-10-28T17:23:08","slug":"ansley-mink-khaki-bomber-jacket","status":"publish","type":"product","link":"https:\/\/www.ccmboutique.ro\/ro\/shop\/ansley-mink-khaki-bomber-jacket\/","title":{"rendered":"Jachet\u0103 ANSLEY Mink Khaki"},"content":{"rendered":"","protected":false},"excerpt":{"rendered":"<p id=\"tw-target-text\" class=\"tw-data-text tw-text-large tw-ta\" dir=\"ltr\" data-placeholder=\"Traducere\" data-ved=\"2ahUKEwiM0q2qm9aIAxXm_rsIHdC_MwIQ3ewLegQIARAU\" aria-label=\"Translated text: Our black bomber jacket, accessorized with a detachable mink fur collar, redefines luxury and is exactly what you need. Made of the highest quality materials, this jacket perfectly combines comfort and exclusive style. Not only does it offer a refined look, but it is also perfectly functional - windproof and waterproof, water and wind resistant, to ensure your comfort in all conditions. It makes you feel special wherever you go and adds an extra touch of sophistication to your wardrobe. Discover our luxury collection now and choose to stand out! Every detail is an expression of refinement, giving you a sophisticated and unmistakable appearance. \ud83c\udf0d International delivery available - no matter where you are, luxury and style know no borders. You can enjoy this exclusive piece anywhere in the world.\"><span class=\"Y2IQFc\" lang=\"en\">Jacheta noastr\u0103 bomber neagr\u0103, accesorizat\u0103 cu un guler deta\u0219abil din blan\u0103 de nurc\u0103, redefine\u0219te luxul \u0219i este exact ceea ce ai nevoie.<\/span><\/p>\n<p class=\"tw-data-text tw-text-large tw-ta\" dir=\"ltr\" data-placeholder=\"Traducere\" data-ved=\"2ahUKEwiM0q2qm9aIAxXm_rsIHdC_MwIQ3ewLegQIARAU\" aria-label=\"Translated text: Our black bomber jacket, accessorized with a detachable mink fur collar, redefines luxury and is exactly what you need. Made of the highest quality materials, this jacket perfectly combines comfort and exclusive style. Not only does it offer a refined look, but it is also perfectly functional - windproof and waterproof, water and wind resistant, to ensure your comfort in all conditions. It makes you feel special wherever you go and adds an extra touch of sophistication to your wardrobe. Discover our luxury collection now and choose to stand out! Every detail is an expression of refinement, giving you a sophisticated and unmistakable appearance. \ud83c\udf0d International delivery available - no matter where you are, luxury and style know no borders. You can enjoy this exclusive piece anywhere in the world.\"><span class=\"Y2IQFc\" lang=\"en\">Fabricat\u0103 din materiale de cea mai bun\u0103 calitate, aceast\u0103 jachet\u0103 combin\u0103 perfect confortul \u0219i stilul exclusivist.<\/span><\/p>\n<p class=\"tw-data-text tw-text-large tw-ta\" dir=\"ltr\" data-placeholder=\"Traducere\" data-ved=\"2ahUKEwiM0q2qm9aIAxXm_rsIHdC_MwIQ3ewLegQIARAU\" aria-label=\"Translated text: Our black bomber jacket, accessorized with a detachable mink fur collar, redefines luxury and is exactly what you need. Made of the highest quality materials, this jacket perfectly combines comfort and exclusive style. Not only does it offer a refined look, but it is also perfectly functional - windproof and waterproof, water and wind resistant, to ensure your comfort in all conditions. It makes you feel special wherever you go and adds an extra touch of sophistication to your wardrobe. Discover our luxury collection now and choose to stand out! Every detail is an expression of refinement, giving you a sophisticated and unmistakable appearance. \ud83c\udf0d International delivery available - no matter where you are, luxury and style know no borders. You can enjoy this exclusive piece anywhere in the world.\"><span class=\"Y2IQFc\" lang=\"en\">Nu numai c\u0103 ofer\u0103 un aspect rafinat, dar este, de asemenea, perfect func\u021bional &#8211; rezistent la v\u00e2nt \u0219i ap\u0103, rezistent la ap\u0103 \u0219i v\u00e2nt, pentru a v\u0103 asigura confortul \u00een toate condi\u021biile.<\/span><\/p>\n<p class=\"tw-data-text tw-text-large tw-ta\" dir=\"ltr\" data-placeholder=\"Traducere\" data-ved=\"2ahUKEwiM0q2qm9aIAxXm_rsIHdC_MwIQ3ewLegQIARAU\" aria-label=\"Translated text: Our black bomber jacket, accessorized with a detachable mink fur collar, redefines luxury and is exactly what you need. Made of the highest quality materials, this jacket perfectly combines comfort and exclusive style. Not only does it offer a refined look, but it is also perfectly functional - windproof and waterproof, water and wind resistant, to ensure your comfort in all conditions. It makes you feel special wherever you go and adds an extra touch of sophistication to your wardrobe. Discover our luxury collection now and choose to stand out! Every detail is an expression of refinement, giving you a sophisticated and unmistakable appearance. \ud83c\udf0d International delivery available - no matter where you are, luxury and style know no borders. You can enjoy this exclusive piece anywhere in the world.\"><span class=\"Y2IQFc\" lang=\"en\">Te face s\u0103 te sim\u021bi special\u0103 oriunde ai merge \u0219i adaug\u0103 o not\u0103 suplimentar\u0103 de rafinament garderobei tale.<\/span><\/p>\n<p class=\"tw-data-text tw-text-large tw-ta\" dir=\"ltr\" data-placeholder=\"Traducere\" data-ved=\"2ahUKEwiM0q2qm9aIAxXm_rsIHdC_MwIQ3ewLegQIARAU\" aria-label=\"Translated text: Our black bomber jacket, accessorized with a detachable mink fur collar, redefines luxury and is exactly what you need. Made of the highest quality materials, this jacket perfectly combines comfort and exclusive style. Not only does it offer a refined look, but it is also perfectly functional - windproof and waterproof, water and wind resistant, to ensure your comfort in all conditions. It makes you feel special wherever you go and adds an extra touch of sophistication to your wardrobe. Discover our luxury collection now and choose to stand out! Every detail is an expression of refinement, giving you a sophisticated and unmistakable appearance. \ud83c\udf0d International delivery available - no matter where you are, luxury and style know no borders. You can enjoy this exclusive piece anywhere in the world.\"><span class=\"Y2IQFc\" lang=\"en\">Descoperi\u021bi acum colec\u021bia noastr\u0103 de lux \u0219i alege\u021bi s\u0103 ie\u0219i\u021bi \u00een eviden\u021b\u0103! Fiecare detaliu este o expresie a rafinamentului, oferindu-\u021bi un aspect sofisticat \u0219i inconfundabil. <\/span><\/p>\n<p class=\"tw-data-text tw-text-large tw-ta\" dir=\"ltr\" data-placeholder=\"Traducere\" data-ved=\"2ahUKEwiM0q2qm9aIAxXm_rsIHdC_MwIQ3ewLegQIARAU\" aria-label=\"Translated text: Our black bomber jacket, accessorized with a detachable mink fur collar, redefines luxury and is exactly what you need. Made of the highest quality materials, this jacket perfectly combines comfort and exclusive style. Not only does it offer a refined look, but it is also perfectly functional - windproof and waterproof, water and wind resistant, to ensure your comfort in all conditions. It makes you feel special wherever you go and adds an extra touch of sophistication to your wardrobe. Discover our luxury collection now and choose to stand out! Every detail is an expression of refinement, giving you a sophisticated and unmistakable appearance. \ud83c\udf0d International delivery available - no matter where you are, luxury and style know no borders. You can enjoy this exclusive piece anywhere in the world.\"><span class=\"Y2IQFc\" lang=\"en\">\ud83c\udf0d Livrare interna\u021bional\u0103 disponibil\u0103 &#8211; indiferent unde v\u0103 afla\u021bi, luxul \u0219i stilul nu cunosc grani\u021be. V\u0103 pute\u021bi bucura de aceast\u0103 pies\u0103 exclusivist\u0103 oriunde \u00een lume. <\/span><\/p>\n","protected":false},"featured_media":5539669,"comment_status":"closed","ping_status":"closed","template":"","meta":[],"product_cat":[444,454],"product_tag":[],"class_list":["post-5539673","product","type-product","status-publish","has-post-thumbnail","hentry","product_cat-femei-2","product_cat-jachete-parka"],"acf":[],"_links":{"self":[{"href":"https:\/\/www.ccmboutique.ro\/ro\/wp-json\/wp\/v2\/product\/5539673","targetHints":{"allow":["GET"]}}],"collection":[{"href":"https:\/\/www.ccmboutique.ro\/ro\/wp-json\/wp\/v2\/product"}],"about":[{"href":"https:\/\/www.ccmboutique.ro\/ro\/wp-json\/wp\/v2\/types\/product"}],"replies":[{"embeddable":true,"href":"https:\/\/www.ccmboutique.ro\/ro\/wp-json\/wp\/v2\/comments?post=5539673"}],"version-history":[{"count":0,"href":"https:\/\/www.ccmboutique.ro\/ro\/wp-json\/wp\/v2\/product\/5539673\/revisions"}],"wp:featuredmedia":[{"embeddable":true,"href":"https:\/\/www.ccmboutique.ro\/ro\/wp-json\/wp\/v2\/media\/5539669"}],"wp:attachment":[{"href":"https:\/\/www.ccmboutique.ro\/ro\/wp-json\/wp\/v2\/media?parent=5539673"}],"wp:term":[{"taxonomy":"product_cat","embeddable":true,"href":"https:\/\/www.ccmboutique.ro\/ro\/wp-json\/wp\/v2\/product_cat?post=5539673"},{"taxonomy":"product_tag","embeddable":true,"href":"https:\/\/www.ccmboutique.ro\/ro\/wp-json\/wp\/v2\/product_tag?post=5539673"}],"curies":[{"name":"wp","href":"https:\/\/api.w.org\/{rel}","templated":true}]}}