{"id":5539601,"date":"2024-10-28T18:26:53","date_gmt":"2024-10-28T16:26:53","guid":{"rendered":"https:\/\/www.ccmboutique.ro\/shop\/haina-alcantara-camille-mink\/"},"modified":"2025-12-15T21:41:12","modified_gmt":"2025-12-15T19:41:12","slug":"camille-alcantara-mink-coat","status":"publish","type":"product","link":"https:\/\/www.ccmboutique.ro\/ro\/shop\/camille-alcantara-mink-coat\/","title":{"rendered":"Haina Alcantara CAMILLE Mink"},"content":{"rendered":"","protected":false},"excerpt":{"rendered":"<p id=\"tw-target-text\" class=\"tw-data-text tw-text-large tw-ta\" dir=\"ltr\" data-placeholder=\"Traducere\" data-ved=\"2ahUKEwj038_Z8rCJAxVt8bsIHaFcLj0Q3ewLegQIChAU\" aria-label=\"Text tradus: Elegance with attitude \u2013 this Alcantara coat, accessorized with mink fur and python leather inserts, is a statement of bold sophistication. Each texture tells a story of sophistication, created to stand out in any context. Are you ready to redefine luxury?\"><span class=\"Y2IQFc\" lang=\"en\">Elegan\u021b\u0103 cu atitudine &#8211; acest palton alcantara, accesorizat cu blan\u0103 de vizon \u0219i inser\u021bii din piele de piton, este o declara\u021bie de sofisticare \u00eendr\u0103znea\u021b\u0103.<\/span><\/p>\n<p class=\"tw-data-text tw-text-large tw-ta\" dir=\"ltr\" data-placeholder=\"Traducere\" data-ved=\"2ahUKEwj038_Z8rCJAxVt8bsIHaFcLj0Q3ewLegQIChAU\" aria-label=\"Text tradus: Elegance with attitude \u2013 this Alcantara coat, accessorized with mink fur and python leather inserts, is a statement of bold sophistication. Each texture tells a story of sophistication, created to stand out in any context. Are you ready to redefine luxury?\"><span class=\"Y2IQFc\" lang=\"en\">Fiecare textur\u0103 spune o poveste de rafinament, creat\u0103 pentru a ie\u0219i \u00een eviden\u021b\u0103 \u00een orice context.<\/span><\/p>\n<p class=\"tw-data-text tw-text-large tw-ta\" dir=\"ltr\" data-placeholder=\"Traducere\" data-ved=\"2ahUKEwj038_Z8rCJAxVt8bsIHaFcLj0Q3ewLegQIChAU\" aria-label=\"Text tradus: Elegance with attitude \u2013 this Alcantara coat, accessorized with mink fur and python leather inserts, is a statement of bold sophistication. Each texture tells a story of sophistication, created to stand out in any context. Are you ready to redefine luxury?\"><span class=\"Y2IQFc\" lang=\"en\">Sunte\u021bi gata s\u0103 redefini\u021bi luxul?<\/span><\/p>\n<p>Multe dintre modelele noastre sunt disponibile doar prin precomand\u0103 \u2013 create special pentru tine, nu produse \u00een serie.<\/p>\n<p>Detalii la alegere: culoare, materiale, nasturi, guler, buzunare.<\/p>\n<p>Croial\u0103 personalizat\u0103 pentru umeri, bust, talie, \u0219olduri \u0219i lungime.<\/p>\n<p>Odat\u0103 plasarea comenzii, piesa vestimentar\u0103 este rezervat\u0103, croit\u0103 \u0219i livrat\u0103 \u00een termen de 12-15 zile lucr\u0103toare.<\/p>\n<p>Consulta\u021bie individual\u0103 prin WhatsApp, imediat dup\u0103 plasarea comenzii.<\/p>\n","protected":false},"featured_media":5539590,"comment_status":"closed","ping_status":"closed","template":"","meta":[],"product_cat":[444,450],"product_tag":[],"class_list":["post-5539601","product","type-product","status-publish","has-post-thumbnail","hentry","product_cat-femei-2","product_cat-haine-din-alcantara-2"],"acf":[],"_links":{"self":[{"href":"https:\/\/www.ccmboutique.ro\/ro\/wp-json\/wp\/v2\/product\/5539601","targetHints":{"allow":["GET"]}}],"collection":[{"href":"https:\/\/www.ccmboutique.ro\/ro\/wp-json\/wp\/v2\/product"}],"about":[{"href":"https:\/\/www.ccmboutique.ro\/ro\/wp-json\/wp\/v2\/types\/product"}],"replies":[{"embeddable":true,"href":"https:\/\/www.ccmboutique.ro\/ro\/wp-json\/wp\/v2\/comments?post=5539601"}],"version-history":[{"count":1,"href":"https:\/\/www.ccmboutique.ro\/ro\/wp-json\/wp\/v2\/product\/5539601\/revisions"}],"predecessor-version":[{"id":5542859,"href":"https:\/\/www.ccmboutique.ro\/ro\/wp-json\/wp\/v2\/product\/5539601\/revisions\/5542859"}],"wp:featuredmedia":[{"embeddable":true,"href":"https:\/\/www.ccmboutique.ro\/ro\/wp-json\/wp\/v2\/media\/5539590"}],"wp:attachment":[{"href":"https:\/\/www.ccmboutique.ro\/ro\/wp-json\/wp\/v2\/media?parent=5539601"}],"wp:term":[{"taxonomy":"product_cat","embeddable":true,"href":"https:\/\/www.ccmboutique.ro\/ro\/wp-json\/wp\/v2\/product_cat?post=5539601"},{"taxonomy":"product_tag","embeddable":true,"href":"https:\/\/www.ccmboutique.ro\/ro\/wp-json\/wp\/v2\/product_tag?post=5539601"}],"curies":[{"name":"wp","href":"https:\/\/api.w.org\/{rel}","templated":true}]}}