{"id":5539283,"date":"2024-10-23T08:22:03","date_gmt":"2024-10-23T05:22:03","guid":{"rendered":"https:\/\/www.ccmboutique.ro\/shop\/haina-de-blana-dasha-black\/"},"modified":"2024-10-23T13:03:53","modified_gmt":"2024-10-23T10:03:53","slug":"dasha-black-fur-coat","status":"publish","type":"product","link":"https:\/\/www.ccmboutique.ro\/ro\/shop\/dasha-black-fur-coat\/","title":{"rendered":"Haina De Blana DASHA Black"},"content":{"rendered":"","protected":false},"excerpt":{"rendered":"<p id=\"tw-target-text\" class=\"tw-data-text tw-text-large tw-ta\" dir=\"ltr\" data-placeholder=\"Traducere\" data-ved=\"2ahUKEwivhbfE4KOJAxXJh_0HHSMpAGEQ3ewLegQIDxAU\" aria-label=\"Text tradus: Do you dream of a piece of clothing that expresses your unique style and uncompromising elegance? This natural fur coat with a sophisticated V-shaped design is made to turn heads! \u2714\ufe0f Rich, luxuriant fox fur that gives you comfort and sophistication \u2714\ufe0f Customizable in any color, length and size \u2714\ufe0f Elegant closures, at your choice: zipper or clips \u2714\ufe0f Unique design, created especially for you!\"><span class=\"Y2IQFc\" lang=\"en\">Visa\u021bi la o pies\u0103 de \u00eembr\u0103c\u0103minte care s\u0103 v\u0103 exprime stilul unic \u0219i elegan\u021ba f\u0103r\u0103 compromisuri?<\/span><\/p>\n<p class=\"tw-data-text tw-text-large tw-ta\" dir=\"ltr\" data-placeholder=\"Traducere\" data-ved=\"2ahUKEwivhbfE4KOJAxXJh_0HHSMpAGEQ3ewLegQIDxAU\" aria-label=\"Text tradus: Do you dream of a piece of clothing that expresses your unique style and uncompromising elegance? This natural fur coat with a sophisticated V-shaped design is made to turn heads! \u2714\ufe0f Rich, luxuriant fox fur that gives you comfort and sophistication \u2714\ufe0f Customizable in any color, length and size \u2714\ufe0f Elegant closures, at your choice: zipper or clips \u2714\ufe0f Unique design, created especially for you!\"><span class=\"Y2IQFc\" lang=\"en\">Aceast\u0103 hain\u0103 din blan\u0103 natural\u0103 cu un design sofisticat \u00een form\u0103 de V este f\u0103cut\u0103 s\u0103 \u00eentoarc\u0103 privirile!<\/span><\/p>\n<p class=\"tw-data-text tw-text-large tw-ta\" dir=\"ltr\" data-placeholder=\"Traducere\" data-ved=\"2ahUKEwivhbfE4KOJAxXJh_0HHSMpAGEQ3ewLegQIDxAU\" aria-label=\"Text tradus: Do you dream of a piece of clothing that expresses your unique style and uncompromising elegance? This natural fur coat with a sophisticated V-shaped design is made to turn heads! \u2714\ufe0f Rich, luxuriant fox fur that gives you comfort and sophistication \u2714\ufe0f Customizable in any color, length and size \u2714\ufe0f Elegant closures, at your choice: zipper or clips \u2714\ufe0f Unique design, created especially for you!\"><span class=\"Y2IQFc\" lang=\"en\">\u2714\ufe0f Blana de vulpe bogat\u0103, luxuriant\u0103, care v\u0103 ofer\u0103 confort \u0219i rafinament.<\/span><\/p>\n<p class=\"tw-data-text tw-text-large tw-ta\" dir=\"ltr\" data-placeholder=\"Traducere\" data-ved=\"2ahUKEwivhbfE4KOJAxXJh_0HHSMpAGEQ3ewLegQIDxAU\" aria-label=\"Text tradus: Do you dream of a piece of clothing that expresses your unique style and uncompromising elegance? This natural fur coat with a sophisticated V-shaped design is made to turn heads! \u2714\ufe0f Rich, luxuriant fox fur that gives you comfort and sophistication \u2714\ufe0f Customizable in any color, length and size \u2714\ufe0f Elegant closures, at your choice: zipper or clips \u2714\ufe0f Unique design, created especially for you!\"><span class=\"Y2IQFc\" lang=\"en\">\u2714\ufe0f Personalizabil \u00een orice culoare, lungime \u0219i dimensiune.<\/span><\/p>\n<p class=\"tw-data-text tw-text-large tw-ta\" dir=\"ltr\" data-placeholder=\"Traducere\" data-ved=\"2ahUKEwivhbfE4KOJAxXJh_0HHSMpAGEQ3ewLegQIDxAU\" aria-label=\"Text tradus: Do you dream of a piece of clothing that expresses your unique style and uncompromising elegance? This natural fur coat with a sophisticated V-shaped design is made to turn heads! \u2714\ufe0f Rich, luxuriant fox fur that gives you comfort and sophistication \u2714\ufe0f Customizable in any color, length and size \u2714\ufe0f Elegant closures, at your choice: zipper or clips \u2714\ufe0f Unique design, created especially for you!\"><span class=\"Y2IQFc\" lang=\"en\">\u2714\ufe0f \u00cenchideri elegante, la alegere: fermoar sau clipsuri.<\/span><\/p>\n<p class=\"tw-data-text tw-text-large tw-ta\" dir=\"ltr\" data-placeholder=\"Traducere\" data-ved=\"2ahUKEwivhbfE4KOJAxXJh_0HHSMpAGEQ3ewLegQIDxAU\" aria-label=\"Text tradus: Do you dream of a piece of clothing that expresses your unique style and uncompromising elegance? This natural fur coat with a sophisticated V-shaped design is made to turn heads! \u2714\ufe0f Rich, luxuriant fox fur that gives you comfort and sophistication \u2714\ufe0f Customizable in any color, length and size \u2714\ufe0f Elegant closures, at your choice: zipper or clips \u2714\ufe0f Unique design, created especially for you!\"><span class=\"Y2IQFc\" lang=\"en\">\u2714\ufe0f Design unic, creat special pentru tine!<\/span><\/p>\n","protected":false},"featured_media":5539187,"comment_status":"closed","ping_status":"closed","template":"","meta":[],"product_cat":[444,452],"product_tag":[],"class_list":["post-5539283","product","type-product","status-publish","has-post-thumbnail","hentry","product_cat-femei-2","product_cat-haine-din-blana-2"],"acf":[],"_links":{"self":[{"href":"https:\/\/www.ccmboutique.ro\/ro\/wp-json\/wp\/v2\/product\/5539283","targetHints":{"allow":["GET"]}}],"collection":[{"href":"https:\/\/www.ccmboutique.ro\/ro\/wp-json\/wp\/v2\/product"}],"about":[{"href":"https:\/\/www.ccmboutique.ro\/ro\/wp-json\/wp\/v2\/types\/product"}],"replies":[{"embeddable":true,"href":"https:\/\/www.ccmboutique.ro\/ro\/wp-json\/wp\/v2\/comments?post=5539283"}],"version-history":[{"count":1,"href":"https:\/\/www.ccmboutique.ro\/ro\/wp-json\/wp\/v2\/product\/5539283\/revisions"}],"predecessor-version":[{"id":5539291,"href":"https:\/\/www.ccmboutique.ro\/ro\/wp-json\/wp\/v2\/product\/5539283\/revisions\/5539291"}],"wp:featuredmedia":[{"embeddable":true,"href":"https:\/\/www.ccmboutique.ro\/ro\/wp-json\/wp\/v2\/media\/5539187"}],"wp:attachment":[{"href":"https:\/\/www.ccmboutique.ro\/ro\/wp-json\/wp\/v2\/media?parent=5539283"}],"wp:term":[{"taxonomy":"product_cat","embeddable":true,"href":"https:\/\/www.ccmboutique.ro\/ro\/wp-json\/wp\/v2\/product_cat?post=5539283"},{"taxonomy":"product_tag","embeddable":true,"href":"https:\/\/www.ccmboutique.ro\/ro\/wp-json\/wp\/v2\/product_tag?post=5539283"}],"curies":[{"name":"wp","href":"https:\/\/api.w.org\/{rel}","templated":true}]}}