{"id":5539271,"date":"2024-10-23T09:19:27","date_gmt":"2024-10-23T06:19:27","guid":{"rendered":"https:\/\/www.ccmboutique.ro\/shop\/palton-din-shearling-camilla\/"},"modified":"2026-01-27T20:02:45","modified_gmt":"2026-01-27T18:02:45","slug":"camilla-shearling-coat","status":"publish","type":"product","link":"https:\/\/www.ccmboutique.ro\/ro\/shop\/camilla-shearling-coat\/","title":{"rendered":"Cojoc Shearling CAMILLA"},"content":{"rendered":"","protected":false},"excerpt":{"rendered":"<p id=\"tw-target-text\" class=\"tw-data-text tw-text-large tw-ta\" dir=\"ltr\" data-placeholder=\"Traducere\" data-ved=\"2ahUKEwivhbfE4KOJAxXJh_0HHSMpAGEQ3ewLegQIDxAU\" aria-label=\"Text tradus: This exclusive shell, accessorized with natural fox fur and genuine leather inserts, is specially created to give you both the necessary warmth and a luxurious look. With a custom cut to your measurements and available in various colors, it's the ideal piece for winter. You feel protected from the cold, but you look fabulous. Adaptable to any style and body shape. Available in any size and color, completely customized for you. Order now and create your perfect coat for this season! Contact us and we will help you choose the right size and color for you. Be ready to stand out with a luxurious and sophisticated look!\"><span class=\"Y2IQFc\" lang=\"en\">Acest cojoc exclusivist din shearling, accesorizat cu blan\u0103 natural\u0103 de vulpe,piele natural\u0103, este special creat pentru a v\u0103 oferi at\u00e2t c\u0103ldura necesar\u0103, c\u00e2t \u0219i un aspect luxos.<\/span><\/p>\n<p class=\"tw-data-text tw-text-large tw-ta\" dir=\"ltr\" data-placeholder=\"Traducere\" data-ved=\"2ahUKEwivhbfE4KOJAxXJh_0HHSMpAGEQ3ewLegQIDxAU\" aria-label=\"Text tradus: This exclusive shell, accessorized with natural fox fur and genuine leather inserts, is specially created to give you both the necessary warmth and a luxurious look. With a custom cut to your measurements and available in various colors, it's the ideal piece for winter. You feel protected from the cold, but you look fabulous. Adaptable to any style and body shape. Available in any size and color, completely customized for you. Order now and create your perfect coat for this season! Contact us and we will help you choose the right size and color for you. Be ready to stand out with a luxurious and sophisticated look!\"><span class=\"Y2IQFc\" lang=\"en\">Cu o croial\u0103 personalizat\u0103 dup\u0103 m\u0103sur\u0103torile tale \u0219i disponibil\u0103 \u00een diverse culori, este piesa ideal\u0103 pentru iarn\u0103.<\/span><\/p>\n<p class=\"tw-data-text tw-text-large tw-ta\" dir=\"ltr\" data-placeholder=\"Traducere\" data-ved=\"2ahUKEwivhbfE4KOJAxXJh_0HHSMpAGEQ3ewLegQIDxAU\" aria-label=\"Text tradus: This exclusive shell, accessorized with natural fox fur and genuine leather inserts, is specially created to give you both the necessary warmth and a luxurious look. With a custom cut to your measurements and available in various colors, it's the ideal piece for winter. You feel protected from the cold, but you look fabulous. Adaptable to any style and body shape. Available in any size and color, completely customized for you. Order now and create your perfect coat for this season! Contact us and we will help you choose the right size and color for you. Be ready to stand out with a luxurious and sophisticated look!\"><span class=\"Y2IQFc\" lang=\"en\">Te sim\u021bi protejat\u0103 de frig, dar ar\u0103\u021bi fabulos.<\/span><\/p>\n<p class=\"tw-data-text tw-text-large tw-ta\" dir=\"ltr\" data-placeholder=\"Traducere\" data-ved=\"2ahUKEwivhbfE4KOJAxXJh_0HHSMpAGEQ3ewLegQIDxAU\" aria-label=\"Text tradus: This exclusive shell, accessorized with natural fox fur and genuine leather inserts, is specially created to give you both the necessary warmth and a luxurious look. With a custom cut to your measurements and available in various colors, it's the ideal piece for winter. You feel protected from the cold, but you look fabulous. Adaptable to any style and body shape. Available in any size and color, completely customized for you. Order now and create your perfect coat for this season! Contact us and we will help you choose the right size and color for you. Be ready to stand out with a luxurious and sophisticated look!\"><span class=\"Y2IQFc\" lang=\"en\">Adaptabil la orice stil \u0219i form\u0103 a corpului.<\/span><\/p>\n<p class=\"tw-data-text tw-text-large tw-ta\" dir=\"ltr\" data-placeholder=\"Traducere\" data-ved=\"2ahUKEwivhbfE4KOJAxXJh_0HHSMpAGEQ3ewLegQIDxAU\" aria-label=\"Text tradus: This exclusive shell, accessorized with natural fox fur and genuine leather inserts, is specially created to give you both the necessary warmth and a luxurious look. With a custom cut to your measurements and available in various colors, it's the ideal piece for winter. You feel protected from the cold, but you look fabulous. Adaptable to any style and body shape. Available in any size and color, completely customized for you. Order now and create your perfect coat for this season! Contact us and we will help you choose the right size and color for you. Be ready to stand out with a luxurious and sophisticated look!\"><span class=\"Y2IQFc\" lang=\"en\">Disponibil \u00een orice dimensiune \u0219i culoare, complet personalizat pentru dvs.<\/span><\/p>\n<p class=\"tw-data-text tw-text-large tw-ta\" dir=\"ltr\" tabindex=\"-1\" role=\"text\" data-placeholder=\"Traducere\" data-ved=\"2ahUKEwiBn9GG1auSAxWG1AIHHQxpCeQQ3ewLegQIDBAW\" aria-label=\"Text tradus: Genuine shearling coat made to order, according to the client's measurements, from premium natural materials, chosen for their texture, durability and elegance. A unique piece. No series. Each piece is created individually, according to the client's measurements, with attention to details and proportions. We do not work in series, each coat is unique. Details of your choice: buttons, collar, pockets. Personalized cut for shoulders, bust, waist, hips and length. Production time: 7\u201314 working days. After placing the order, a CCM Boutique consultant will contact you to confirm the desired dimensions and details. Exclusive design and handmade.\"><span class=\"Y2IQFc\" lang=\"en\">Fiecare pies\u0103 este creat\u0103 individual, conform m\u0103sur\u0103torilor clientei, cu aten\u021bie la detalii \u0219i propor\u021bii.<\/span><\/p>\n<p class=\"tw-data-text tw-text-large tw-ta\" dir=\"ltr\" tabindex=\"-1\" role=\"text\" data-placeholder=\"Traducere\" data-ved=\"2ahUKEwiBn9GG1auSAxWG1AIHHQxpCeQQ3ewLegQIDBAW\" aria-label=\"Text tradus: Genuine shearling coat made to order, according to the client's measurements, from premium natural materials, chosen for their texture, durability and elegance. A unique piece. No series. Each piece is created individually, according to the client's measurements, with attention to details and proportions. We do not work in series, each coat is unique. Details of your choice: buttons, collar, pockets. Personalized cut for shoulders, bust, waist, hips and length. Production time: 7\u201314 working days. After placing the order, a CCM Boutique consultant will contact you to confirm the desired dimensions and details. Exclusive design and handmade.\"><span class=\"Y2IQFc\" lang=\"en\">Nu lucr\u0103m \u00een serie, fiecare cojoc este unic.<\/span><\/p>\n<p class=\"tw-data-text tw-text-large tw-ta\" dir=\"ltr\" tabindex=\"-1\" role=\"text\" data-placeholder=\"Traducere\" data-ved=\"2ahUKEwiBn9GG1auSAxWG1AIHHQxpCeQQ3ewLegQIDBAW\" aria-label=\"Text tradus: Genuine shearling coat made to order, according to the client's measurements, from premium natural materials, chosen for their texture, durability and elegance. A unique piece. No series. Each piece is created individually, according to the client's measurements, with attention to details and proportions. We do not work in series, each coat is unique. Details of your choice: buttons, collar, pockets. Personalized cut for shoulders, bust, waist, hips and length. Production time: 7\u201314 working days. After placing the order, a CCM Boutique consultant will contact you to confirm the desired dimensions and details. Exclusive design and handmade.\"><span class=\"Y2IQFc\" lang=\"en\">Detalii la alegere: nasturi, fermoare, guler, buzunare.<\/span><\/p>\n<p class=\"tw-data-text tw-text-large tw-ta\" dir=\"ltr\" tabindex=\"-1\" role=\"text\" data-placeholder=\"Traducere\" data-ved=\"2ahUKEwiBn9GG1auSAxWG1AIHHQxpCeQQ3ewLegQIDBAW\" aria-label=\"Text tradus: Genuine shearling coat made to order, according to the client's measurements, from premium natural materials, chosen for their texture, durability and elegance. A unique piece. No series. Each piece is created individually, according to the client's measurements, with attention to details and proportions. We do not work in series, each coat is unique. Details of your choice: buttons, collar, pockets. Personalized cut for shoulders, bust, waist, hips and length. Production time: 7\u201314 working days. After placing the order, a CCM Boutique consultant will contact you to confirm the desired dimensions and details. Exclusive design and handmade.\"><span class=\"Y2IQFc\" lang=\"en\">Croial\u0103 personalizat\u0103 pentru umeri, bust, talie, \u0219olduri \u0219i lungime.<\/span><\/p>\n<p class=\"tw-data-text tw-text-large tw-ta\" dir=\"ltr\" tabindex=\"-1\" role=\"text\" data-placeholder=\"Traducere\" data-ved=\"2ahUKEwiBn9GG1auSAxWG1AIHHQxpCeQQ3ewLegQIDBAW\" aria-label=\"Text tradus: Genuine shearling coat made to order, according to the client's measurements, from premium natural materials, chosen for their texture, durability and elegance. A unique piece. No series. Each piece is created individually, according to the client's measurements, with attention to details and proportions. We do not work in series, each coat is unique. Details of your choice: buttons, collar, pockets. Personalized cut for shoulders, bust, waist, hips and length. Production time: 7\u201314 working days. After placing the order, a CCM Boutique consultant will contact you to confirm the desired dimensions and details. Exclusive design and handmade.\"><span class=\"Y2IQFc\" lang=\"en\">Timp de produc\u021bie: 7\u201314 zile lucr\u0103toare.<\/span><\/p>\n<p class=\"tw-data-text tw-text-large tw-ta\" dir=\"ltr\" tabindex=\"-1\" role=\"text\" data-placeholder=\"Traducere\" data-ved=\"2ahUKEwiBn9GG1auSAxWG1AIHHQxpCeQQ3ewLegQIDBAW\" aria-label=\"Text tradus: Genuine shearling coat made to order, according to the client's measurements, from premium natural materials, chosen for their texture, durability and elegance. A unique piece. No series. Each piece is created individually, according to the client's measurements, with attention to details and proportions. We do not work in series, each coat is unique. Details of your choice: buttons, collar, pockets. Personalized cut for shoulders, bust, waist, hips and length. Production time: 7\u201314 working days. After placing the order, a CCM Boutique consultant will contact you to confirm the desired dimensions and details. Exclusive design and handmade.\"><span class=\"Y2IQFc\" lang=\"en\">Dup\u0103 plasarea comenzii, un consultant CCM Boutique v\u0103 va contacta pentru a confirma dimensiunile \u0219i detaliile dorite.<\/span><\/p>\n","protected":false},"featured_media":5539234,"comment_status":"closed","ping_status":"closed","template":"","meta":[],"product_cat":[446,444],"product_tag":[],"class_list":["post-5539271","product","type-product","status-publish","has-post-thumbnail","hentry","product_cat-cojoace-shearling","product_cat-femei-2"],"acf":[],"_links":{"self":[{"href":"https:\/\/www.ccmboutique.ro\/ro\/wp-json\/wp\/v2\/product\/5539271","targetHints":{"allow":["GET"]}}],"collection":[{"href":"https:\/\/www.ccmboutique.ro\/ro\/wp-json\/wp\/v2\/product"}],"about":[{"href":"https:\/\/www.ccmboutique.ro\/ro\/wp-json\/wp\/v2\/types\/product"}],"replies":[{"embeddable":true,"href":"https:\/\/www.ccmboutique.ro\/ro\/wp-json\/wp\/v2\/comments?post=5539271"}],"version-history":[{"count":2,"href":"https:\/\/www.ccmboutique.ro\/ro\/wp-json\/wp\/v2\/product\/5539271\/revisions"}],"predecessor-version":[{"id":5543457,"href":"https:\/\/www.ccmboutique.ro\/ro\/wp-json\/wp\/v2\/product\/5539271\/revisions\/5543457"}],"wp:featuredmedia":[{"embeddable":true,"href":"https:\/\/www.ccmboutique.ro\/ro\/wp-json\/wp\/v2\/media\/5539234"}],"wp:attachment":[{"href":"https:\/\/www.ccmboutique.ro\/ro\/wp-json\/wp\/v2\/media?parent=5539271"}],"wp:term":[{"taxonomy":"product_cat","embeddable":true,"href":"https:\/\/www.ccmboutique.ro\/ro\/wp-json\/wp\/v2\/product_cat?post=5539271"},{"taxonomy":"product_tag","embeddable":true,"href":"https:\/\/www.ccmboutique.ro\/ro\/wp-json\/wp\/v2\/product_tag?post=5539271"}],"curies":[{"name":"wp","href":"https:\/\/api.w.org\/{rel}","templated":true}]}}